{"id":27105,"date":"2024-11-11T15:52:10","date_gmt":"2024-11-11T14:52:10","guid":{"rendered":"https:\/\/vitalstoffversand.com\/produkt\/vit4ever-probio-25-complex-180-kapsulek\/"},"modified":"2026-03-16T11:02:10","modified_gmt":"2026-03-16T10:02:10","slug":"vit4ever-probio-25-complex-180-kapsulek","status":"publish","type":"product","link":"https:\/\/vitalstoffversand.com\/pl\/produkt-pl\/vit4ever-probio-25-complex-180-kapsulek\/","title":{"rendered":"Vit4ever <br>Probio 25 Complex &#8211; 180 kapsu\u0142ek"},"content":{"rendered":"<p>Nasze jelita s\u0105 wa\u017cnym o\u015brodkiem naszego zdrowia i s\u0105 skolonizowane przez setki r\u00f3\u017cnych rodzaj\u00f3w bakterii jelitowych.<\/p>\n<p>R\u00f3wnowaga mi\u0119dzy \u201edobrymi\u201d i \u201ez\u0142ymi\u201d bakteriami jelitowymi cz\u0119sto zostaje zachwiana, np. z powodu niezr\u00f3wnowa\u017conej diety, dlatego powinni\u015bmy interweniowa\u0107, aby j\u0105 wspiera\u0107.<\/p>\n<p>Probio 25 Complex zawiera 25 r\u00f3\u017cnych i doskonale zharmonizowanych szczep\u00f3w bakterii, kt\u00f3re pomagaj\u0105 przywr\u00f3ci\u0107 zdrow\u0105 r\u00f3wnowag\u0119 bakterii jelitowych.<\/p>\n<p>Produkt zawiera r\u00f3wnie\u017c inulin\u0119, kt\u00f3ra zapewnia bakteriom \u017ar\u00f3d\u0142o sk\u0142adnik\u00f3w od\u017cywczych od samego pocz\u0105tku.<\/p>\n<p>Kapsu\u0142ki Bright JC Caps zapewniaj\u0105, \u017ce bakterie nie s\u0105 niszczone przez kwas \u017co\u0142\u0105dkowy, poniewa\u017c ich uwalnianie jest op\u00f3\u017anione w jelicie cienkim.<\/p>\n<ul>\n<li>Wegetaria\u0144skie<\/li>\n<li>Bez glutenu<\/li>\n<li>Bez laktozy<\/li>\n<li>Bez GMO<\/li>\n<li>Wyprodukowane zgodnie z surowymi normami jako\u015bci UE<\/li>\n<\/ul>\n","protected":false},"excerpt":{"rendered":"<p>Nasze jelita s\u0105 wa\u017cnym o\u015brodkiem naszego zdrowia i s\u0105 skolonizowane przez setki r\u00f3\u017cnych rodzaj\u00f3w bakterii jelitowych. R\u00f3wnowaga mi\u0119dzy \u201edobrymi\u201d i \u201ez\u0142ymi\u201d bakteriami jelitowymi cz\u0119sto zostaje zachwiana, np. z powodu niezr\u00f3wnowa\u017conej diety, dlatego powinni\u015bmy interweniowa\u0107, aby j\u0105 wspiera\u0107. Probio 25 Complex zawiera 25 r\u00f3\u017cnych i doskonale zharmonizowanych szczep\u00f3w bakterii, kt\u00f3re pomagaj\u0105 przywr\u00f3ci\u0107 zdrow\u0105 r\u00f3wnowag\u0119 bakterii jelitowych. [&hellip;]<\/p>\n","protected":false},"featured_media":60073,"template":"","meta":{"_acf_changed":false},"product_brand":[10220],"product_cat":[560,569],"product_tag":[],"class_list":{"0":"post-27105","1":"product","2":"type-product","3":"status-publish","4":"has-post-thumbnail","6":"product_brand-vit4ever-pl","7":"product_cat-skladniki-odzywcze","8":"product_cat-produkty-od-a-z","10":"first","11":"outofstock","12":"taxable","13":"shipping-taxable","14":"purchasable","15":"product-type-simple"},"acf":[],"_links":{"self":[{"href":"https:\/\/vitalstoffversand.com\/pl\/wp-json\/wp\/v2\/product\/27105","targetHints":{"allow":["GET"]}}],"collection":[{"href":"https:\/\/vitalstoffversand.com\/pl\/wp-json\/wp\/v2\/product"}],"about":[{"href":"https:\/\/vitalstoffversand.com\/pl\/wp-json\/wp\/v2\/types\/product"}],"wp:featuredmedia":[{"embeddable":true,"href":"https:\/\/vitalstoffversand.com\/pl\/wp-json\/wp\/v2\/media\/60073"}],"wp:attachment":[{"href":"https:\/\/vitalstoffversand.com\/pl\/wp-json\/wp\/v2\/media?parent=27105"}],"wp:term":[{"taxonomy":"product_brand","embeddable":true,"href":"https:\/\/vitalstoffversand.com\/pl\/wp-json\/wp\/v2\/product_brand?post=27105"},{"taxonomy":"product_cat","embeddable":true,"href":"https:\/\/vitalstoffversand.com\/pl\/wp-json\/wp\/v2\/product_cat?post=27105"},{"taxonomy":"product_tag","embeddable":true,"href":"https:\/\/vitalstoffversand.com\/pl\/wp-json\/wp\/v2\/product_tag?post=27105"}],"curies":[{"name":"wp","href":"https:\/\/api.w.org\/{rel}","templated":true}]}}