{"id":27075,"date":"2024-11-11T15:49:50","date_gmt":"2024-11-11T14:49:50","guid":{"rendered":"https:\/\/vitalstoffversand.com\/produkt\/vit4ever-zelazo-witamina-c-365-tabletek\/"},"modified":"2026-03-16T10:53:41","modified_gmt":"2026-03-16T09:53:41","slug":"vit4ever-zelazo-witamina-c-365-tabletek","status":"publish","type":"product","link":"https:\/\/vitalstoffversand.com\/pl\/produkt-pl\/vit4ever-zelazo-witamina-c-365-tabletek\/","title":{"rendered":"Vit4ever <br>\u017belazo + Witamina C &#8211; 365 tabletek"},"content":{"rendered":"<p>Zar\u00f3wno <span style=\"color: #0000ff;\"><strong><a style=\"color: #0000ff;\" href=\"https:\/\/vitalstoffversand.com\/knowledge-base\/eisen\/\" target=\"_blank\" rel=\"noopener\">\u2192 \u017celazo<\/a><\/strong><\/span>jak i <span style=\"color: #0000ff;\"><strong><a style=\"color: #0000ff;\" href=\"https:\/\/vitalstoffversand.com\/knowledge-base\/vitamin-c\/\" target=\"_blank\" rel=\"noopener\">\u2192 witamina C<\/a><\/strong><\/span> pe\u0142ni\u0105 wiele wa\u017cnych funkcji w naszym organizmie.<\/p>\n<p>Bisglicynian \u017celaza zastosowany w tym produkcie jest bardzo \u0142atwo przyswajalny i ma dobre w\u0142a\u015bciwo\u015bci absorpcyjne.<\/p>\n<p>Jest r\u00f3wnie\u017c idealny dla wegetarian i wegan.<\/p>\n<ul>\n<li>Wegan<\/li>\n<li>Bez glutenu<\/li>\n<li>Bez laktozy<\/li>\n<li>Bez GMO<\/li>\n<li>Wyprodukowane zgodnie z surowymi normami jako\u015bci UE<\/li>\n<\/ul>\n","protected":false},"excerpt":{"rendered":"<p>Zar\u00f3wno \u2192 \u017celazojak i \u2192 witamina C pe\u0142ni\u0105 wiele wa\u017cnych funkcji w naszym organizmie. Bisglicynian \u017celaza zastosowany w tym produkcie jest bardzo \u0142atwo przyswajalny i ma dobre w\u0142a\u015bciwo\u015bci absorpcyjne. Jest r\u00f3wnie\u017c idealny dla wegetarian i wegan. Wegan Bez glutenu Bez laktozy Bez GMO Wyprodukowane zgodnie z surowymi normami jako\u015bci UE<\/p>\n","protected":false},"featured_media":54281,"template":"","meta":{"_acf_changed":false},"product_brand":[10220],"product_cat":[556,569],"product_tag":[],"class_list":{"0":"post-27075","1":"product","2":"type-product","3":"status-publish","4":"has-post-thumbnail","6":"product_brand-vit4ever-pl","7":"product_cat-mineraly-i-pierwiastki-sladowe","8":"product_cat-produkty-od-a-z","10":"first","11":"instock","12":"taxable","13":"shipping-taxable","14":"purchasable","15":"product-type-simple"},"acf":[],"_links":{"self":[{"href":"https:\/\/vitalstoffversand.com\/pl\/wp-json\/wp\/v2\/product\/27075","targetHints":{"allow":["GET"]}}],"collection":[{"href":"https:\/\/vitalstoffversand.com\/pl\/wp-json\/wp\/v2\/product"}],"about":[{"href":"https:\/\/vitalstoffversand.com\/pl\/wp-json\/wp\/v2\/types\/product"}],"wp:featuredmedia":[{"embeddable":true,"href":"https:\/\/vitalstoffversand.com\/pl\/wp-json\/wp\/v2\/media\/54281"}],"wp:attachment":[{"href":"https:\/\/vitalstoffversand.com\/pl\/wp-json\/wp\/v2\/media?parent=27075"}],"wp:term":[{"taxonomy":"product_brand","embeddable":true,"href":"https:\/\/vitalstoffversand.com\/pl\/wp-json\/wp\/v2\/product_brand?post=27075"},{"taxonomy":"product_cat","embeddable":true,"href":"https:\/\/vitalstoffversand.com\/pl\/wp-json\/wp\/v2\/product_cat?post=27075"},{"taxonomy":"product_tag","embeddable":true,"href":"https:\/\/vitalstoffversand.com\/pl\/wp-json\/wp\/v2\/product_tag?post=27075"}],"curies":[{"name":"wp","href":"https:\/\/api.w.org\/{rel}","templated":true}]}}