{"id":27072,"date":"2024-11-11T15:35:54","date_gmt":"2024-11-11T14:35:54","guid":{"rendered":"https:\/\/vitalstoffversand.com\/produkt\/vit4ever-buforowana-witamina-c-365-kapsulek\/"},"modified":"2026-03-15T18:53:15","modified_gmt":"2026-03-15T17:53:15","slug":"vit4ever-buforowana-witamina-c-365-kapsulek","status":"publish","type":"product","link":"https:\/\/vitalstoffversand.com\/pl\/produkt-pl\/vit4ever-buforowana-witamina-c-365-kapsulek\/","title":{"rendered":"Vit4ever <br>Buforowana witamina C &#8211; 365 kapsu\u0142ek"},"content":{"rendered":"<p>\u201eBuforowana\u201d <a href=\"https:\/\/vitalstoffversand.com\/knowledge-base\/vitamin-c\/\" target=\"_blank\" rel=\"noopener\"><strong><span style=\"color: #0000ff;\">\u2192 witamina C<\/span><\/strong><\/a>, tutaj w postaci askorbinianu wapnia (L-askorbinian wapnia), jest uwalniana r\u00f3wnomiernie do organizmu w ma\u0142ych ilo\u015bciach przez kilka godzin (efekt uwalniania w czasie), a jednocze\u015bnie ma bardzo wysok\u0105 biodost\u0119pno\u015b\u0107.<\/p>\n<p>Ze wzgl\u0119du na wi\u0105zanie z wapniem, jest on r\u00f3wnie\u017c uwa\u017cany za szczeg\u00f3lnie dobrze tolerowany.<\/p>\n<p>Witamina C spe\u0142nia szereg zada\u0144 w naszym organizmie i jest uwa\u017cana za silny przeciwutleniacz.<\/p>\n<ul>\n<li>Wegan<\/li>\n<li>Bez glutenu<\/li>\n<li>Bez laktozy<\/li>\n<li>Bez GMO<\/li>\n<li>Wyprodukowane zgodnie z surowymi normami jako\u015bci UE<\/li>\n<\/ul>\n","protected":false},"excerpt":{"rendered":"<p>\u201eBuforowana\u201d \u2192 witamina C, tutaj w postaci askorbinianu wapnia (L-askorbinian wapnia), jest uwalniana r\u00f3wnomiernie do organizmu w ma\u0142ych ilo\u015bciach przez kilka godzin (efekt uwalniania w czasie), a jednocze\u015bnie ma bardzo wysok\u0105 biodost\u0119pno\u015b\u0107. Ze wzgl\u0119du na wi\u0105zanie z wapniem, jest on r\u00f3wnie\u017c uwa\u017cany za szczeg\u00f3lnie dobrze tolerowany. Witamina C spe\u0142nia szereg zada\u0144 w naszym organizmie i [&hellip;]<\/p>\n","protected":false},"featured_media":54049,"template":"","meta":{"_acf_changed":false},"product_brand":[10220],"product_cat":[564,569],"product_tag":[],"class_list":{"0":"post-27072","1":"product","2":"type-product","3":"status-publish","4":"has-post-thumbnail","6":"product_brand-vit4ever-pl","7":"product_cat-witaminy","8":"product_cat-produkty-od-a-z","10":"first","11":"instock","12":"taxable","13":"shipping-taxable","14":"purchasable","15":"product-type-simple"},"acf":[],"_links":{"self":[{"href":"https:\/\/vitalstoffversand.com\/pl\/wp-json\/wp\/v2\/product\/27072","targetHints":{"allow":["GET"]}}],"collection":[{"href":"https:\/\/vitalstoffversand.com\/pl\/wp-json\/wp\/v2\/product"}],"about":[{"href":"https:\/\/vitalstoffversand.com\/pl\/wp-json\/wp\/v2\/types\/product"}],"wp:featuredmedia":[{"embeddable":true,"href":"https:\/\/vitalstoffversand.com\/pl\/wp-json\/wp\/v2\/media\/54049"}],"wp:attachment":[{"href":"https:\/\/vitalstoffversand.com\/pl\/wp-json\/wp\/v2\/media?parent=27072"}],"wp:term":[{"taxonomy":"product_brand","embeddable":true,"href":"https:\/\/vitalstoffversand.com\/pl\/wp-json\/wp\/v2\/product_brand?post=27072"},{"taxonomy":"product_cat","embeddable":true,"href":"https:\/\/vitalstoffversand.com\/pl\/wp-json\/wp\/v2\/product_cat?post=27072"},{"taxonomy":"product_tag","embeddable":true,"href":"https:\/\/vitalstoffversand.com\/pl\/wp-json\/wp\/v2\/product_tag?post=27072"}],"curies":[{"name":"wp","href":"https:\/\/api.w.org\/{rel}","templated":true}]}}