{"id":27070,"date":"2024-11-11T15:24:51","date_gmt":"2024-11-11T14:24:51","guid":{"rendered":"https:\/\/vitalstoffversand.com\/produkt\/vit4ever-liposomalny-kompleks-witaminy-c-240-kapsulek\/"},"modified":"2026-03-15T18:49:08","modified_gmt":"2026-03-15T17:49:08","slug":"vit4ever-liposomalny-kompleks-witaminy-c-240-kapsulek","status":"publish","type":"product","link":"https:\/\/vitalstoffversand.com\/pl\/produkt-pl\/vit4ever-liposomalny-kompleks-witaminy-c-240-kapsulek\/","title":{"rendered":"Vit4ever <br>Liposomalny kompleks witaminy C &#8211; 240 kapsu\u0142ek"},"content":{"rendered":"<p><a href=\"https:\/\/vitalstoffversand.com\/knowledge-base\/vitamin-c\/\" target=\"_blank\" rel=\"noopener\"><span style=\"color: #0000ff;\"><strong>\u2192 Witamina C<\/strong><\/span><\/a> jest jedn\u0105 z najbardziej znanych i najwa\u017cniejszych witamin, kt\u00f3re musimy pozyskiwa\u0107 z naszej diety.<\/p>\n<p>Po\u0142\u0105czenie z naturalnymi, rozpuszczalnymi w t\u0142uszczach fosfolipidami i palmitynianem askorbylu (estrem C) jako rozpuszczaln\u0105 w t\u0142uszczach form\u0105 witaminy C powoduje znacznie lepsze wch\u0142anianie w jelicie.<\/p>\n<ul>\n<li>Wegan<\/li>\n<li>Bez glutenu<\/li>\n<li>Bez laktozy<\/li>\n<li>Bez GMO<\/li>\n<li>Wyprodukowane zgodnie z surowymi normami jako\u015bci UE<\/li>\n<\/ul>\n","protected":false},"excerpt":{"rendered":"<p>\u2192 Witamina C jest jedn\u0105 z najbardziej znanych i najwa\u017cniejszych witamin, kt\u00f3re musimy pozyskiwa\u0107 z naszej diety. Po\u0142\u0105czenie z naturalnymi, rozpuszczalnymi w t\u0142uszczach fosfolipidami i palmitynianem askorbylu (estrem C) jako rozpuszczaln\u0105 w t\u0142uszczach form\u0105 witaminy C powoduje znacznie lepsze wch\u0142anianie w jelicie. Wegan Bez glutenu Bez laktozy Bez GMO Wyprodukowane zgodnie z surowymi normami jako\u015bci [&hellip;]<\/p>\n","protected":false},"featured_media":53969,"template":"","meta":{"_acf_changed":false},"product_brand":[10220],"product_cat":[564,569],"product_tag":[],"class_list":{"0":"post-27070","1":"product","2":"type-product","3":"status-publish","4":"has-post-thumbnail","6":"product_brand-vit4ever-pl","7":"product_cat-witaminy","8":"product_cat-produkty-od-a-z","10":"first","11":"instock","12":"taxable","13":"shipping-taxable","14":"purchasable","15":"product-type-simple"},"acf":[],"_links":{"self":[{"href":"https:\/\/vitalstoffversand.com\/pl\/wp-json\/wp\/v2\/product\/27070","targetHints":{"allow":["GET"]}}],"collection":[{"href":"https:\/\/vitalstoffversand.com\/pl\/wp-json\/wp\/v2\/product"}],"about":[{"href":"https:\/\/vitalstoffversand.com\/pl\/wp-json\/wp\/v2\/types\/product"}],"wp:featuredmedia":[{"embeddable":true,"href":"https:\/\/vitalstoffversand.com\/pl\/wp-json\/wp\/v2\/media\/53969"}],"wp:attachment":[{"href":"https:\/\/vitalstoffversand.com\/pl\/wp-json\/wp\/v2\/media?parent=27070"}],"wp:term":[{"taxonomy":"product_brand","embeddable":true,"href":"https:\/\/vitalstoffversand.com\/pl\/wp-json\/wp\/v2\/product_brand?post=27070"},{"taxonomy":"product_cat","embeddable":true,"href":"https:\/\/vitalstoffversand.com\/pl\/wp-json\/wp\/v2\/product_cat?post=27070"},{"taxonomy":"product_tag","embeddable":true,"href":"https:\/\/vitalstoffversand.com\/pl\/wp-json\/wp\/v2\/product_tag?post=27070"}],"curies":[{"name":"wp","href":"https:\/\/api.w.org\/{rel}","templated":true}]}}