{"id":27067,"date":"2024-11-11T15:30:16","date_gmt":"2024-11-11T14:30:16","guid":{"rendered":"https:\/\/vitalstoffversand.com\/produkt\/vit4ever-olej-rybny-omega-3-intenso-rozne-ilosci\/"},"modified":"2026-03-17T18:38:44","modified_gmt":"2026-03-17T17:38:44","slug":"vit4ever-olej-rybny-omega-3-intenso-rozne-ilosci","status":"publish","type":"product","link":"https:\/\/vitalstoffversand.com\/pl\/produkt-pl\/vit4ever-olej-rybny-omega-3-intenso-rozne-ilosci\/","title":{"rendered":"Vit4ever <br>Omega 3 Intenso \u2013 olej rybny \u2013 120 kapsu\u0142ek"},"content":{"rendered":"<p>Kwasy t\u0142uszczowe omega 3 s\u0105 niezb\u0119dne dla naszego organizmu i musz\u0105 by\u0107 przyjmowane z po\u017cywieniem.<\/p>\n<p>Omega 3 Intenso Softgel Capsules to produkt absolutnie premium, charakteryzuj\u0105cy si\u0119 ponadprzeci\u0119tn\u0105 zawarto\u015bci\u0105 80% czystych kwas\u00f3w t\u0142uszczowych omega 3, kt\u00f3re dostarczaj\u0105 400 mg <a href=\"https:\/\/vitalstoffversand.com\/knowledge-base\/eicosapentaensaeure-und-docosahexaensaeure-epa-dha\/\" target=\"_blank\" rel=\"noopener\"><strong><span style=\"color: #0000ff;\">\u2192 EPA (kwas eikozapentaenowy)<\/span><\/strong><\/a> i 300 mg <a href=\"https:\/\/vitalstoffversand.com\/knowledge-base\/docosahexaensaeure-dha\/\" target=\"_blank\" rel=\"noopener\"><strong><span style=\"color: #0000ff;\">\u2192 DHA (kwas dokozaheksenowy)<\/span><\/strong><\/a> w najwy\u017cszej biodost\u0119pnej formie (tr\u00f3jgliceryd).<\/p>\n<ul>\n<li>Bez glutenu<\/li>\n<li>Bez laktozy<\/li>\n<li>Bez GMO<\/li>\n<li>Wyprodukowane zgodnie z surowymi normami jako\u015bci UE<\/li>\n<\/ul>\n","protected":false},"excerpt":{"rendered":"<p>Kwasy t\u0142uszczowe omega 3 s\u0105 niezb\u0119dne dla naszego organizmu i musz\u0105 by\u0107 przyjmowane z po\u017cywieniem. Omega 3 Intenso Softgel Capsules to produkt absolutnie premium, charakteryzuj\u0105cy si\u0119 ponadprzeci\u0119tn\u0105 zawarto\u015bci\u0105 80% czystych kwas\u00f3w t\u0142uszczowych omega 3, kt\u00f3re dostarczaj\u0105 400 mg \u2192 EPA (kwas eikozapentaenowy) i 300 mg \u2192 DHA (kwas dokozaheksenowy) w najwy\u017cszej biodost\u0119pnej formie (tr\u00f3jgliceryd). Bez [&hellip;]<\/p>\n","protected":false},"featured_media":53921,"template":"","meta":{"_acf_changed":false},"product_brand":[10220],"product_cat":[553,569],"product_tag":[],"class_list":{"0":"post-27067","1":"product","2":"type-product","3":"status-publish","4":"has-post-thumbnail","6":"product_brand-vit4ever-pl","7":"product_cat-kwasy-tluszczowe","8":"product_cat-produkty-od-a-z","10":"first","11":"instock","12":"taxable","13":"shipping-taxable","14":"purchasable","15":"product-type-simple"},"acf":[],"_links":{"self":[{"href":"https:\/\/vitalstoffversand.com\/pl\/wp-json\/wp\/v2\/product\/27067","targetHints":{"allow":["GET"]}}],"collection":[{"href":"https:\/\/vitalstoffversand.com\/pl\/wp-json\/wp\/v2\/product"}],"about":[{"href":"https:\/\/vitalstoffversand.com\/pl\/wp-json\/wp\/v2\/types\/product"}],"wp:featuredmedia":[{"embeddable":true,"href":"https:\/\/vitalstoffversand.com\/pl\/wp-json\/wp\/v2\/media\/53921"}],"wp:attachment":[{"href":"https:\/\/vitalstoffversand.com\/pl\/wp-json\/wp\/v2\/media?parent=27067"}],"wp:term":[{"taxonomy":"product_brand","embeddable":true,"href":"https:\/\/vitalstoffversand.com\/pl\/wp-json\/wp\/v2\/product_brand?post=27067"},{"taxonomy":"product_cat","embeddable":true,"href":"https:\/\/vitalstoffversand.com\/pl\/wp-json\/wp\/v2\/product_cat?post=27067"},{"taxonomy":"product_tag","embeddable":true,"href":"https:\/\/vitalstoffversand.com\/pl\/wp-json\/wp\/v2\/product_tag?post=27067"}],"curies":[{"name":"wp","href":"https:\/\/api.w.org\/{rel}","templated":true}]}}