{"id":27063,"date":"2024-11-11T15:15:30","date_gmt":"2024-11-11T14:15:30","guid":{"rendered":"https:\/\/vitalstoffversand.com\/produkt\/vit4ever-kompleks-enzymow-180-kapsulek\/"},"modified":"2026-03-15T18:25:18","modified_gmt":"2026-03-15T17:25:18","slug":"vit4ever-kompleks-enzymow-180-kapsulek","status":"publish","type":"product","link":"https:\/\/vitalstoffversand.com\/pl\/produkt-pl\/vit4ever-kompleks-enzymow-180-kapsulek\/","title":{"rendered":"Vit4ever <br>Kompleks enzym\u00f3w &#8211; 180 kapsu\u0142ek"},"content":{"rendered":"<p>Enzyme Complex to kompozycja rutyny, ekstraktu z korzenia goryczki, betainy i 15 r\u00f3\u017cnych enzym\u00f3w, kt\u00f3re maj\u0105 r\u00f3\u017cne, ale zharmonizowane dzia\u0142anie na nasze trawienie i zdrowie jelit.<\/p>\n<p>Enzymy lub suplementy enzymatyczne powinny by\u0107 zawsze przyjmowane z jedzeniem, a dzi\u0119ki kapsu\u0142ce powlekanej dojelitowo docieraj\u0105 do jelita w stanie nienaruszonym, gdzie mog\u0105 nast\u0119pnie rozwin\u0105\u0107 swoje pe\u0142ne dzia\u0142anie.<\/p>\n<ul>\n<li>Wegan<\/li>\n<li>Bez glutenu<\/li>\n<li>Bez laktozy<\/li>\n<li>Bez GMO<\/li>\n<li>Wyprodukowane zgodnie z surowymi normami jako\u015bci UE<\/li>\n<\/ul>\n","protected":false},"excerpt":{"rendered":"<p>Enzyme Complex to kompozycja rutyny, ekstraktu z korzenia goryczki, betainy i 15 r\u00f3\u017cnych enzym\u00f3w, kt\u00f3re maj\u0105 r\u00f3\u017cne, ale zharmonizowane dzia\u0142anie na nasze trawienie i zdrowie jelit. Enzymy lub suplementy enzymatyczne powinny by\u0107 zawsze przyjmowane z jedzeniem, a dzi\u0119ki kapsu\u0142ce powlekanej dojelitowo docieraj\u0105 do jelita w stanie nienaruszonym, gdzie mog\u0105 nast\u0119pnie rozwin\u0105\u0107 swoje pe\u0142ne dzia\u0142anie. Wegan [&hellip;]<\/p>\n","protected":false},"featured_media":53809,"template":"","meta":{"_acf_changed":false},"product_brand":[10220],"product_cat":[560,569],"product_tag":[],"class_list":{"0":"post-27063","1":"product","2":"type-product","3":"status-publish","4":"has-post-thumbnail","6":"product_brand-vit4ever-pl","7":"product_cat-skladniki-odzywcze","8":"product_cat-produkty-od-a-z","10":"first","11":"instock","12":"taxable","13":"shipping-taxable","14":"purchasable","15":"product-type-simple"},"acf":[],"_links":{"self":[{"href":"https:\/\/vitalstoffversand.com\/pl\/wp-json\/wp\/v2\/product\/27063","targetHints":{"allow":["GET"]}}],"collection":[{"href":"https:\/\/vitalstoffversand.com\/pl\/wp-json\/wp\/v2\/product"}],"about":[{"href":"https:\/\/vitalstoffversand.com\/pl\/wp-json\/wp\/v2\/types\/product"}],"wp:featuredmedia":[{"embeddable":true,"href":"https:\/\/vitalstoffversand.com\/pl\/wp-json\/wp\/v2\/media\/53809"}],"wp:attachment":[{"href":"https:\/\/vitalstoffversand.com\/pl\/wp-json\/wp\/v2\/media?parent=27063"}],"wp:term":[{"taxonomy":"product_brand","embeddable":true,"href":"https:\/\/vitalstoffversand.com\/pl\/wp-json\/wp\/v2\/product_brand?post=27063"},{"taxonomy":"product_cat","embeddable":true,"href":"https:\/\/vitalstoffversand.com\/pl\/wp-json\/wp\/v2\/product_cat?post=27063"},{"taxonomy":"product_tag","embeddable":true,"href":"https:\/\/vitalstoffversand.com\/pl\/wp-json\/wp\/v2\/product_tag?post=27063"}],"curies":[{"name":"wp","href":"https:\/\/api.w.org\/{rel}","templated":true}]}}