{"id":27062,"date":"2024-11-11T15:13:36","date_gmt":"2024-11-11T14:13:36","guid":{"rendered":"https:\/\/vitalstoffversand.com\/produkt\/vit4ever-ekstrakt-z-kurkumy-intenso-180-kapsulek\/"},"modified":"2026-03-15T18:19:58","modified_gmt":"2026-03-15T17:19:58","slug":"vit4ever-ekstrakt-z-kurkumy-intenso-180-kapsulek","status":"publish","type":"product","link":"https:\/\/vitalstoffversand.com\/pl\/produkt-pl\/vit4ever-ekstrakt-z-kurkumy-intenso-180-kapsulek\/","title":{"rendered":"Vit4ever <br>Ekstrakt z kurkumy Intenso &#8211; 180 kapsu\u0142ek"},"content":{"rendered":"<p>Kurkuma to nie tylko przyprawa, ale dzi\u0119ki zawartej w niej kurkuminie tak\u017ce \u015brodek leczniczy stosowany od wiek\u00f3w w tradycyjnej medycynie indyjskiej.<\/p>\n<p>Ka\u017cda kapsu\u0142ka ekstraktu zawiera 257,5 mg kurkuminy\/kurkuminoid\u00f3w, co odpowiada spo\u017cyciu 17,15 g zwyk\u0142ej kurkumy w proszku (2,5% zawarto\u015bci kurkuminy).<\/p>\n<p>Wch\u0142anianie kurkuminoid\u00f3w jest wzmocnione przez aktywny sk\u0142adnik wzmacniaj\u0105cy ekstrakt z czarnego pieprzu z piperyn\u0105.<\/p>\n<ul>\n<li>Wegan<\/li>\n<li>Bez glutenu<\/li>\n<li>Bez laktozy<\/li>\n<li>Bez GMO<\/li>\n<li>Wyprodukowane zgodnie z surowymi normami jako\u015bci UE<\/li>\n<\/ul>\n","protected":false},"excerpt":{"rendered":"<p>Kurkuma to nie tylko przyprawa, ale dzi\u0119ki zawartej w niej kurkuminie tak\u017ce \u015brodek leczniczy stosowany od wiek\u00f3w w tradycyjnej medycynie indyjskiej. Ka\u017cda kapsu\u0142ka ekstraktu zawiera 257,5 mg kurkuminy\/kurkuminoid\u00f3w, co odpowiada spo\u017cyciu 17,15 g zwyk\u0142ej kurkumy w proszku (2,5% zawarto\u015bci kurkuminy). Wch\u0142anianie kurkuminoid\u00f3w jest wzmocnione przez aktywny sk\u0142adnik wzmacniaj\u0105cy ekstrakt z czarnego pieprzu z piperyn\u0105. Wegan [&hellip;]<\/p>\n","protected":false},"featured_media":53769,"template":"","meta":{"_acf_changed":false},"product_brand":[10220],"product_cat":[560,569],"product_tag":[],"class_list":{"0":"post-27062","1":"product","2":"type-product","3":"status-publish","4":"has-post-thumbnail","6":"product_brand-vit4ever-pl","7":"product_cat-skladniki-odzywcze","8":"product_cat-produkty-od-a-z","10":"first","11":"instock","12":"taxable","13":"shipping-taxable","14":"purchasable","15":"product-type-simple"},"acf":[],"_links":{"self":[{"href":"https:\/\/vitalstoffversand.com\/pl\/wp-json\/wp\/v2\/product\/27062","targetHints":{"allow":["GET"]}}],"collection":[{"href":"https:\/\/vitalstoffversand.com\/pl\/wp-json\/wp\/v2\/product"}],"about":[{"href":"https:\/\/vitalstoffversand.com\/pl\/wp-json\/wp\/v2\/types\/product"}],"wp:featuredmedia":[{"embeddable":true,"href":"https:\/\/vitalstoffversand.com\/pl\/wp-json\/wp\/v2\/media\/53769"}],"wp:attachment":[{"href":"https:\/\/vitalstoffversand.com\/pl\/wp-json\/wp\/v2\/media?parent=27062"}],"wp:term":[{"taxonomy":"product_brand","embeddable":true,"href":"https:\/\/vitalstoffversand.com\/pl\/wp-json\/wp\/v2\/product_brand?post=27062"},{"taxonomy":"product_cat","embeddable":true,"href":"https:\/\/vitalstoffversand.com\/pl\/wp-json\/wp\/v2\/product_cat?post=27062"},{"taxonomy":"product_tag","embeddable":true,"href":"https:\/\/vitalstoffversand.com\/pl\/wp-json\/wp\/v2\/product_tag?post=27062"}],"curies":[{"name":"wp","href":"https:\/\/api.w.org\/{rel}","templated":true}]}}