{"id":27057,"date":"2024-11-11T15:10:08","date_gmt":"2024-11-11T14:10:08","guid":{"rendered":"https:\/\/vitalstoffversand.com\/produkt\/vit4ever-potas-240-kapsulek\/"},"modified":"2026-03-16T11:59:30","modified_gmt":"2026-03-16T10:59:30","slug":"vit4ever-potas-240-kapsulek","status":"publish","type":"product","link":"https:\/\/vitalstoffversand.com\/pl\/produkt-pl\/vit4ever-potas-240-kapsulek\/","title":{"rendered":"Vit4ever <br>Potas \u2013 365 kapsu\u0142ek"},"content":{"rendered":"<p>Potas (tutaj jako cytrynian potasu) jest minera\u0142em lub elektrolitem i musi by\u0107 spo\u017cywany codziennie z jedzeniem.<\/p>\n<p>Odgrywa wa\u017cn\u0105 rol\u0119 w nawodnieniu naszych kom\u00f3rek, a tak\u017ce w kontroli naszych mi\u0119\u015bni i komunikacji naszych kom\u00f3rek nerwowych.<\/p>\n<p>Niezr\u00f3wnowa\u017cona i \u201eniezdrowa\u201d dieta mo\u017ce prowadzi\u0107 do braku r\u00f3wnowagi mi\u0119dzy sodem (sol\u0105) a potasem, dlatego suplementacja potasu mo\u017ce by\u0107 konieczna lub wskazana w niekt\u00f3rych przypadkach.<\/p>\n<ul>\n<li>Wegan<\/li>\n<li>Bez glutenu<\/li>\n<li>Bez laktozy<\/li>\n<li>Bez GMO<\/li>\n<li>Wyprodukowane zgodnie z surowymi normami jako\u015bci UE<\/li>\n<\/ul>\n","protected":false},"excerpt":{"rendered":"<p>Potas (tutaj jako cytrynian potasu) jest minera\u0142em lub elektrolitem i musi by\u0107 spo\u017cywany codziennie z jedzeniem. Odgrywa wa\u017cn\u0105 rol\u0119 w nawodnieniu naszych kom\u00f3rek, a tak\u017ce w kontroli naszych mi\u0119\u015bni i komunikacji naszych kom\u00f3rek nerwowych. Niezr\u00f3wnowa\u017cona i \u201eniezdrowa\u201d dieta mo\u017ce prowadzi\u0107 do braku r\u00f3wnowagi mi\u0119dzy sodem (sol\u0105) a potasem, dlatego suplementacja potasu mo\u017ce by\u0107 konieczna lub [&hellip;]<\/p>\n","protected":false},"featured_media":54801,"template":"","meta":{"_acf_changed":false},"product_brand":[10220],"product_cat":[556,569],"product_tag":[],"class_list":{"0":"post-27057","1":"product","2":"type-product","3":"status-publish","4":"has-post-thumbnail","6":"product_brand-vit4ever-pl","7":"product_cat-mineraly-i-pierwiastki-sladowe","8":"product_cat-produkty-od-a-z","10":"first","11":"instock","12":"taxable","13":"shipping-taxable","14":"purchasable","15":"product-type-simple"},"acf":[],"_links":{"self":[{"href":"https:\/\/vitalstoffversand.com\/pl\/wp-json\/wp\/v2\/product\/27057","targetHints":{"allow":["GET"]}}],"collection":[{"href":"https:\/\/vitalstoffversand.com\/pl\/wp-json\/wp\/v2\/product"}],"about":[{"href":"https:\/\/vitalstoffversand.com\/pl\/wp-json\/wp\/v2\/types\/product"}],"wp:featuredmedia":[{"embeddable":true,"href":"https:\/\/vitalstoffversand.com\/pl\/wp-json\/wp\/v2\/media\/54801"}],"wp:attachment":[{"href":"https:\/\/vitalstoffversand.com\/pl\/wp-json\/wp\/v2\/media?parent=27057"}],"wp:term":[{"taxonomy":"product_brand","embeddable":true,"href":"https:\/\/vitalstoffversand.com\/pl\/wp-json\/wp\/v2\/product_brand?post=27057"},{"taxonomy":"product_cat","embeddable":true,"href":"https:\/\/vitalstoffversand.com\/pl\/wp-json\/wp\/v2\/product_cat?post=27057"},{"taxonomy":"product_tag","embeddable":true,"href":"https:\/\/vitalstoffversand.com\/pl\/wp-json\/wp\/v2\/product_tag?post=27057"}],"curies":[{"name":"wp","href":"https:\/\/api.w.org\/{rel}","templated":true}]}}