{"id":27056,"date":"2024-11-11T14:59:56","date_gmt":"2024-11-11T13:59:56","guid":{"rendered":"https:\/\/vitalstoffversand.com\/produkt\/vit4ever-ekstrakt-z-granatu-240-kapsulek\/"},"modified":"2026-03-15T18:13:58","modified_gmt":"2026-03-15T17:13:58","slug":"vit4ever-ekstrakt-z-granatu-240-kapsulek","status":"publish","type":"product","link":"https:\/\/vitalstoffversand.com\/pl\/produkt-pl\/vit4ever-ekstrakt-z-granatu-240-kapsulek\/","title":{"rendered":"Vit4ever <br>Ekstrakt z granatu &#8211; 240 kapsu\u0142ek"},"content":{"rendered":"<p>Granat ma wysok\u0105 zawarto\u015b\u0107 naturalnych polifenoli, kt\u00f3re s\u0105 przeciwutleniaczami, a tak\u017ce jest bogaty w potas, \u017celazo i witaminy z grupy B.<\/p>\n<p>Ekstrakt z granatu zawiera wyj\u0105tkowo du\u017c\u0105 ilo\u015b\u0107 polifenolowego kwasu elagowego, kt\u00f3ry w tym produkcie wyst\u0119puje na poziomie 40%.<\/p>\n<ul>\n<li>Wegan<\/li>\n<li>Bez glutenu<\/li>\n<li>Bez laktozy<\/li>\n<li>Bez GMO<\/li>\n<li>Wyprodukowane zgodnie z surowymi normami jako\u015bci UE<\/li>\n<\/ul>\n","protected":false},"excerpt":{"rendered":"<p>Granat ma wysok\u0105 zawarto\u015b\u0107 naturalnych polifenoli, kt\u00f3re s\u0105 przeciwutleniaczami, a tak\u017ce jest bogaty w potas, \u017celazo i witaminy z grupy B. Ekstrakt z granatu zawiera wyj\u0105tkowo du\u017c\u0105 ilo\u015b\u0107 polifenolowego kwasu elagowego, kt\u00f3ry w tym produkcie wyst\u0119puje na poziomie 40%. Wegan Bez glutenu Bez laktozy Bez GMO Wyprodukowane zgodnie z surowymi normami jako\u015bci UE<\/p>\n","protected":false},"featured_media":53633,"template":"","meta":{"_acf_changed":false},"product_brand":[10220],"product_cat":[560,569],"product_tag":[],"class_list":{"0":"post-27056","1":"product","2":"type-product","3":"status-publish","4":"has-post-thumbnail","6":"product_brand-vit4ever-pl","7":"product_cat-skladniki-odzywcze","8":"product_cat-produkty-od-a-z","10":"first","11":"instock","12":"taxable","13":"shipping-taxable","14":"purchasable","15":"product-type-simple"},"acf":[],"_links":{"self":[{"href":"https:\/\/vitalstoffversand.com\/pl\/wp-json\/wp\/v2\/product\/27056","targetHints":{"allow":["GET"]}}],"collection":[{"href":"https:\/\/vitalstoffversand.com\/pl\/wp-json\/wp\/v2\/product"}],"about":[{"href":"https:\/\/vitalstoffversand.com\/pl\/wp-json\/wp\/v2\/types\/product"}],"wp:featuredmedia":[{"embeddable":true,"href":"https:\/\/vitalstoffversand.com\/pl\/wp-json\/wp\/v2\/media\/53633"}],"wp:attachment":[{"href":"https:\/\/vitalstoffversand.com\/pl\/wp-json\/wp\/v2\/media?parent=27056"}],"wp:term":[{"taxonomy":"product_brand","embeddable":true,"href":"https:\/\/vitalstoffversand.com\/pl\/wp-json\/wp\/v2\/product_brand?post=27056"},{"taxonomy":"product_cat","embeddable":true,"href":"https:\/\/vitalstoffversand.com\/pl\/wp-json\/wp\/v2\/product_cat?post=27056"},{"taxonomy":"product_tag","embeddable":true,"href":"https:\/\/vitalstoffversand.com\/pl\/wp-json\/wp\/v2\/product_tag?post=27056"}],"curies":[{"name":"wp","href":"https:\/\/api.w.org\/{rel}","templated":true}]}}