{"id":27051,"date":"2024-11-11T14:53:57","date_gmt":"2024-11-11T13:53:57","guid":{"rendered":"https:\/\/vitalstoffversand.com\/produkt\/vit4ever-melatonina-365-tabletek\/"},"modified":"2026-03-15T18:10:54","modified_gmt":"2026-03-15T17:10:54","slug":"vit4ever-melatonina-365-tabletek","status":"publish","type":"product","link":"https:\/\/vitalstoffversand.com\/pl\/produkt-pl\/vit4ever-melatonina-365-tabletek\/","title":{"rendered":"Vit4ever <br>Melatonina &#8211; 365 tabletek"},"content":{"rendered":"<p>Melatonina jest hormonem snu organizmu i kontroluje nasz rytm dnia i nocy, czyli nasz \u201ewewn\u0119trzny zegar\u201d, z pomoc\u0105 swojego \u201eodpowiednika\u201d kortyzolu.<br \/>\nJest to zatem najbardziej naturalna forma promocji snu.<\/p>\n<p>W przypadku zaburze\u0144 snu lepiej jest zatem stosowa\u0107 w\u0142asny hormon naszego organizmu ni\u017c chemiczn\u0105 pigu\u0142k\u0119 nasenn\u0105, kt\u00f3ra w wielu przypadkach mo\u017ce r\u00f3wnie\u017c powodowa\u0107 uzale\u017cnienia i nietolerancje. Niebezpiecze\u0144stwo to nie wyst\u0119puje w przypadku melatoniny.<\/p>\n<p>Melatonin\u0119 mo\u017cna r\u00f3wnie\u017c \u0142atwo \u0142\u0105czy\u0107 z innymi substancjami uspokajaj\u0105cymi, takimi jak chmiel, waleriana lub podobne, bez wywo\u0142ywania niepo\u017c\u0105danych efekt\u00f3w.<\/p>\n<ul>\n<li>Wegan<\/li>\n<li>Bez glutenu<\/li>\n<li>Bez laktozy<\/li>\n<li>Bez GMO<\/li>\n<li>Wyprodukowane zgodnie z surowymi normami jako\u015bci UE<\/li>\n<\/ul>\n","protected":false},"excerpt":{"rendered":"<p>Melatonina jest hormonem snu organizmu i kontroluje nasz rytm dnia i nocy, czyli nasz \u201ewewn\u0119trzny zegar\u201d, z pomoc\u0105 swojego \u201eodpowiednika\u201d kortyzolu. Jest to zatem najbardziej naturalna forma promocji snu. W przypadku zaburze\u0144 snu lepiej jest zatem stosowa\u0107 w\u0142asny hormon naszego organizmu ni\u017c chemiczn\u0105 pigu\u0142k\u0119 nasenn\u0105, kt\u00f3ra w wielu przypadkach mo\u017ce r\u00f3wnie\u017c powodowa\u0107 uzale\u017cnienia i nietolerancje. [&hellip;]<\/p>\n","protected":false},"featured_media":53561,"template":"","meta":{"_acf_changed":false},"product_brand":[10220],"product_cat":[560,569],"product_tag":[],"class_list":{"0":"post-27051","1":"product","2":"type-product","3":"status-publish","4":"has-post-thumbnail","6":"product_brand-vit4ever-pl","7":"product_cat-skladniki-odzywcze","8":"product_cat-produkty-od-a-z","10":"first","11":"outofstock","12":"taxable","13":"shipping-taxable","14":"purchasable","15":"product-type-simple"},"acf":[],"_links":{"self":[{"href":"https:\/\/vitalstoffversand.com\/pl\/wp-json\/wp\/v2\/product\/27051","targetHints":{"allow":["GET"]}}],"collection":[{"href":"https:\/\/vitalstoffversand.com\/pl\/wp-json\/wp\/v2\/product"}],"about":[{"href":"https:\/\/vitalstoffversand.com\/pl\/wp-json\/wp\/v2\/types\/product"}],"wp:featuredmedia":[{"embeddable":true,"href":"https:\/\/vitalstoffversand.com\/pl\/wp-json\/wp\/v2\/media\/53561"}],"wp:attachment":[{"href":"https:\/\/vitalstoffversand.com\/pl\/wp-json\/wp\/v2\/media?parent=27051"}],"wp:term":[{"taxonomy":"product_brand","embeddable":true,"href":"https:\/\/vitalstoffversand.com\/pl\/wp-json\/wp\/v2\/product_brand?post=27051"},{"taxonomy":"product_cat","embeddable":true,"href":"https:\/\/vitalstoffversand.com\/pl\/wp-json\/wp\/v2\/product_cat?post=27051"},{"taxonomy":"product_tag","embeddable":true,"href":"https:\/\/vitalstoffversand.com\/pl\/wp-json\/wp\/v2\/product_tag?post=27051"}],"curies":[{"name":"wp","href":"https:\/\/api.w.org\/{rel}","templated":true}]}}