{"id":27015,"date":"2024-11-11T14:33:19","date_gmt":"2024-11-11T13:33:19","guid":{"rendered":"https:\/\/vitalstoffversand.com\/produkt\/vit4ever-organiczna-ashwagandha-365-kapsulek\/"},"modified":"2026-03-15T17:44:29","modified_gmt":"2026-03-15T16:44:29","slug":"vit4ever-organiczna-ashwagandha-365-kapsulek","status":"publish","type":"product","link":"https:\/\/vitalstoffversand.com\/pl\/produkt-pl\/vit4ever-organiczna-ashwagandha-365-kapsulek\/","title":{"rendered":"Vit4ever <br>Organiczna Ashwagandha &#8211; 365 kapsu\u0142ek"},"content":{"rendered":"<p>Organiczna Ashwagandha (Withania Sominifera) zawiera r\u00f3\u017cnorodne substancje ro\u015blinne, zw\u0142aszcza w korzeniach, takie jak alkaloidy anaferyna, anahygryna, cuscohygrina, nikotyna, tropina, withasomnina i withanolidy somniferanolide, somniwithanolide, withaferin A i withasomniferanolide.<\/p>\n<p>Ashwagandha, znana r\u00f3wnie\u017c jako jagoda nasenna, jest z powodzeniem stosowana w medycynie ajurwedyjskiej i jest r\u00f3wnie\u017c badana w krajach zachodnich pod k\u0105tem jej mo\u017cliwego dzia\u0142ania uspokajaj\u0105cego i redukuj\u0105cego stres.<\/p>\n<ul>\n<li>Wegan<\/li>\n<li>Bez glutenu<\/li>\n<li>Bez laktozy<\/li>\n<li>Bez GMO<\/li>\n<li>Wyprodukowane zgodnie z surowymi normami jako\u015bci UE<\/li>\n<\/ul>\n","protected":false},"excerpt":{"rendered":"<p>Organiczna Ashwagandha (Withania Sominifera) zawiera r\u00f3\u017cnorodne substancje ro\u015blinne, zw\u0142aszcza w korzeniach, takie jak alkaloidy anaferyna, anahygryna, cuscohygrina, nikotyna, tropina, withasomnina i withanolidy somniferanolide, somniwithanolide, withaferin A i withasomniferanolide. Ashwagandha, znana r\u00f3wnie\u017c jako jagoda nasenna, jest z powodzeniem stosowana w medycynie ajurwedyjskiej i jest r\u00f3wnie\u017c badana w krajach zachodnich pod k\u0105tem jej mo\u017cliwego dzia\u0142ania uspokajaj\u0105cego i [&hellip;]<\/p>\n","protected":false},"featured_media":53129,"template":"","meta":{"_acf_changed":false},"product_brand":[10220],"product_cat":[560,569],"product_tag":[],"class_list":{"0":"post-27015","1":"product","2":"type-product","3":"status-publish","4":"has-post-thumbnail","6":"product_brand-vit4ever-pl","7":"product_cat-skladniki-odzywcze","8":"product_cat-produkty-od-a-z","10":"first","11":"outofstock","12":"taxable","13":"shipping-taxable","14":"purchasable","15":"product-type-simple"},"acf":[],"_links":{"self":[{"href":"https:\/\/vitalstoffversand.com\/pl\/wp-json\/wp\/v2\/product\/27015","targetHints":{"allow":["GET"]}}],"collection":[{"href":"https:\/\/vitalstoffversand.com\/pl\/wp-json\/wp\/v2\/product"}],"about":[{"href":"https:\/\/vitalstoffversand.com\/pl\/wp-json\/wp\/v2\/types\/product"}],"wp:featuredmedia":[{"embeddable":true,"href":"https:\/\/vitalstoffversand.com\/pl\/wp-json\/wp\/v2\/media\/53129"}],"wp:attachment":[{"href":"https:\/\/vitalstoffversand.com\/pl\/wp-json\/wp\/v2\/media?parent=27015"}],"wp:term":[{"taxonomy":"product_brand","embeddable":true,"href":"https:\/\/vitalstoffversand.com\/pl\/wp-json\/wp\/v2\/product_brand?post=27015"},{"taxonomy":"product_cat","embeddable":true,"href":"https:\/\/vitalstoffversand.com\/pl\/wp-json\/wp\/v2\/product_cat?post=27015"},{"taxonomy":"product_tag","embeddable":true,"href":"https:\/\/vitalstoffversand.com\/pl\/wp-json\/wp\/v2\/product_tag?post=27015"}],"curies":[{"name":"wp","href":"https:\/\/api.w.org\/{rel}","templated":true}]}}