{"id":27009,"date":"2024-11-11T14:28:54","date_gmt":"2024-11-11T13:28:54","guid":{"rendered":"https:\/\/vitalstoffversand.com\/produkt\/vit4ever-organiczna-trawa-jeczmienna-365-kapsulek\/"},"modified":"2026-03-15T17:44:29","modified_gmt":"2026-03-15T16:44:29","slug":"vit4ever-organiczna-trawa-jeczmienna-365-kapsulek","status":"publish","type":"product","link":"https:\/\/vitalstoffversand.com\/pl\/produkt-pl\/vit4ever-organiczna-trawa-jeczmienna-365-kapsulek\/","title":{"rendered":"Vit4ever <br>Organiczna trawa j\u0119czmienna &#8211; 365 kapsu\u0142ek"},"content":{"rendered":"<p>Organiczna trawa j\u0119czmienna w proszku jest bardzo dobrze tolerowana i jest wytwarzana z m\u0142odych, \u015bwie\u017cych \u017ad\u017abe\u0142, kt\u00f3re maj\u0105 szczeg\u00f3lnie wysok\u0105 zawarto\u015b\u0107 sk\u0142adnik\u00f3w od\u017cywczych.<\/p>\n<p>W por\u00f3wnaniu z sokiem z trawy j\u0119czmiennej, innymi zbo\u017cami lub ro\u015blinami str\u0105czkowymi, proszek z trawy Gesten ma bardzo wysok\u0105 zawarto\u015b\u0107 b\u0142onnika i dlatego mo\u017ce mie\u0107 pozytywny wp\u0142yw na trawienie.<\/p>\n<ul>\n<li>Wegan<\/li>\n<li>Bez glutenu<\/li>\n<li>Bez laktozy<\/li>\n<li>Bez GMO<\/li>\n<li>Wyprodukowane zgodnie z surowymi normami jako\u015bci UE<\/li>\n<\/ul>\n","protected":false},"excerpt":{"rendered":"<p>Organiczna trawa j\u0119czmienna w proszku jest bardzo dobrze tolerowana i jest wytwarzana z m\u0142odych, \u015bwie\u017cych \u017ad\u017abe\u0142, kt\u00f3re maj\u0105 szczeg\u00f3lnie wysok\u0105 zawarto\u015b\u0107 sk\u0142adnik\u00f3w od\u017cywczych. W por\u00f3wnaniu z sokiem z trawy j\u0119czmiennej, innymi zbo\u017cami lub ro\u015blinami str\u0105czkowymi, proszek z trawy Gesten ma bardzo wysok\u0105 zawarto\u015b\u0107 b\u0142onnika i dlatego mo\u017ce mie\u0107 pozytywny wp\u0142yw na trawienie. Wegan Bez glutenu [&hellip;]<\/p>\n","protected":false},"featured_media":53105,"template":"","meta":{"_acf_changed":false},"product_brand":[10220],"product_cat":[560,540,569],"product_tag":[],"class_list":{"0":"post-27009","1":"product","2":"type-product","3":"status-publish","4":"has-post-thumbnail","6":"product_brand-vit4ever-pl","7":"product_cat-skladniki-odzywcze","8":"product_cat-organiczny","9":"product_cat-produkty-od-a-z","11":"first","12":"instock","13":"taxable","14":"shipping-taxable","15":"purchasable","16":"product-type-simple"},"acf":[],"_links":{"self":[{"href":"https:\/\/vitalstoffversand.com\/pl\/wp-json\/wp\/v2\/product\/27009","targetHints":{"allow":["GET"]}}],"collection":[{"href":"https:\/\/vitalstoffversand.com\/pl\/wp-json\/wp\/v2\/product"}],"about":[{"href":"https:\/\/vitalstoffversand.com\/pl\/wp-json\/wp\/v2\/types\/product"}],"wp:featuredmedia":[{"embeddable":true,"href":"https:\/\/vitalstoffversand.com\/pl\/wp-json\/wp\/v2\/media\/53105"}],"wp:attachment":[{"href":"https:\/\/vitalstoffversand.com\/pl\/wp-json\/wp\/v2\/media?parent=27009"}],"wp:term":[{"taxonomy":"product_brand","embeddable":true,"href":"https:\/\/vitalstoffversand.com\/pl\/wp-json\/wp\/v2\/product_brand?post=27009"},{"taxonomy":"product_cat","embeddable":true,"href":"https:\/\/vitalstoffversand.com\/pl\/wp-json\/wp\/v2\/product_cat?post=27009"},{"taxonomy":"product_tag","embeddable":true,"href":"https:\/\/vitalstoffversand.com\/pl\/wp-json\/wp\/v2\/product_tag?post=27009"}],"curies":[{"name":"wp","href":"https:\/\/api.w.org\/{rel}","templated":true}]}}