{"id":27008,"date":"2025-01-02T18:04:25","date_gmt":"2025-01-02T17:04:25","guid":{"rendered":"https:\/\/vitalstoffversand.com\/produkt\/vit4ever-maslo-z-orzechow-nerkowca-smooth-1000-g\/"},"modified":"2026-03-15T17:32:55","modified_gmt":"2026-03-15T16:32:55","slug":"vit4ever-maslo-z-orzechow-nerkowca-smooth-1000-g","status":"publish","type":"product","link":"https:\/\/vitalstoffversand.com\/pl\/produkt-pl\/vit4ever-maslo-z-orzechow-nerkowca-smooth-1000-g\/","title":{"rendered":"Vit4ever <br>Mas\u0142o z orzech\u00f3w nerkowca Smooth &#8211; 1000 g"},"content":{"rendered":"<p>Cashew Butter Smooth sk\u0142ada si\u0119 w 100% z pra\u017conych orzech\u00f3w nerkowca i ma naturalny smak.<\/p>\n<p>Ulepsz swoje desery i wypieki lub u\u017cyj tej kremowej rozkoszy jako pysznego i zdrowego smarowid\u0142a.<\/p>\n<p>Uwaga: W przypadku tego produktu normalnym zjawiskiem jest wyp\u0142ywanie oleju na powierzchni\u0119. Wystarczy kr\u00f3tko wymiesza\u0107, aby przywr\u00f3ci\u0107 kremow\u0105 konsystencj\u0119. <\/p>\n<ul>\n<li>wega\u0144ski<\/li>\n<li>Bezglutenowy<\/li>\n<li>Bez dodatku cukru, oleju palmowego i soli<\/li>\n<\/ul>\n","protected":false},"excerpt":{"rendered":"<p>Cashew Butter Smooth sk\u0142ada si\u0119 w 100% z pra\u017conych orzech\u00f3w nerkowca i ma naturalny smak. Ulepsz swoje desery i wypieki lub u\u017cyj tej kremowej rozkoszy jako pysznego i zdrowego smarowid\u0142a. Uwaga: W przypadku tego produktu normalnym zjawiskiem jest wyp\u0142ywanie oleju na powierzchni\u0119. Wystarczy kr\u00f3tko wymiesza\u0107, aby przywr\u00f3ci\u0107 kremow\u0105 konsystencj\u0119. wega\u0144ski Bezglutenowy Bez dodatku cukru, oleju [&hellip;]<\/p>\n","protected":false},"featured_media":53065,"template":"","meta":{"_acf_changed":false},"product_brand":[10220],"product_cat":[549,569],"product_tag":[],"class_list":{"0":"post-27008","1":"product","2":"type-product","3":"status-publish","4":"has-post-thumbnail","6":"product_brand-vit4ever-pl","7":"product_cat-gotowanie-i-przekaski","8":"product_cat-produkty-od-a-z","10":"first","11":"outofstock","12":"taxable","13":"shipping-taxable","14":"purchasable","15":"product-type-simple"},"acf":[],"_links":{"self":[{"href":"https:\/\/vitalstoffversand.com\/pl\/wp-json\/wp\/v2\/product\/27008","targetHints":{"allow":["GET"]}}],"collection":[{"href":"https:\/\/vitalstoffversand.com\/pl\/wp-json\/wp\/v2\/product"}],"about":[{"href":"https:\/\/vitalstoffversand.com\/pl\/wp-json\/wp\/v2\/types\/product"}],"wp:featuredmedia":[{"embeddable":true,"href":"https:\/\/vitalstoffversand.com\/pl\/wp-json\/wp\/v2\/media\/53065"}],"wp:attachment":[{"href":"https:\/\/vitalstoffversand.com\/pl\/wp-json\/wp\/v2\/media?parent=27008"}],"wp:term":[{"taxonomy":"product_brand","embeddable":true,"href":"https:\/\/vitalstoffversand.com\/pl\/wp-json\/wp\/v2\/product_brand?post=27008"},{"taxonomy":"product_cat","embeddable":true,"href":"https:\/\/vitalstoffversand.com\/pl\/wp-json\/wp\/v2\/product_cat?post=27008"},{"taxonomy":"product_tag","embeddable":true,"href":"https:\/\/vitalstoffversand.com\/pl\/wp-json\/wp\/v2\/product_tag?post=27008"}],"curies":[{"name":"wp","href":"https:\/\/api.w.org\/{rel}","templated":true}]}}