{"id":27002,"date":"2024-11-11T14:26:33","date_gmt":"2024-11-11T13:26:33","guid":{"rendered":"https:\/\/vitalstoffversand.com\/produkt\/vit4ever-mieszanka-masla-orzechowego-orzechy-ziemne-nerkowca-migdaly-1000-g\/"},"modified":"2026-03-15T17:26:28","modified_gmt":"2026-03-15T16:26:28","slug":"vit4ever-mieszanka-masla-orzechowego-orzechy-ziemne-nerkowca-migdaly-1000-g","status":"publish","type":"product","link":"https:\/\/vitalstoffversand.com\/pl\/produkt-pl\/vit4ever-mieszanka-masla-orzechowego-orzechy-ziemne-nerkowca-migdaly-1000-g\/","title":{"rendered":"Vit4ever <br>Mieszanka mas\u0142a orzechowego &#8211; orzechy ziemne + nerkowca + migda\u0142y &#8211; 1000 g"},"content":{"rendered":"<p>Mieszanka mas\u0142a orzechowego sk\u0142ada si\u0119 w 60% z pra\u017conych orzeszk\u00f3w ziemnych, w 30% z orzech\u00f3w nerkowca i w 10% z migda\u0142\u00f3w.<\/p>\n<p>Jest wysokiej jako\u015bci \u017ar\u00f3d\u0142em bia\u0142ka i nienasyconych kwas\u00f3w t\u0142uszczowych oraz zawiera wiele minera\u0142\u00f3w i witamin, takich jak potas, magnez, witamina E, witaminy z grupy B, a tak\u017ce b\u0142onnik.<\/p>\n<p>Jako pasta do smarowania lub do uszlachetniania deser\u00f3w i wypiek\u00f3w.<\/p>\n<p>Uwaga: Unoszenie si\u0119 oleju na powierzchni jest zjawiskiem normalnym w przypadku mas\u0142a orzechowego i produkt\u00f3w kremowych. Wystarczy wymiesza\u0107, aby przywr\u00f3ci\u0107 kremow\u0105 konsystencj\u0119. <\/p>\n<ul>\n<li>wega\u0144ski<\/li>\n<li>Bezglutenowy<\/li>\n<li>Bez dodatku cukru, oleju palmowego i soli<\/li>\n<li>Bogaty w nienasycone i naturalne kwasy t\u0142uszczowe (43,7%)<\/li>\n<\/ul>\n","protected":false},"excerpt":{"rendered":"<p>Mieszanka mas\u0142a orzechowego sk\u0142ada si\u0119 w 60% z pra\u017conych orzeszk\u00f3w ziemnych, w 30% z orzech\u00f3w nerkowca i w 10% z migda\u0142\u00f3w. Jest wysokiej jako\u015bci \u017ar\u00f3d\u0142em bia\u0142ka i nienasyconych kwas\u00f3w t\u0142uszczowych oraz zawiera wiele minera\u0142\u00f3w i witamin, takich jak potas, magnez, witamina E, witaminy z grupy B, a tak\u017ce b\u0142onnik. Jako pasta do smarowania lub do [&hellip;]<\/p>\n","protected":false},"featured_media":52985,"template":"","meta":{"_acf_changed":false},"product_brand":[10220],"product_cat":[549,569],"product_tag":[],"class_list":{"0":"post-27002","1":"product","2":"type-product","3":"status-publish","4":"has-post-thumbnail","6":"product_brand-vit4ever-pl","7":"product_cat-gotowanie-i-przekaski","8":"product_cat-produkty-od-a-z","10":"first","11":"instock","12":"taxable","13":"shipping-taxable","14":"purchasable","15":"product-type-simple"},"acf":[],"_links":{"self":[{"href":"https:\/\/vitalstoffversand.com\/pl\/wp-json\/wp\/v2\/product\/27002","targetHints":{"allow":["GET"]}}],"collection":[{"href":"https:\/\/vitalstoffversand.com\/pl\/wp-json\/wp\/v2\/product"}],"about":[{"href":"https:\/\/vitalstoffversand.com\/pl\/wp-json\/wp\/v2\/types\/product"}],"wp:featuredmedia":[{"embeddable":true,"href":"https:\/\/vitalstoffversand.com\/pl\/wp-json\/wp\/v2\/media\/52985"}],"wp:attachment":[{"href":"https:\/\/vitalstoffversand.com\/pl\/wp-json\/wp\/v2\/media?parent=27002"}],"wp:term":[{"taxonomy":"product_brand","embeddable":true,"href":"https:\/\/vitalstoffversand.com\/pl\/wp-json\/wp\/v2\/product_brand?post=27002"},{"taxonomy":"product_cat","embeddable":true,"href":"https:\/\/vitalstoffversand.com\/pl\/wp-json\/wp\/v2\/product_cat?post=27002"},{"taxonomy":"product_tag","embeddable":true,"href":"https:\/\/vitalstoffversand.com\/pl\/wp-json\/wp\/v2\/product_tag?post=27002"}],"curies":[{"name":"wp","href":"https:\/\/api.w.org\/{rel}","templated":true}]}}