{"id":26991,"date":"2024-11-11T14:23:55","date_gmt":"2024-11-11T13:23:55","guid":{"rendered":"https:\/\/vitalstoffversand.com\/produkt\/vit4ever-koenzym-q10-rozne-ilosci\/"},"modified":"2026-03-15T17:36:42","modified_gmt":"2026-03-15T16:36:42","slug":"vit4ever-koenzym-q10-rozne-ilosci","status":"publish","type":"product","link":"https:\/\/vitalstoffversand.com\/pl\/produkt-pl\/vit4ever-koenzym-q10-rozne-ilosci\/","title":{"rendered":"Vit4ever <br>Koenzym Q10 \u2013 120 kapsu\u0142ek"},"content":{"rendered":"<p>Koenzym Q10 dzia\u0142a jako donor elektron\u00f3w i proton\u00f3w w kom\u00f3rkach naszego cia\u0142a.<\/p>\n<p>Poniewa\u017c produkcja tej organicznej cz\u0105steczki w organizmie znacznie spada po 40 roku \u017cycia, suplementacja mo\u017ce mie\u0107 sens.<\/p>\n<ul>\n<li>Wegan<\/li>\n<li>Bez glutenu<\/li>\n<li>Bez laktozy<\/li>\n<li>Bez GMO<\/li>\n<li>Wyprodukowane zgodnie z surowymi normami jako\u015bci UE<\/li>\n<\/ul>\n","protected":false},"excerpt":{"rendered":"<p>Koenzym Q10 dzia\u0142a jako donor elektron\u00f3w i proton\u00f3w w kom\u00f3rkach naszego cia\u0142a. Poniewa\u017c produkcja tej organicznej cz\u0105steczki w organizmie znacznie spada po 40 roku \u017cycia, suplementacja mo\u017ce mie\u0107 sens. Wegan Bez glutenu Bez laktozy Bez GMO Wyprodukowane zgodnie z surowymi normami jako\u015bci UE<\/p>\n","protected":false},"featured_media":52961,"template":"","meta":{"_acf_changed":false},"product_brand":[10220],"product_cat":[560,569],"product_tag":[],"class_list":{"0":"post-26991","1":"product","2":"type-product","3":"status-publish","4":"has-post-thumbnail","6":"product_brand-vit4ever-pl","7":"product_cat-skladniki-odzywcze","8":"product_cat-produkty-od-a-z","10":"first","11":"instock","12":"taxable","13":"shipping-taxable","14":"purchasable","15":"product-type-simple"},"acf":[],"_links":{"self":[{"href":"https:\/\/vitalstoffversand.com\/pl\/wp-json\/wp\/v2\/product\/26991","targetHints":{"allow":["GET"]}}],"collection":[{"href":"https:\/\/vitalstoffversand.com\/pl\/wp-json\/wp\/v2\/product"}],"about":[{"href":"https:\/\/vitalstoffversand.com\/pl\/wp-json\/wp\/v2\/types\/product"}],"wp:featuredmedia":[{"embeddable":true,"href":"https:\/\/vitalstoffversand.com\/pl\/wp-json\/wp\/v2\/media\/52961"}],"wp:attachment":[{"href":"https:\/\/vitalstoffversand.com\/pl\/wp-json\/wp\/v2\/media?parent=26991"}],"wp:term":[{"taxonomy":"product_brand","embeddable":true,"href":"https:\/\/vitalstoffversand.com\/pl\/wp-json\/wp\/v2\/product_brand?post=26991"},{"taxonomy":"product_cat","embeddable":true,"href":"https:\/\/vitalstoffversand.com\/pl\/wp-json\/wp\/v2\/product_cat?post=26991"},{"taxonomy":"product_tag","embeddable":true,"href":"https:\/\/vitalstoffversand.com\/pl\/wp-json\/wp\/v2\/product_tag?post=26991"}],"curies":[{"name":"wp","href":"https:\/\/api.w.org\/{rel}","templated":true}]}}