{"id":26990,"date":"2024-11-11T14:22:49","date_gmt":"2024-11-11T13:22:49","guid":{"rendered":"https:\/\/vitalstoffversand.com\/produkt\/vit4ever-astragalus-intenso-180-kapsulek\/"},"modified":"2026-03-15T17:34:19","modified_gmt":"2026-03-15T16:34:19","slug":"vit4ever-astragalus-intenso-180-kapsulek","status":"publish","type":"product","link":"https:\/\/vitalstoffversand.com\/pl\/produkt-pl\/vit4ever-astragalus-intenso-180-kapsulek\/","title":{"rendered":"Vit4ever <br>Astragalus Intenso &#8211; 180 kapsu\u0142ek"},"content":{"rendered":"<p>Chocia\u017c astragalus jest stosowany w tradycyjnej medycynie chi\u0144skiej od ponad 4000 lat, nie ma wysokiej jako\u015bci bada\u0144 dotycz\u0105cych faktycznej skuteczno\u015bci medycznej samej suplementacji astragalusem.<\/p>\n<p>Chocia\u017c astragalus jest prawdopodobnie bezpieczny dla wi\u0119kszo\u015bci ludzi, kobiety w ci\u0105\u017cy, matki karmi\u0105ce piersi\u0105, dzieci i osoby z chorobami autoimmunologicznymi lub chorobami w\u0105troby powinny unika\u0107 tego produktu.<\/p>\n<p>Astragalus ma r\u00f3wnie\u017c wysoki potencja\u0142 niepo\u017c\u0105danych interakcji z wieloma grupami lek\u00f3w, dlatego zalecamy ostro\u017cno\u015b\u0107.<\/p>\n<ul>\n<li>Wegan<\/li>\n<li>Bez glutenu<\/li>\n<li>Bez laktozy<\/li>\n<li>Bez GMO<\/li>\n<li>Wyprodukowane zgodnie z surowymi normami jako\u015bci UE<\/li>\n<\/ul>\n","protected":false},"excerpt":{"rendered":"<p>Chocia\u017c astragalus jest stosowany w tradycyjnej medycynie chi\u0144skiej od ponad 4000 lat, nie ma wysokiej jako\u015bci bada\u0144 dotycz\u0105cych faktycznej skuteczno\u015bci medycznej samej suplementacji astragalusem. Chocia\u017c astragalus jest prawdopodobnie bezpieczny dla wi\u0119kszo\u015bci ludzi, kobiety w ci\u0105\u017cy, matki karmi\u0105ce piersi\u0105, dzieci i osoby z chorobami autoimmunologicznymi lub chorobami w\u0105troby powinny unika\u0107 tego produktu. Astragalus ma r\u00f3wnie\u017c wysoki [&hellip;]<\/p>\n","protected":false},"featured_media":52921,"template":"","meta":{"_acf_changed":false},"product_brand":[10220],"product_cat":[560,569],"product_tag":[],"class_list":{"0":"post-26990","1":"product","2":"type-product","3":"status-publish","4":"has-post-thumbnail","6":"product_brand-vit4ever-pl","7":"product_cat-skladniki-odzywcze","8":"product_cat-produkty-od-a-z","10":"first","11":"instock","12":"taxable","13":"shipping-taxable","14":"purchasable","15":"product-type-simple"},"acf":[],"_links":{"self":[{"href":"https:\/\/vitalstoffversand.com\/pl\/wp-json\/wp\/v2\/product\/26990","targetHints":{"allow":["GET"]}}],"collection":[{"href":"https:\/\/vitalstoffversand.com\/pl\/wp-json\/wp\/v2\/product"}],"about":[{"href":"https:\/\/vitalstoffversand.com\/pl\/wp-json\/wp\/v2\/types\/product"}],"wp:featuredmedia":[{"embeddable":true,"href":"https:\/\/vitalstoffversand.com\/pl\/wp-json\/wp\/v2\/media\/52921"}],"wp:attachment":[{"href":"https:\/\/vitalstoffversand.com\/pl\/wp-json\/wp\/v2\/media?parent=26990"}],"wp:term":[{"taxonomy":"product_brand","embeddable":true,"href":"https:\/\/vitalstoffversand.com\/pl\/wp-json\/wp\/v2\/product_brand?post=26990"},{"taxonomy":"product_cat","embeddable":true,"href":"https:\/\/vitalstoffversand.com\/pl\/wp-json\/wp\/v2\/product_cat?post=26990"},{"taxonomy":"product_tag","embeddable":true,"href":"https:\/\/vitalstoffversand.com\/pl\/wp-json\/wp\/v2\/product_tag?post=26990"}],"curies":[{"name":"wp","href":"https:\/\/api.w.org\/{rel}","templated":true}]}}