{"id":26979,"date":"2024-11-11T14:13:26","date_gmt":"2024-11-11T13:13:26","guid":{"rendered":"https:\/\/vitalstoffversand.com\/produkt\/vit4ever-resweratrol-60-kapsulek\/"},"modified":"2026-03-15T17:08:02","modified_gmt":"2026-03-15T16:08:02","slug":"vit4ever-resweratrol-60-kapsulek","status":"publish","type":"product","link":"https:\/\/vitalstoffversand.com\/pl\/produkt-pl\/vit4ever-resweratrol-60-kapsulek\/","title":{"rendered":"Vit4ever <br>Resweratrol &#8211; 60 kapsu\u0142ek"},"content":{"rendered":"<p>Resweratrol jest wt\u00f3rn\u0105 substancj\u0105 ro\u015blinn\u0105 o dzia\u0142aniu przeciwutleniaj\u0105cym, wyst\u0119puj\u0105c\u0105 w r\u00f3\u017cnych ro\u015blinach.<\/p>\n<p>Chroni ro\u015bliny w wilgotnych okresach przed paso\u017cytami i infekcjami grzybiczymi, a tak\u017ce negatywnymi wp\u0142ywami \u015brodowiska, takimi jak silne promieniowanie UV, zanieczyszczenie ozonem i toksyny.<\/p>\n<ul>\n<li>Wegan<\/li>\n<li>Bez glutenu<\/li>\n<li>Bez laktozy<\/li>\n<li>Bez GMO<\/li>\n<li>Wyprodukowane zgodnie z surowymi normami jako\u015bci UE<\/li>\n<\/ul>\n","protected":false},"excerpt":{"rendered":"<p>Resweratrol jest wt\u00f3rn\u0105 substancj\u0105 ro\u015blinn\u0105 o dzia\u0142aniu przeciwutleniaj\u0105cym, wyst\u0119puj\u0105c\u0105 w r\u00f3\u017cnych ro\u015blinach. Chroni ro\u015bliny w wilgotnych okresach przed paso\u017cytami i infekcjami grzybiczymi, a tak\u017ce negatywnymi wp\u0142ywami \u015brodowiska, takimi jak silne promieniowanie UV, zanieczyszczenie ozonem i toksyny. Wegan Bez glutenu Bez laktozy Bez GMO Wyprodukowane zgodnie z surowymi normami jako\u015bci UE<\/p>\n","protected":false},"featured_media":52825,"template":"","meta":{"_acf_changed":false},"product_brand":[10220],"product_cat":[560,569],"product_tag":[],"class_list":{"0":"post-26979","1":"product","2":"type-product","3":"status-publish","4":"has-post-thumbnail","6":"product_brand-vit4ever-pl","7":"product_cat-skladniki-odzywcze","8":"product_cat-produkty-od-a-z","10":"first","11":"outofstock","12":"taxable","13":"shipping-taxable","14":"purchasable","15":"product-type-simple"},"acf":[],"_links":{"self":[{"href":"https:\/\/vitalstoffversand.com\/pl\/wp-json\/wp\/v2\/product\/26979","targetHints":{"allow":["GET"]}}],"collection":[{"href":"https:\/\/vitalstoffversand.com\/pl\/wp-json\/wp\/v2\/product"}],"about":[{"href":"https:\/\/vitalstoffversand.com\/pl\/wp-json\/wp\/v2\/types\/product"}],"wp:featuredmedia":[{"embeddable":true,"href":"https:\/\/vitalstoffversand.com\/pl\/wp-json\/wp\/v2\/media\/52825"}],"wp:attachment":[{"href":"https:\/\/vitalstoffversand.com\/pl\/wp-json\/wp\/v2\/media?parent=26979"}],"wp:term":[{"taxonomy":"product_brand","embeddable":true,"href":"https:\/\/vitalstoffversand.com\/pl\/wp-json\/wp\/v2\/product_brand?post=26979"},{"taxonomy":"product_cat","embeddable":true,"href":"https:\/\/vitalstoffversand.com\/pl\/wp-json\/wp\/v2\/product_cat?post=26979"},{"taxonomy":"product_tag","embeddable":true,"href":"https:\/\/vitalstoffversand.com\/pl\/wp-json\/wp\/v2\/product_tag?post=26979"}],"curies":[{"name":"wp","href":"https:\/\/api.w.org\/{rel}","templated":true}]}}