{"id":26978,"date":"2024-11-11T14:12:33","date_gmt":"2024-11-11T13:12:33","guid":{"rendered":"https:\/\/vitalstoffversand.com\/produkt\/vit4ever-alkaline-powder-360-g\/"},"modified":"2026-03-15T16:58:35","modified_gmt":"2026-03-15T15:58:35","slug":"vit4ever-alkaline-powder-360-g","status":"publish","type":"product","link":"https:\/\/vitalstoffversand.com\/pl\/produkt-pl\/vit4ever-alkaline-powder-360-g\/","title":{"rendered":"Vit4ever <br>Alkaline Powder &#8211; 360 g"},"content":{"rendered":"<p>Alkaline Powder Advanced to mieszanka wa\u017cnych minera\u0142\u00f3w i pierwiastk\u00f3w \u015bladowych w postaci soli alkalicznych.<\/p>\n<p>Proszek alkalizuj\u0105cy mo\u017ce przeciwdzia\u0142a\u0107 nadkwasocie i przyczynia\u0107 si\u0119 do odkwaszenia organizmu, je\u015bli r\u00f3wnowaga kwasowo-zasadowa jest zaburzona.<\/p>\n<p><strong>Ze wzgl\u0119du na wp\u0142yw na naturaln\u0105 r\u00f3wnowag\u0119 kwas\u00f3w \u017co\u0142\u0105dkowych odradzamy nieprzerwane stosowanie przez okres d\u0142u\u017cszy ni\u017c 1-2 miesi\u0105ce.<\/strong><\/p>\n<ul>\n<li>Wegan<\/li>\n<li>Bez glutenu<\/li>\n<li>Bez laktozy<\/li>\n<li>Bez GMO<\/li>\n<li>Wyprodukowane zgodnie z surowymi normami jako\u015bci UE<\/li>\n<\/ul>\n","protected":false},"excerpt":{"rendered":"<p>Alkaline Powder Advanced to mieszanka wa\u017cnych minera\u0142\u00f3w i pierwiastk\u00f3w \u015bladowych w postaci soli alkalicznych. Proszek alkalizuj\u0105cy mo\u017ce przeciwdzia\u0142a\u0107 nadkwasocie i przyczynia\u0107 si\u0119 do odkwaszenia organizmu, je\u015bli r\u00f3wnowaga kwasowo-zasadowa jest zaburzona. Ze wzgl\u0119du na wp\u0142yw na naturaln\u0105 r\u00f3wnowag\u0119 kwas\u00f3w \u017co\u0142\u0105dkowych odradzamy nieprzerwane stosowanie przez okres d\u0142u\u017cszy ni\u017c 1-2 miesi\u0105ce. Wegan Bez glutenu Bez laktozy Bez GMO [&hellip;]<\/p>\n","protected":false},"featured_media":52801,"template":"","meta":{"_acf_changed":false},"product_brand":[10220],"product_cat":[560,569],"product_tag":[],"class_list":{"0":"post-26978","1":"product","2":"type-product","3":"status-publish","4":"has-post-thumbnail","6":"product_brand-vit4ever-pl","7":"product_cat-skladniki-odzywcze","8":"product_cat-produkty-od-a-z","10":"first","11":"outofstock","12":"taxable","13":"shipping-taxable","14":"purchasable","15":"product-type-simple"},"acf":[],"_links":{"self":[{"href":"https:\/\/vitalstoffversand.com\/pl\/wp-json\/wp\/v2\/product\/26978","targetHints":{"allow":["GET"]}}],"collection":[{"href":"https:\/\/vitalstoffversand.com\/pl\/wp-json\/wp\/v2\/product"}],"about":[{"href":"https:\/\/vitalstoffversand.com\/pl\/wp-json\/wp\/v2\/types\/product"}],"wp:featuredmedia":[{"embeddable":true,"href":"https:\/\/vitalstoffversand.com\/pl\/wp-json\/wp\/v2\/media\/52801"}],"wp:attachment":[{"href":"https:\/\/vitalstoffversand.com\/pl\/wp-json\/wp\/v2\/media?parent=26978"}],"wp:term":[{"taxonomy":"product_brand","embeddable":true,"href":"https:\/\/vitalstoffversand.com\/pl\/wp-json\/wp\/v2\/product_brand?post=26978"},{"taxonomy":"product_cat","embeddable":true,"href":"https:\/\/vitalstoffversand.com\/pl\/wp-json\/wp\/v2\/product_cat?post=26978"},{"taxonomy":"product_tag","embeddable":true,"href":"https:\/\/vitalstoffversand.com\/pl\/wp-json\/wp\/v2\/product_tag?post=26978"}],"curies":[{"name":"wp","href":"https:\/\/api.w.org\/{rel}","templated":true}]}}