{"id":26973,"date":"2024-11-11T14:11:17","date_gmt":"2024-11-11T13:11:17","guid":{"rendered":"https:\/\/vitalstoffversand.com\/produkt\/vit4ever-molibden-365-tabletek\/"},"modified":"2026-03-15T16:54:22","modified_gmt":"2026-03-15T15:54:22","slug":"vit4ever-molibden-365-tabletek","status":"publish","type":"product","link":"https:\/\/vitalstoffversand.com\/pl\/produkt-pl\/vit4ever-molibden-365-tabletek\/","title":{"rendered":"Vit4ever <br>Molibden &#8211; 365 tabletek"},"content":{"rendered":"<p><a href=\"https:\/\/vitalstoffversand.com\/knowledge-base\/molybdaen\/\" target=\"_blank\" rel=\"noopener\"><strong><span style=\"color: #0000ff;\">\u2192 Molibden<\/span><\/strong><\/a> jest niezb\u0119dnym pierwiastkiem \u015bladowym, kt\u00f3ry musimy pozyskiwa\u0107 z naszej diety.<\/p>\n<p>Bierze udzia\u0142 w wielu zadaniach i procesach metabolicznych.<\/p>\n<ul>\n<li>Wegan<\/li>\n<li>Bez glutenu<\/li>\n<li>Bez laktozy<\/li>\n<li>Bez GMO<\/li>\n<li>Wyprodukowane zgodnie z surowymi normami jako\u015bci UE<\/li>\n<\/ul>\n","protected":false},"excerpt":{"rendered":"<p>\u2192 Molibden jest niezb\u0119dnym pierwiastkiem \u015bladowym, kt\u00f3ry musimy pozyskiwa\u0107 z naszej diety. Bierze udzia\u0142 w wielu zadaniach i procesach metabolicznych. Wegan Bez glutenu Bez laktozy Bez GMO Wyprodukowane zgodnie z surowymi normami jako\u015bci UE<\/p>\n","protected":false},"featured_media":61794,"template":"","meta":{"_acf_changed":false},"product_brand":[10220],"product_cat":[556,569],"product_tag":[],"class_list":{"0":"post-26973","1":"product","2":"type-product","3":"status-publish","4":"has-post-thumbnail","6":"product_brand-vit4ever-pl","7":"product_cat-mineraly-i-pierwiastki-sladowe","8":"product_cat-produkty-od-a-z","10":"first","11":"instock","12":"taxable","13":"shipping-taxable","14":"purchasable","15":"product-type-simple"},"acf":[],"_links":{"self":[{"href":"https:\/\/vitalstoffversand.com\/pl\/wp-json\/wp\/v2\/product\/26973","targetHints":{"allow":["GET"]}}],"collection":[{"href":"https:\/\/vitalstoffversand.com\/pl\/wp-json\/wp\/v2\/product"}],"about":[{"href":"https:\/\/vitalstoffversand.com\/pl\/wp-json\/wp\/v2\/types\/product"}],"wp:featuredmedia":[{"embeddable":true,"href":"https:\/\/vitalstoffversand.com\/pl\/wp-json\/wp\/v2\/media\/61794"}],"wp:attachment":[{"href":"https:\/\/vitalstoffversand.com\/pl\/wp-json\/wp\/v2\/media?parent=26973"}],"wp:term":[{"taxonomy":"product_brand","embeddable":true,"href":"https:\/\/vitalstoffversand.com\/pl\/wp-json\/wp\/v2\/product_brand?post=26973"},{"taxonomy":"product_cat","embeddable":true,"href":"https:\/\/vitalstoffversand.com\/pl\/wp-json\/wp\/v2\/product_cat?post=26973"},{"taxonomy":"product_tag","embeddable":true,"href":"https:\/\/vitalstoffversand.com\/pl\/wp-json\/wp\/v2\/product_tag?post=26973"}],"curies":[{"name":"wp","href":"https:\/\/api.w.org\/{rel}","templated":true}]}}