{"id":26972,"date":"2024-11-11T14:08:31","date_gmt":"2024-11-11T13:08:31","guid":{"rendered":"https:\/\/vitalstoffversand.com\/produkt\/vit4ever-organiczna-ashwagandha-600-g\/"},"modified":"2026-03-15T16:50:59","modified_gmt":"2026-03-15T15:50:59","slug":"vit4ever-organiczna-ashwagandha-600-g","status":"publish","type":"product","link":"https:\/\/vitalstoffversand.com\/pl\/produkt-pl\/vit4ever-organiczna-ashwagandha-600-g\/","title":{"rendered":"Vit4ever <br>Organiczny proszek z ashwagandhy \u2013 600 g"},"content":{"rendered":"<p>Ashwagandha (Withania somnifera) jest stosowana od wielu setek lat zar\u00f3wno w tradycyjnej medycynie chi\u0144skiej, jak i w ajurwedzie.<\/p>\n<p>Ashwagandha jest bogata w r\u00f3\u017cne alkaloidy i witanolidy, a obecnie wzbudza r\u00f3wnie\u017c du\u017ce zainteresowanie zachodniej medycyny konwencjonalnej.<\/p>\n<ul>\n<li>Wegan<\/li>\n<li>Bez glutenu<\/li>\n<li>Bez laktozy<\/li>\n<li>Bez GMO<\/li>\n<li>Wyprodukowane zgodnie z surowymi normami jako\u015bci UE<\/li>\n<\/ul>\n","protected":false},"excerpt":{"rendered":"<p>Ashwagandha (Withania somnifera) jest stosowana od wielu setek lat zar\u00f3wno w tradycyjnej medycynie chi\u0144skiej, jak i w ajurwedzie. Ashwagandha jest bogata w r\u00f3\u017cne alkaloidy i witanolidy, a obecnie wzbudza r\u00f3wnie\u017c du\u017ce zainteresowanie zachodniej medycyny konwencjonalnej. Wegan Bez glutenu Bez laktozy Bez GMO Wyprodukowane zgodnie z surowymi normami jako\u015bci UE<\/p>\n","protected":false},"featured_media":52737,"template":"","meta":{"_acf_changed":false},"product_brand":[10220],"product_cat":[560,569],"product_tag":[],"class_list":{"0":"post-26972","1":"product","2":"type-product","3":"status-publish","4":"has-post-thumbnail","6":"product_brand-vit4ever-pl","7":"product_cat-skladniki-odzywcze","8":"product_cat-produkty-od-a-z","10":"first","11":"instock","12":"taxable","13":"shipping-taxable","14":"purchasable","15":"product-type-simple"},"acf":[],"_links":{"self":[{"href":"https:\/\/vitalstoffversand.com\/pl\/wp-json\/wp\/v2\/product\/26972","targetHints":{"allow":["GET"]}}],"collection":[{"href":"https:\/\/vitalstoffversand.com\/pl\/wp-json\/wp\/v2\/product"}],"about":[{"href":"https:\/\/vitalstoffversand.com\/pl\/wp-json\/wp\/v2\/types\/product"}],"wp:featuredmedia":[{"embeddable":true,"href":"https:\/\/vitalstoffversand.com\/pl\/wp-json\/wp\/v2\/media\/52737"}],"wp:attachment":[{"href":"https:\/\/vitalstoffversand.com\/pl\/wp-json\/wp\/v2\/media?parent=26972"}],"wp:term":[{"taxonomy":"product_brand","embeddable":true,"href":"https:\/\/vitalstoffversand.com\/pl\/wp-json\/wp\/v2\/product_brand?post=26972"},{"taxonomy":"product_cat","embeddable":true,"href":"https:\/\/vitalstoffversand.com\/pl\/wp-json\/wp\/v2\/product_cat?post=26972"},{"taxonomy":"product_tag","embeddable":true,"href":"https:\/\/vitalstoffversand.com\/pl\/wp-json\/wp\/v2\/product_tag?post=26972"}],"curies":[{"name":"wp","href":"https:\/\/api.w.org\/{rel}","templated":true}]}}