{"id":26955,"date":"2024-11-14T17:19:21","date_gmt":"2024-11-14T16:19:21","guid":{"rendered":"https:\/\/vitalstoffversand.com\/produkt\/vit4ever-berberyna-hcl-intenso-120-kapsulek\/"},"modified":"2026-03-15T16:39:14","modified_gmt":"2026-03-15T15:39:14","slug":"vit4ever-berberyna-hcl-intenso-120-kapsulek","status":"publish","type":"product","link":"https:\/\/vitalstoffversand.com\/pl\/produkt-pl\/vit4ever-berberyna-hcl-intenso-120-kapsulek\/","title":{"rendered":"Vit4ever <br>Berberyna HCL Intenso &#8211; 120 kapsu\u0142ek"},"content":{"rendered":"<p>Berberyna jest alkaloidem ro\u015blinnym pochodz\u0105cym z korzeni chi\u0144skiej z\u0142otej nici, kt\u00f3ra jest stosowana w tradycyjnej medycynie chi\u0144skiej od wiek\u00f3w, a tak\u017ce przyci\u0105ga coraz wi\u0119ksze zainteresowanie w medycynie zachodniej ze wzgl\u0119du na sw\u00f3j potencja\u0142 zdrowotny.<\/p>\n<ul>\n<li>Wegan<\/li>\n<li>Bez glutenu<\/li>\n<li>Bez laktozy<\/li>\n<li>Bez GMO<\/li>\n<li>Wyprodukowane zgodnie z surowymi normami jako\u015bci UE<\/li>\n<\/ul>\n","protected":false},"excerpt":{"rendered":"<p>Berberyna jest alkaloidem ro\u015blinnym pochodz\u0105cym z korzeni chi\u0144skiej z\u0142otej nici, kt\u00f3ra jest stosowana w tradycyjnej medycynie chi\u0144skiej od wiek\u00f3w, a tak\u017ce przyci\u0105ga coraz wi\u0119ksze zainteresowanie w medycynie zachodniej ze wzgl\u0119du na sw\u00f3j potencja\u0142 zdrowotny. Wegan Bez glutenu Bez laktozy Bez GMO Wyprodukowane zgodnie z surowymi normami jako\u015bci UE<\/p>\n","protected":false},"featured_media":52569,"template":"","meta":{"_acf_changed":false},"product_brand":[10220],"product_cat":[560,569],"product_tag":[],"class_list":{"0":"post-26955","1":"product","2":"type-product","3":"status-publish","4":"has-post-thumbnail","6":"product_brand-vit4ever-pl","7":"product_cat-skladniki-odzywcze","8":"product_cat-produkty-od-a-z","10":"first","11":"instock","12":"taxable","13":"shipping-taxable","14":"purchasable","15":"product-type-simple"},"acf":[],"_links":{"self":[{"href":"https:\/\/vitalstoffversand.com\/pl\/wp-json\/wp\/v2\/product\/26955","targetHints":{"allow":["GET"]}}],"collection":[{"href":"https:\/\/vitalstoffversand.com\/pl\/wp-json\/wp\/v2\/product"}],"about":[{"href":"https:\/\/vitalstoffversand.com\/pl\/wp-json\/wp\/v2\/types\/product"}],"wp:featuredmedia":[{"embeddable":true,"href":"https:\/\/vitalstoffversand.com\/pl\/wp-json\/wp\/v2\/media\/52569"}],"wp:attachment":[{"href":"https:\/\/vitalstoffversand.com\/pl\/wp-json\/wp\/v2\/media?parent=26955"}],"wp:term":[{"taxonomy":"product_brand","embeddable":true,"href":"https:\/\/vitalstoffversand.com\/pl\/wp-json\/wp\/v2\/product_brand?post=26955"},{"taxonomy":"product_cat","embeddable":true,"href":"https:\/\/vitalstoffversand.com\/pl\/wp-json\/wp\/v2\/product_cat?post=26955"},{"taxonomy":"product_tag","embeddable":true,"href":"https:\/\/vitalstoffversand.com\/pl\/wp-json\/wp\/v2\/product_tag?post=26955"}],"curies":[{"name":"wp","href":"https:\/\/api.w.org\/{rel}","templated":true}]}}