{"id":26954,"date":"2024-11-11T13:55:38","date_gmt":"2024-11-11T12:55:38","guid":{"rendered":"https:\/\/vitalstoffversand.com\/produkt\/vit4ever-hericium-erinaceus-intenso-180-kapsulek\/"},"modified":"2024-11-11T13:55:38","modified_gmt":"2024-11-11T12:55:38","slug":"vit4ever-hericium-erinaceus-intenso-180-kapsulek","status":"publish","type":"product","link":"https:\/\/vitalstoffversand.com\/pl\/produkt-pl\/vit4ever-hericium-erinaceus-intenso-180-kapsulek\/","title":{"rendered":"Vit4ever <br>Hericium Erinaceus Intenso &#8211; 180 kapsu\u0142ek"},"content":{"rendered":"<p>Hericium Erinaceus jest znany pod wieloma nazwami, np. lwia grzywa, ma\u0142pia g\u0142owa lub francuski pompon blanc.<\/p>\n<p>Hericium Intenso zawiera 30% polisacharyd\u00f3w i jest stosowany w mykoterapii mi\u0119dzy innymi w dolegliwo\u015bciach przewodu pokarmowego.<\/p>\n<p>Najlepiej by\u0142oby po\u0142\u0105czy\u0107 ekstrakt z proszkiem <a href=\"https:\/\/vitalstoffversand.com\/produkt\/natura-med-bio-hericium-pilzpulver-100-g\/\" target=\"_blank\" rel=\"noopener\">\u2192 Natura Med Bio Hericium erinaceus<\/a>, aby wykorzysta\u0107 pe\u0142ne spektrum aktywnych sk\u0142adnik\u00f3w tego grzyba leczniczego.<\/p>\n<ul>\n<li>100% wega\u0144skie<\/li>\n<li>Nie zawiera glutenu, laktozy, aromat\u00f3w, konserwant\u00f3w, stearynianu magnezu i oczywi\u015bcie GMO.<\/li>\n<li>Niezale\u017cnie testowane laboratoryjnie pod k\u0105tem zanieczyszcze\u0144, takich jak metale ci\u0119\u017ckie, ple\u015b\u0144, E. coli, salmonella i innych istotnych kryteri\u00f3w testowych.<\/li>\n<\/ul>\n","protected":false},"excerpt":{"rendered":"<p>Hericium Erinaceus jest znany pod wieloma nazwami, np. lwia grzywa, ma\u0142pia g\u0142owa lub francuski pompon blanc. Hericium Intenso zawiera 30% polisacharyd\u00f3w i jest stosowany w mykoterapii mi\u0119dzy innymi w dolegliwo\u015bciach przewodu pokarmowego. Najlepiej by\u0142oby po\u0142\u0105czy\u0107 ekstrakt z proszkiem \u2192 Natura Med Bio Hericium erinaceus, aby wykorzysta\u0107 pe\u0142ne spektrum aktywnych sk\u0142adnik\u00f3w tego grzyba leczniczego. 100% wega\u0144skie [&hellip;]<\/p>\n","protected":false},"featured_media":52545,"template":"","meta":{"_acf_changed":false},"product_brand":[10220],"product_cat":[570,569],"product_tag":[],"class_list":{"0":"post-26954","1":"product","2":"type-product","3":"status-publish","4":"has-post-thumbnail","6":"product_brand-vit4ever-pl","7":"product_cat-grzyby-witalne","8":"product_cat-produkty-od-a-z","10":"first","11":"outofstock","12":"taxable","13":"shipping-taxable","14":"purchasable","15":"product-type-simple"},"acf":[],"_links":{"self":[{"href":"https:\/\/vitalstoffversand.com\/pl\/wp-json\/wp\/v2\/product\/26954","targetHints":{"allow":["GET"]}}],"collection":[{"href":"https:\/\/vitalstoffversand.com\/pl\/wp-json\/wp\/v2\/product"}],"about":[{"href":"https:\/\/vitalstoffversand.com\/pl\/wp-json\/wp\/v2\/types\/product"}],"wp:featuredmedia":[{"embeddable":true,"href":"https:\/\/vitalstoffversand.com\/pl\/wp-json\/wp\/v2\/media\/52545"}],"wp:attachment":[{"href":"https:\/\/vitalstoffversand.com\/pl\/wp-json\/wp\/v2\/media?parent=26954"}],"wp:term":[{"taxonomy":"product_brand","embeddable":true,"href":"https:\/\/vitalstoffversand.com\/pl\/wp-json\/wp\/v2\/product_brand?post=26954"},{"taxonomy":"product_cat","embeddable":true,"href":"https:\/\/vitalstoffversand.com\/pl\/wp-json\/wp\/v2\/product_cat?post=26954"},{"taxonomy":"product_tag","embeddable":true,"href":"https:\/\/vitalstoffversand.com\/pl\/wp-json\/wp\/v2\/product_tag?post=26954"}],"curies":[{"name":"wp","href":"https:\/\/api.w.org\/{rel}","templated":true}]}}