{"id":26931,"date":"2024-11-11T13:47:32","date_gmt":"2024-11-11T12:47:32","guid":{"rendered":"https:\/\/vitalstoffversand.com\/produkt\/vit4ever-glicyna-1100-g\/"},"modified":"2026-03-15T16:31:12","modified_gmt":"2026-03-15T15:31:12","slug":"vit4ever-glicyna-1100-g","status":"publish","type":"product","link":"https:\/\/vitalstoffversand.com\/pl\/produkt-pl\/vit4ever-glicyna-1100-g\/","title":{"rendered":"Vit4ever <br>Glicyna w proszku \u2013 1000 g"},"content":{"rendered":"<p>Glicyna jest aminokwasem nieistotnym, proteinogennym i jest wymagana przez organizm do tworzenia mi\u0119dzy innymi glutationu, choliny, porfiryn, puryn, kreatyny, kolagenu i hemoglobiny.<\/p>\n<p>Co wi\u0119cej, glicyna jest najobficiej wyst\u0119puj\u0105cym aminokwasem w kolagenie.<\/p>\n<p>Proszek jest dobrze rozpuszczalny w wodzie, ma lekko s\u0142odki smak i przy 1,5 grama dziennie wystarcza na ponad 700 porcji.<\/p>\n<ul>\n<li>Wegan<\/li>\n<li>Bez glutenu<\/li>\n<li>Bez laktozy<\/li>\n<li>Bez GMO<\/li>\n<li>Wyprodukowane zgodnie z surowymi normami jako\u015bci UE<\/li>\n<\/ul>\n","protected":false},"excerpt":{"rendered":"<p>Glicyna jest aminokwasem nieistotnym, proteinogennym i jest wymagana przez organizm do tworzenia mi\u0119dzy innymi glutationu, choliny, porfiryn, puryn, kreatyny, kolagenu i hemoglobiny. Co wi\u0119cej, glicyna jest najobficiej wyst\u0119puj\u0105cym aminokwasem w kolagenie. Proszek jest dobrze rozpuszczalny w wodzie, ma lekko s\u0142odki smak i przy 1,5 grama dziennie wystarcza na ponad 700 porcji. Wegan Bez glutenu Bez [&hellip;]<\/p>\n","protected":false},"featured_media":52473,"template":"","meta":{"_acf_changed":false},"product_brand":[10220],"product_cat":[552,569],"product_tag":[],"class_list":{"0":"post-26931","1":"product","2":"type-product","3":"status-publish","4":"has-post-thumbnail","6":"product_brand-vit4ever-pl","7":"product_cat-aminokwasy","8":"product_cat-produkty-od-a-z","10":"first","11":"instock","12":"taxable","13":"shipping-taxable","14":"purchasable","15":"product-type-simple"},"acf":[],"_links":{"self":[{"href":"https:\/\/vitalstoffversand.com\/pl\/wp-json\/wp\/v2\/product\/26931","targetHints":{"allow":["GET"]}}],"collection":[{"href":"https:\/\/vitalstoffversand.com\/pl\/wp-json\/wp\/v2\/product"}],"about":[{"href":"https:\/\/vitalstoffversand.com\/pl\/wp-json\/wp\/v2\/types\/product"}],"wp:featuredmedia":[{"embeddable":true,"href":"https:\/\/vitalstoffversand.com\/pl\/wp-json\/wp\/v2\/media\/52473"}],"wp:attachment":[{"href":"https:\/\/vitalstoffversand.com\/pl\/wp-json\/wp\/v2\/media?parent=26931"}],"wp:term":[{"taxonomy":"product_brand","embeddable":true,"href":"https:\/\/vitalstoffversand.com\/pl\/wp-json\/wp\/v2\/product_brand?post=26931"},{"taxonomy":"product_cat","embeddable":true,"href":"https:\/\/vitalstoffversand.com\/pl\/wp-json\/wp\/v2\/product_cat?post=26931"},{"taxonomy":"product_tag","embeddable":true,"href":"https:\/\/vitalstoffversand.com\/pl\/wp-json\/wp\/v2\/product_tag?post=26931"}],"curies":[{"name":"wp","href":"https:\/\/api.w.org\/{rel}","templated":true}]}}