{"id":26930,"date":"2024-11-11T13:39:15","date_gmt":"2024-11-11T12:39:15","guid":{"rendered":"https:\/\/vitalstoffversand.com\/produkt\/vit4ever-olejek-z-oregano-120-kapsulek\/"},"modified":"2026-03-15T15:59:31","modified_gmt":"2026-03-15T14:59:31","slug":"vit4ever-olejek-z-oregano-120-kapsulek","status":"publish","type":"product","link":"https:\/\/vitalstoffversand.com\/pl\/produkt-pl\/vit4ever-olejek-z-oregano-120-kapsulek\/","title":{"rendered":"Vit4ever <br>Olejek z oregano &#8211; 120 kapsu\u0142ek"},"content":{"rendered":"<p>Oregano jest tradycyjnie uwa\u017cane za jeden z najskuteczniejszych naturalnych antybiotyk\u00f3w, jakie kiedykolwiek badano.<\/p>\n<p>Ma wysokie w\u0142a\u015bciwo\u015bci przeciwbakteryjne, przeciwwirusowe, grzybob\u00f3jcze i przeciwb\u00f3lowe i mo\u017ce by\u0107 stosowany w przypadku r\u00f3\u017cnych problem\u00f3w zdrowotnych.<\/p>\n<p><span data-huuid=\"3071040906581903221\">Jego g\u0142\u00f3wne sk\u0142adniki aktywne, karwakrol i tymol, mog\u0105 zabija\u0107 szkodliwe mikroorganizmy i hamowa\u0107 ich rozw\u00f3j.<\/span><\/p>\n<ul>\n<li>Bez glutenu<\/li>\n<li>Bez laktozy<\/li>\n<li>Bez GMO<\/li>\n<li>Wyprodukowane zgodnie z surowymi normami jako\u015bci UE<\/li>\n<\/ul>\n","protected":false},"excerpt":{"rendered":"<p>Oregano jest tradycyjnie uwa\u017cane za jeden z najskuteczniejszych naturalnych antybiotyk\u00f3w, jakie kiedykolwiek badano. Ma wysokie w\u0142a\u015bciwo\u015bci przeciwbakteryjne, przeciwwirusowe, grzybob\u00f3jcze i przeciwb\u00f3lowe i mo\u017ce by\u0107 stosowany w przypadku r\u00f3\u017cnych problem\u00f3w zdrowotnych. Jego g\u0142\u00f3wne sk\u0142adniki aktywne, karwakrol i tymol, mog\u0105 zabija\u0107 szkodliwe mikroorganizmy i hamowa\u0107 ich rozw\u00f3j. Bez glutenu Bez laktozy Bez GMO Wyprodukowane zgodnie z surowymi [&hellip;]<\/p>\n","protected":false},"featured_media":61753,"template":"","meta":{"_acf_changed":false},"product_brand":[10220],"product_cat":[560,569],"product_tag":[],"class_list":{"0":"post-26930","1":"product","2":"type-product","3":"status-publish","4":"has-post-thumbnail","6":"product_brand-vit4ever-pl","7":"product_cat-skladniki-odzywcze","8":"product_cat-produkty-od-a-z","10":"first","11":"instock","12":"taxable","13":"shipping-taxable","14":"purchasable","15":"product-type-simple"},"acf":[],"_links":{"self":[{"href":"https:\/\/vitalstoffversand.com\/pl\/wp-json\/wp\/v2\/product\/26930","targetHints":{"allow":["GET"]}}],"collection":[{"href":"https:\/\/vitalstoffversand.com\/pl\/wp-json\/wp\/v2\/product"}],"about":[{"href":"https:\/\/vitalstoffversand.com\/pl\/wp-json\/wp\/v2\/types\/product"}],"wp:featuredmedia":[{"embeddable":true,"href":"https:\/\/vitalstoffversand.com\/pl\/wp-json\/wp\/v2\/media\/61753"}],"wp:attachment":[{"href":"https:\/\/vitalstoffversand.com\/pl\/wp-json\/wp\/v2\/media?parent=26930"}],"wp:term":[{"taxonomy":"product_brand","embeddable":true,"href":"https:\/\/vitalstoffversand.com\/pl\/wp-json\/wp\/v2\/product_brand?post=26930"},{"taxonomy":"product_cat","embeddable":true,"href":"https:\/\/vitalstoffversand.com\/pl\/wp-json\/wp\/v2\/product_cat?post=26930"},{"taxonomy":"product_tag","embeddable":true,"href":"https:\/\/vitalstoffversand.com\/pl\/wp-json\/wp\/v2\/product_tag?post=26930"}],"curies":[{"name":"wp","href":"https:\/\/api.w.org\/{rel}","templated":true}]}}