{"id":26925,"date":"2024-11-10T16:46:30","date_gmt":"2024-11-10T15:46:30","guid":{"rendered":"https:\/\/vitalstoffversand.com\/produkt\/vit4ever-olej-z-pestek-dyni-420-kapsulek\/"},"modified":"2026-03-14T19:18:07","modified_gmt":"2026-03-14T18:18:07","slug":"vit4ever-olej-z-pestek-dyni-420-kapsulek","status":"publish","type":"product","link":"https:\/\/vitalstoffversand.com\/pl\/produkt-pl\/vit4ever-olej-z-pestek-dyni-420-kapsulek\/","title":{"rendered":"Vit4ever <br>Olej z pestek dyni &#8211; 420 kapsu\u0142ek"},"content":{"rendered":"<p>Olej z pestek dyni jest bogaty w nienasycone kwasy t\u0142uszczowe, witaminy, minera\u0142y i pierwiastki \u015bladowe.<\/p>\n<p>Nale\u017c\u0105 do nich magnez, wap\u0144, potas, fosfor, mied\u017a, selen, cynk, mangan oraz witaminy A, B, C, D, E i K.<\/p>\n<ul>\n<li>Bez glutenu<\/li>\n<li>Bez laktozy<\/li>\n<li>Bez GMO<\/li>\n<li>Wyprodukowane zgodnie z surowymi normami jako\u015bci UE<\/li>\n<\/ul>\n","protected":false},"excerpt":{"rendered":"<p>Olej z pestek dyni jest bogaty w nienasycone kwasy t\u0142uszczowe, witaminy, minera\u0142y i pierwiastki \u015bladowe. Nale\u017c\u0105 do nich magnez, wap\u0144, potas, fosfor, mied\u017a, selen, cynk, mangan oraz witaminy A, B, C, D, E i K. Bez glutenu Bez laktozy Bez GMO Wyprodukowane zgodnie z surowymi normami jako\u015bci UE<\/p>\n","protected":false},"featured_media":61711,"template":"","meta":{"_acf_changed":false},"product_brand":[10220],"product_cat":[553,569],"product_tag":[],"class_list":{"0":"post-26925","1":"product","2":"type-product","3":"status-publish","4":"has-post-thumbnail","6":"product_brand-vit4ever-pl","7":"product_cat-kwasy-tluszczowe","8":"product_cat-produkty-od-a-z","10":"first","11":"instock","12":"taxable","13":"shipping-taxable","14":"purchasable","15":"product-type-simple"},"acf":[],"_links":{"self":[{"href":"https:\/\/vitalstoffversand.com\/pl\/wp-json\/wp\/v2\/product\/26925","targetHints":{"allow":["GET"]}}],"collection":[{"href":"https:\/\/vitalstoffversand.com\/pl\/wp-json\/wp\/v2\/product"}],"about":[{"href":"https:\/\/vitalstoffversand.com\/pl\/wp-json\/wp\/v2\/types\/product"}],"wp:featuredmedia":[{"embeddable":true,"href":"https:\/\/vitalstoffversand.com\/pl\/wp-json\/wp\/v2\/media\/61711"}],"wp:attachment":[{"href":"https:\/\/vitalstoffversand.com\/pl\/wp-json\/wp\/v2\/media?parent=26925"}],"wp:term":[{"taxonomy":"product_brand","embeddable":true,"href":"https:\/\/vitalstoffversand.com\/pl\/wp-json\/wp\/v2\/product_brand?post=26925"},{"taxonomy":"product_cat","embeddable":true,"href":"https:\/\/vitalstoffversand.com\/pl\/wp-json\/wp\/v2\/product_cat?post=26925"},{"taxonomy":"product_tag","embeddable":true,"href":"https:\/\/vitalstoffversand.com\/pl\/wp-json\/wp\/v2\/product_tag?post=26925"}],"curies":[{"name":"wp","href":"https:\/\/api.w.org\/{rel}","templated":true}]}}