{"id":26922,"date":"2024-11-11T13:58:54","date_gmt":"2024-11-11T12:58:54","guid":{"rendered":"https:\/\/vitalstoffversand.com\/produkt\/vit4ever-bialko-grochu-1100-g\/"},"modified":"2026-03-15T16:44:26","modified_gmt":"2026-03-15T15:44:26","slug":"vit4ever-bialko-grochu-1100-g","status":"publish","type":"product","link":"https:\/\/vitalstoffversand.com\/pl\/produkt-pl\/vit4ever-bialko-grochu-1100-g\/","title":{"rendered":"Vit4ever <br>Bia\u0142ko grochowe \u2013 1000 g"},"content":{"rendered":"<p>Bia\u0142ko grochu jest w 100% ro\u015blinn\u0105, a zatem wega\u0144sk\u0105 alternatyw\u0105 dla bia\u0142ka serwatkowego.<\/p>\n<p>Bia\u0142ko grochu oferuje wysok\u0105 zawarto\u015b\u0107 bia\u0142ka 87% bia\u0142ka og\u00f3\u0142em z wysok\u0105 zawarto\u015bci\u0105 ponad 7% argininy i 6% lizyny, a tak\u017ce zawiera du\u017co naturalnego \u017celaza, fosforu i wapnia.<\/p>\n<ul>\n<li>Wegan<\/li>\n<li>Bez glutenu<\/li>\n<li>Bez laktozy<\/li>\n<li>Bez GMO<\/li>\n<li>Wyprodukowane zgodnie z surowymi normami jako\u015bci UE<\/li>\n<\/ul>\n","protected":false},"excerpt":{"rendered":"<p>Bia\u0142ko grochu jest w 100% ro\u015blinn\u0105, a zatem wega\u0144sk\u0105 alternatyw\u0105 dla bia\u0142ka serwatkowego. Bia\u0142ko grochu oferuje wysok\u0105 zawarto\u015b\u0107 bia\u0142ka 87% bia\u0142ka og\u00f3\u0142em z wysok\u0105 zawarto\u015bci\u0105 ponad 7% argininy i 6% lizyny, a tak\u017ce zawiera du\u017co naturalnego \u017celaza, fosforu i wapnia. Wegan Bez glutenu Bez laktozy Bez GMO Wyprodukowane zgodnie z surowymi normami jako\u015bci UE<\/p>\n","protected":false},"featured_media":63428,"template":"","meta":{"_acf_changed":false},"product_brand":[10220],"product_cat":[557,569],"product_tag":[],"class_list":{"0":"post-26922","1":"product","2":"type-product","3":"status-publish","4":"has-post-thumbnail","6":"product_brand-vit4ever-pl","7":"product_cat-bialka","8":"product_cat-produkty-od-a-z","10":"first","11":"instock","12":"taxable","13":"shipping-taxable","14":"purchasable","15":"product-type-simple"},"acf":[],"_links":{"self":[{"href":"https:\/\/vitalstoffversand.com\/pl\/wp-json\/wp\/v2\/product\/26922","targetHints":{"allow":["GET"]}}],"collection":[{"href":"https:\/\/vitalstoffversand.com\/pl\/wp-json\/wp\/v2\/product"}],"about":[{"href":"https:\/\/vitalstoffversand.com\/pl\/wp-json\/wp\/v2\/types\/product"}],"wp:featuredmedia":[{"embeddable":true,"href":"https:\/\/vitalstoffversand.com\/pl\/wp-json\/wp\/v2\/media\/63428"}],"wp:attachment":[{"href":"https:\/\/vitalstoffversand.com\/pl\/wp-json\/wp\/v2\/media?parent=26922"}],"wp:term":[{"taxonomy":"product_brand","embeddable":true,"href":"https:\/\/vitalstoffversand.com\/pl\/wp-json\/wp\/v2\/product_brand?post=26922"},{"taxonomy":"product_cat","embeddable":true,"href":"https:\/\/vitalstoffversand.com\/pl\/wp-json\/wp\/v2\/product_cat?post=26922"},{"taxonomy":"product_tag","embeddable":true,"href":"https:\/\/vitalstoffversand.com\/pl\/wp-json\/wp\/v2\/product_tag?post=26922"}],"curies":[{"name":"wp","href":"https:\/\/api.w.org\/{rel}","templated":true}]}}