{"id":26915,"date":"2024-11-10T16:44:01","date_gmt":"2024-11-10T15:44:01","guid":{"rendered":"https:\/\/vitalstoffversand.com\/produkt\/vit4ever-msm-metylosulfonylometan-1100-g\/"},"modified":"2026-03-14T19:07:54","modified_gmt":"2026-03-14T18:07:54","slug":"vit4ever-msm-metylosulfonylometan-1100-g","status":"publish","type":"product","link":"https:\/\/vitalstoffversand.com\/pl\/produkt-pl\/vit4ever-msm-metylosulfonylometan-1100-g\/","title":{"rendered":"Vit4ever <br>MSM (metylosulfonylometan) \u2013 1000 g"},"content":{"rendered":"<p>MSM jest skr\u00f3tem od metylosulfonylometanu i jest naturalnym, organicznym zwi\u0105zkiem siarki.<\/p>\n<p>W ludzkim organizmie substancja ta jest niezb\u0119dna i bierze udzia\u0142 w wielu wa\u017cnych procesach, ale na szcz\u0119\u015bcie mo\u017cna j\u0105 znale\u017a\u0107 w r\u00f3\u017cnych produktach spo\u017cywczych.<\/p>\n<p>Niestety, cz\u0119sto ulega ona znacznemu zmniejszeniu w wyniku dalszego przetwarzania, takiego jak podgrzewanie, co mo\u017ce prowadzi\u0107 do jej niedoboru.<\/p>\n<ul>\n<li>Wegan<\/li>\n<li>Bez glutenu<\/li>\n<li>Bez laktozy<\/li>\n<li>Bez GMO<\/li>\n<li>Wyprodukowane zgodnie z surowymi normami jako\u015bci UE<\/li>\n<\/ul>\n","protected":false},"excerpt":{"rendered":"<p>MSM jest skr\u00f3tem od metylosulfonylometanu i jest naturalnym, organicznym zwi\u0105zkiem siarki. W ludzkim organizmie substancja ta jest niezb\u0119dna i bierze udzia\u0142 w wielu wa\u017cnych procesach, ale na szcz\u0119\u015bcie mo\u017cna j\u0105 znale\u017a\u0107 w r\u00f3\u017cnych produktach spo\u017cywczych. Niestety, cz\u0119sto ulega ona znacznemu zmniejszeniu w wyniku dalszego przetwarzania, takiego jak podgrzewanie, co mo\u017ce prowadzi\u0107 do jej niedoboru. Wegan [&hellip;]<\/p>\n","protected":false},"featured_media":52361,"template":"","meta":{"_acf_changed":false},"product_brand":[10220],"product_cat":[560,569],"product_tag":[],"class_list":{"0":"post-26915","1":"product","2":"type-product","3":"status-publish","4":"has-post-thumbnail","6":"product_brand-vit4ever-pl","7":"product_cat-skladniki-odzywcze","8":"product_cat-produkty-od-a-z","10":"first","11":"instock","12":"taxable","13":"shipping-taxable","14":"purchasable","15":"product-type-simple"},"acf":[],"_links":{"self":[{"href":"https:\/\/vitalstoffversand.com\/pl\/wp-json\/wp\/v2\/product\/26915","targetHints":{"allow":["GET"]}}],"collection":[{"href":"https:\/\/vitalstoffversand.com\/pl\/wp-json\/wp\/v2\/product"}],"about":[{"href":"https:\/\/vitalstoffversand.com\/pl\/wp-json\/wp\/v2\/types\/product"}],"wp:featuredmedia":[{"embeddable":true,"href":"https:\/\/vitalstoffversand.com\/pl\/wp-json\/wp\/v2\/media\/52361"}],"wp:attachment":[{"href":"https:\/\/vitalstoffversand.com\/pl\/wp-json\/wp\/v2\/media?parent=26915"}],"wp:term":[{"taxonomy":"product_brand","embeddable":true,"href":"https:\/\/vitalstoffversand.com\/pl\/wp-json\/wp\/v2\/product_brand?post=26915"},{"taxonomy":"product_cat","embeddable":true,"href":"https:\/\/vitalstoffversand.com\/pl\/wp-json\/wp\/v2\/product_cat?post=26915"},{"taxonomy":"product_tag","embeddable":true,"href":"https:\/\/vitalstoffversand.com\/pl\/wp-json\/wp\/v2\/product_tag?post=26915"}],"curies":[{"name":"wp","href":"https:\/\/api.w.org\/{rel}","templated":true}]}}