{"id":26909,"date":"2024-11-10T16:41:31","date_gmt":"2024-11-10T15:41:31","guid":{"rendered":"https:\/\/vitalstoffversand.com\/produkt\/vit4ever-czarny-czosnek-180-kapsulek\/"},"modified":"2026-03-14T19:03:11","modified_gmt":"2026-03-14T18:03:11","slug":"vit4ever-czarny-czosnek-180-kapsulek","status":"publish","type":"product","link":"https:\/\/vitalstoffversand.com\/pl\/produkt-pl\/vit4ever-czarny-czosnek-180-kapsulek\/","title":{"rendered":"Vit4ever <br>Czarny czosnek &#8211; 180 kapsu\u0142ek"},"content":{"rendered":"<p>Czarny czosnek to nic innego jak sfermentowany czosnek, kt\u00f3ry nast\u0119pnie ma bardzo mi\u0119kk\u0105 konsystencj\u0119 i s\u0142odki smak i nie ma ju\u017c typowego zapachu czosnku.<\/p>\n<p>Jednak w\u0142a\u015bciwo\u015bci zdrowotne \u201enormalnego czosnku\u201d s\u0105 r\u00f3wnie\u017c obecne w czarnym czosnku.<\/p>\n<ul>\n<li>Wegan<\/li>\n<li>Bez glutenu<\/li>\n<li>Bez laktozy<\/li>\n<li>Bez GMO<\/li>\n<li>Wyprodukowane zgodnie z surowymi normami jako\u015bci UE<\/li>\n<\/ul>\n","protected":false},"excerpt":{"rendered":"<p>Czarny czosnek to nic innego jak sfermentowany czosnek, kt\u00f3ry nast\u0119pnie ma bardzo mi\u0119kk\u0105 konsystencj\u0119 i s\u0142odki smak i nie ma ju\u017c typowego zapachu czosnku. Jednak w\u0142a\u015bciwo\u015bci zdrowotne \u201enormalnego czosnku\u201d s\u0105 r\u00f3wnie\u017c obecne w czarnym czosnku. Wegan Bez glutenu Bez laktozy Bez GMO Wyprodukowane zgodnie z surowymi normami jako\u015bci UE<\/p>\n","protected":false},"featured_media":52280,"template":"","meta":{"_acf_changed":false},"product_brand":[10220],"product_cat":[560,569],"product_tag":[],"class_list":{"0":"post-26909","1":"product","2":"type-product","3":"status-publish","4":"has-post-thumbnail","6":"product_brand-vit4ever-pl","7":"product_cat-skladniki-odzywcze","8":"product_cat-produkty-od-a-z","10":"first","11":"instock","12":"taxable","13":"shipping-taxable","14":"purchasable","15":"product-type-simple"},"acf":[],"_links":{"self":[{"href":"https:\/\/vitalstoffversand.com\/pl\/wp-json\/wp\/v2\/product\/26909","targetHints":{"allow":["GET"]}}],"collection":[{"href":"https:\/\/vitalstoffversand.com\/pl\/wp-json\/wp\/v2\/product"}],"about":[{"href":"https:\/\/vitalstoffversand.com\/pl\/wp-json\/wp\/v2\/types\/product"}],"wp:featuredmedia":[{"embeddable":true,"href":"https:\/\/vitalstoffversand.com\/pl\/wp-json\/wp\/v2\/media\/52280"}],"wp:attachment":[{"href":"https:\/\/vitalstoffversand.com\/pl\/wp-json\/wp\/v2\/media?parent=26909"}],"wp:term":[{"taxonomy":"product_brand","embeddable":true,"href":"https:\/\/vitalstoffversand.com\/pl\/wp-json\/wp\/v2\/product_brand?post=26909"},{"taxonomy":"product_cat","embeddable":true,"href":"https:\/\/vitalstoffversand.com\/pl\/wp-json\/wp\/v2\/product_cat?post=26909"},{"taxonomy":"product_tag","embeddable":true,"href":"https:\/\/vitalstoffversand.com\/pl\/wp-json\/wp\/v2\/product_tag?post=26909"}],"curies":[{"name":"wp","href":"https:\/\/api.w.org\/{rel}","templated":true}]}}