{"id":26906,"date":"2024-11-10T16:33:43","date_gmt":"2024-11-10T15:33:43","guid":{"rendered":"https:\/\/vitalstoffversand.com\/produkt\/vit4ever-bromelain-intenso-120-kapsulek-rozne-f-i-p\/"},"modified":"2026-03-14T18:57:43","modified_gmt":"2026-03-14T17:57:43","slug":"vit4ever-bromelain-intenso-120-kapsulek-rozne-f-i-p","status":"publish","type":"product","link":"https:\/\/vitalstoffversand.com\/pl\/produkt-pl\/vit4ever-bromelain-intenso-120-kapsulek-rozne-f-i-p\/","title":{"rendered":"Vit4ever <br>Bromelain Intenso 2000 F.I.P \u2013 120 kapsu\u0142ek"},"content":{"rendered":"<p>Bromelain Intenso o mocy 2000 F.I.P (Federation Internationale Pharmaceutique = jednostka miary aktywno\u015bci enzymatycznej).<\/p>\n<p>Pozyskiwany jest z ro\u015bliny ananasa i sk\u0142ada si\u0119 z dw\u00f3ch enzym\u00f3w i jest stosowany mi\u0119dzy innymi jako lek zio\u0142owy do leczenia obrz\u0119k\u00f3w po urazach i operacjach.<\/p>\n<p>Ma r\u00f3wnie\u017c w\u0142a\u015bciwo\u015bci przeciwzapalne i trawienne.<\/p>\n<p>Kapsu\u0142ki s\u0105 powlekane dojelitowo, dzi\u0119ki czemu substancja czynna jest uwalniana tylko tam, gdzie mo\u017ce zosta\u0107 wch\u0142oni\u0119ta.<\/p>\n<ul>\n<li>Wegan<\/li>\n<li>Bez glutenu<\/li>\n<li>Bez laktozy<\/li>\n<li>Bez GMO<\/li>\n<li>Wyprodukowane zgodnie z surowymi normami jako\u015bci UE<\/li>\n<\/ul>\n","protected":false},"excerpt":{"rendered":"<p>Bromelain Intenso o mocy 2000 F.I.P (Federation Internationale Pharmaceutique = jednostka miary aktywno\u015bci enzymatycznej). Pozyskiwany jest z ro\u015bliny ananasa i sk\u0142ada si\u0119 z dw\u00f3ch enzym\u00f3w i jest stosowany mi\u0119dzy innymi jako lek zio\u0142owy do leczenia obrz\u0119k\u00f3w po urazach i operacjach. Ma r\u00f3wnie\u017c w\u0142a\u015bciwo\u015bci przeciwzapalne i trawienne. Kapsu\u0142ki s\u0105 powlekane dojelitowo, dzi\u0119ki czemu substancja czynna jest [&hellip;]<\/p>\n","protected":false},"featured_media":52200,"template":"","meta":{"_acf_changed":false},"product_brand":[10220],"product_cat":[560,569],"product_tag":[],"class_list":{"0":"post-26906","1":"product","2":"type-product","3":"status-publish","4":"has-post-thumbnail","6":"product_brand-vit4ever-pl","7":"product_cat-skladniki-odzywcze","8":"product_cat-produkty-od-a-z","10":"first","11":"instock","12":"taxable","13":"shipping-taxable","14":"purchasable","15":"product-type-simple"},"acf":[],"_links":{"self":[{"href":"https:\/\/vitalstoffversand.com\/pl\/wp-json\/wp\/v2\/product\/26906","targetHints":{"allow":["GET"]}}],"collection":[{"href":"https:\/\/vitalstoffversand.com\/pl\/wp-json\/wp\/v2\/product"}],"about":[{"href":"https:\/\/vitalstoffversand.com\/pl\/wp-json\/wp\/v2\/types\/product"}],"wp:featuredmedia":[{"embeddable":true,"href":"https:\/\/vitalstoffversand.com\/pl\/wp-json\/wp\/v2\/media\/52200"}],"wp:attachment":[{"href":"https:\/\/vitalstoffversand.com\/pl\/wp-json\/wp\/v2\/media?parent=26906"}],"wp:term":[{"taxonomy":"product_brand","embeddable":true,"href":"https:\/\/vitalstoffversand.com\/pl\/wp-json\/wp\/v2\/product_brand?post=26906"},{"taxonomy":"product_cat","embeddable":true,"href":"https:\/\/vitalstoffversand.com\/pl\/wp-json\/wp\/v2\/product_cat?post=26906"},{"taxonomy":"product_tag","embeddable":true,"href":"https:\/\/vitalstoffversand.com\/pl\/wp-json\/wp\/v2\/product_tag?post=26906"}],"curies":[{"name":"wp","href":"https:\/\/api.w.org\/{rel}","templated":true}]}}