{"id":26904,"date":"2025-04-07T11:55:37","date_gmt":"2025-04-07T09:55:37","guid":{"rendered":"https:\/\/vitalstoffversand.com\/produkt\/vit4ever-koral-morski-sango-320-g\/"},"modified":"2026-03-14T18:55:23","modified_gmt":"2026-03-14T17:55:23","slug":"vit4ever-koral-morski-sango-320-g","status":"publish","type":"product","link":"https:\/\/vitalstoffversand.com\/pl\/produkt-pl\/vit4ever-koral-morski-sango-320-g\/","title":{"rendered":"Vit4ever <br>Koral morski Sango &#8211; 320 g"},"content":{"rendered":"<p>Zmielony koralowiec sango z Okinawy zawiera 20% naturalnego <strong><span style=\"color: #0000ff;\"><a style=\"color: #0000ff;\" href=\"https:\/\/vitalstoffversand.com\/knowledge-base\/calcium\/\" target=\"_blank\" rel=\"noopener\">\u2192 wapnia<\/a><\/span><\/strong> i 10% naturalnego <strong><span style=\"color: #0000ff;\"><a style=\"color: #0000ff;\" href=\"https:\/\/vitalstoffversand.com\/knowledge-base\/magnesium\/\" target=\"_blank\" rel=\"noopener\">\u2192 magnezu<\/a><\/span><\/strong>, co odpowiada idealnemu stosunkowi wapnia do magnezu wynosz\u0105cemu 2:1.<\/p>\n<p>Koral morski Sango zawiera ponadto wiele innych pierwiastk\u00f3w \u015bladowych i minera\u0142\u00f3w, takich jak \u017celazo, krzem, chrom, siarka, naturalny jod i wiele innych.<\/p>\n<p>Produkt jest ca\u0142kowicie wolny od promieniowania i nie powoduje nadmiernej eksploatacji \u017cywych raf koralowych.<\/p>\n<ul>\n<li>Wegan<\/li>\n<li>Bez glutenu<\/li>\n<li>Bez laktozy<\/li>\n<li>Bez GMO<\/li>\n<li>Przebadane laboratoryjnie pod k\u0105tem obecno\u015bci substancji szkodliwych, zawarto\u015bci wapnia i magnezu oraz promieniowania<\/li>\n<li>Wyprodukowane zgodnie z surowymi normami jako\u015bci UE<\/li>\n<\/ul>\n","protected":false},"excerpt":{"rendered":"<p>Zmielony koralowiec sango z Okinawy zawiera 20% naturalnego \u2192 wapnia i 10% naturalnego \u2192 magnezu, co odpowiada idealnemu stosunkowi wapnia do magnezu wynosz\u0105cemu 2:1. Koral morski Sango zawiera ponadto wiele innych pierwiastk\u00f3w \u015bladowych i minera\u0142\u00f3w, takich jak \u017celazo, krzem, chrom, siarka, naturalny jod i wiele innych. Produkt jest ca\u0142kowicie wolny od promieniowania i nie powoduje [&hellip;]<\/p>\n","protected":false},"featured_media":52160,"template":"","meta":{"_acf_changed":false},"product_brand":[10220],"product_cat":[556,569],"product_tag":[],"class_list":{"0":"post-26904","1":"product","2":"type-product","3":"status-publish","4":"has-post-thumbnail","6":"product_brand-vit4ever-pl","7":"product_cat-mineraly-i-pierwiastki-sladowe","8":"product_cat-produkty-od-a-z","10":"first","11":"instock","12":"taxable","13":"shipping-taxable","14":"purchasable","15":"product-type-simple"},"acf":[],"_links":{"self":[{"href":"https:\/\/vitalstoffversand.com\/pl\/wp-json\/wp\/v2\/product\/26904","targetHints":{"allow":["GET"]}}],"collection":[{"href":"https:\/\/vitalstoffversand.com\/pl\/wp-json\/wp\/v2\/product"}],"about":[{"href":"https:\/\/vitalstoffversand.com\/pl\/wp-json\/wp\/v2\/types\/product"}],"wp:featuredmedia":[{"embeddable":true,"href":"https:\/\/vitalstoffversand.com\/pl\/wp-json\/wp\/v2\/media\/52160"}],"wp:attachment":[{"href":"https:\/\/vitalstoffversand.com\/pl\/wp-json\/wp\/v2\/media?parent=26904"}],"wp:term":[{"taxonomy":"product_brand","embeddable":true,"href":"https:\/\/vitalstoffversand.com\/pl\/wp-json\/wp\/v2\/product_brand?post=26904"},{"taxonomy":"product_cat","embeddable":true,"href":"https:\/\/vitalstoffversand.com\/pl\/wp-json\/wp\/v2\/product_cat?post=26904"},{"taxonomy":"product_tag","embeddable":true,"href":"https:\/\/vitalstoffversand.com\/pl\/wp-json\/wp\/v2\/product_tag?post=26904"}],"curies":[{"name":"wp","href":"https:\/\/api.w.org\/{rel}","templated":true}]}}