{"id":26903,"date":"2024-11-10T16:29:56","date_gmt":"2024-11-10T15:29:56","guid":{"rendered":"https:\/\/vitalstoffversand.com\/produkt\/vit4ever-kwercetyna-120-kapsulek\/"},"modified":"2026-03-14T18:51:27","modified_gmt":"2026-03-14T17:51:27","slug":"vit4ever-kwercetyna-120-kapsulek","status":"publish","type":"product","link":"https:\/\/vitalstoffversand.com\/pl\/produkt-pl\/vit4ever-kwercetyna-120-kapsulek\/","title":{"rendered":"Vit4ever <br>Kwercetyna &#8211; 120 kapsu\u0142ek"},"content":{"rendered":"<p>Kwercetyna jest wt\u00f3rn\u0105 substancj\u0105 ro\u015blinn\u0105 i chroni ro\u015bliny przed promieniowaniem UV, wirusami, grzybami i bakteriami.<\/p>\n<p>Ma r\u00f3wnie\u017c podobne w\u0142a\u015bciwo\u015bci do oligomerycznych proantocyjanidyn (OPC).<\/p>\n<ul>\n<li>Wegan<\/li>\n<li>Bez glutenu<\/li>\n<li>Bez laktozy<\/li>\n<li>Bez GMO<\/li>\n<li>Wyprodukowane zgodnie z surowymi normami jako\u015bci UE<\/li>\n<\/ul>\n","protected":false},"excerpt":{"rendered":"<p>Kwercetyna jest wt\u00f3rn\u0105 substancj\u0105 ro\u015blinn\u0105 i chroni ro\u015bliny przed promieniowaniem UV, wirusami, grzybami i bakteriami. Ma r\u00f3wnie\u017c podobne w\u0142a\u015bciwo\u015bci do oligomerycznych proantocyjanidyn (OPC). Wegan Bez glutenu Bez laktozy Bez GMO Wyprodukowane zgodnie z surowymi normami jako\u015bci UE<\/p>\n","protected":false},"featured_media":61660,"template":"","meta":{"_acf_changed":false},"product_brand":[10220],"product_cat":[560,569],"product_tag":[],"class_list":{"0":"post-26903","1":"product","2":"type-product","3":"status-publish","4":"has-post-thumbnail","6":"product_brand-vit4ever-pl","7":"product_cat-skladniki-odzywcze","8":"product_cat-produkty-od-a-z","10":"first","11":"instock","12":"taxable","13":"shipping-taxable","14":"purchasable","15":"product-type-simple"},"acf":[],"_links":{"self":[{"href":"https:\/\/vitalstoffversand.com\/pl\/wp-json\/wp\/v2\/product\/26903","targetHints":{"allow":["GET"]}}],"collection":[{"href":"https:\/\/vitalstoffversand.com\/pl\/wp-json\/wp\/v2\/product"}],"about":[{"href":"https:\/\/vitalstoffversand.com\/pl\/wp-json\/wp\/v2\/types\/product"}],"wp:featuredmedia":[{"embeddable":true,"href":"https:\/\/vitalstoffversand.com\/pl\/wp-json\/wp\/v2\/media\/61660"}],"wp:attachment":[{"href":"https:\/\/vitalstoffversand.com\/pl\/wp-json\/wp\/v2\/media?parent=26903"}],"wp:term":[{"taxonomy":"product_brand","embeddable":true,"href":"https:\/\/vitalstoffversand.com\/pl\/wp-json\/wp\/v2\/product_brand?post=26903"},{"taxonomy":"product_cat","embeddable":true,"href":"https:\/\/vitalstoffversand.com\/pl\/wp-json\/wp\/v2\/product_cat?post=26903"},{"taxonomy":"product_tag","embeddable":true,"href":"https:\/\/vitalstoffversand.com\/pl\/wp-json\/wp\/v2\/product_tag?post=26903"}],"curies":[{"name":"wp","href":"https:\/\/api.w.org\/{rel}","templated":true}]}}