{"id":26902,"date":"2024-11-10T16:28:44","date_gmt":"2024-11-10T15:28:44","guid":{"rendered":"https:\/\/vitalstoffversand.com\/produkt\/vit4ever-olej-z-czarnego-kminu-420-kapsulek\/"},"modified":"2026-03-14T18:51:29","modified_gmt":"2026-03-14T17:51:29","slug":"vit4ever-olej-z-czarnego-kminu-420-kapsulek","status":"publish","type":"product","link":"https:\/\/vitalstoffversand.com\/pl\/produkt-pl\/vit4ever-olej-z-czarnego-kminu-420-kapsulek\/","title":{"rendered":"Vit4ever <br>Olej z czarnego kminu &#8211; 420 kapsu\u0142ek"},"content":{"rendered":"<p>Czarny kminek (Nigella sativa) zawiera du\u017c\u0105 ilo\u015b\u0107 nienasyconych kwas\u00f3w t\u0142uszczowych oraz liczne minera\u0142y, witaminy, aminokwasy i olejki eteryczne.<\/p>\n<p>Ka\u017cda kapsu\u0142ka zawiera r\u00f3wnie\u017c 5 mg naturalnej <a href=\"https:\/\/vitalstoffversand.com\/knowledge-base\/vitamin-e\/\" target=\"_blank\" rel=\"noopener\"><strong><span style=\"color: #0000ff;\">\u2192 witaminy E<\/span><\/strong><\/a>, kt\u00f3ra nie tylko chroni olej z czarnuszki, ale jest r\u00f3wnie\u017c silnym przeciwutleniaczem w organizmie.<\/p>\n<ul>\n<li>Bez glutenu<\/li>\n<li>Bez laktozy<\/li>\n<li>Bez GMO<\/li>\n<li>Wyprodukowane zgodnie z surowymi normami jako\u015bci UE<\/li>\n<\/ul>\n","protected":false},"excerpt":{"rendered":"<p>Czarny kminek (Nigella sativa) zawiera du\u017c\u0105 ilo\u015b\u0107 nienasyconych kwas\u00f3w t\u0142uszczowych oraz liczne minera\u0142y, witaminy, aminokwasy i olejki eteryczne. Ka\u017cda kapsu\u0142ka zawiera r\u00f3wnie\u017c 5 mg naturalnej \u2192 witaminy E, kt\u00f3ra nie tylko chroni olej z czarnuszki, ale jest r\u00f3wnie\u017c silnym przeciwutleniaczem w organizmie. Bez glutenu Bez laktozy Bez GMO Wyprodukowane zgodnie z surowymi normami jako\u015bci UE<\/p>\n","protected":false},"featured_media":52088,"template":"","meta":{"_acf_changed":false},"product_brand":[10220],"product_cat":[553,569],"product_tag":[],"class_list":{"0":"post-26902","1":"product","2":"type-product","3":"status-publish","4":"has-post-thumbnail","6":"product_brand-vit4ever-pl","7":"product_cat-kwasy-tluszczowe","8":"product_cat-produkty-od-a-z","10":"first","11":"instock","12":"taxable","13":"shipping-taxable","14":"purchasable","15":"product-type-simple"},"acf":[],"_links":{"self":[{"href":"https:\/\/vitalstoffversand.com\/pl\/wp-json\/wp\/v2\/product\/26902","targetHints":{"allow":["GET"]}}],"collection":[{"href":"https:\/\/vitalstoffversand.com\/pl\/wp-json\/wp\/v2\/product"}],"about":[{"href":"https:\/\/vitalstoffversand.com\/pl\/wp-json\/wp\/v2\/types\/product"}],"wp:featuredmedia":[{"embeddable":true,"href":"https:\/\/vitalstoffversand.com\/pl\/wp-json\/wp\/v2\/media\/52088"}],"wp:attachment":[{"href":"https:\/\/vitalstoffversand.com\/pl\/wp-json\/wp\/v2\/media?parent=26902"}],"wp:term":[{"taxonomy":"product_brand","embeddable":true,"href":"https:\/\/vitalstoffversand.com\/pl\/wp-json\/wp\/v2\/product_brand?post=26902"},{"taxonomy":"product_cat","embeddable":true,"href":"https:\/\/vitalstoffversand.com\/pl\/wp-json\/wp\/v2\/product_cat?post=26902"},{"taxonomy":"product_tag","embeddable":true,"href":"https:\/\/vitalstoffversand.com\/pl\/wp-json\/wp\/v2\/product_tag?post=26902"}],"curies":[{"name":"wp","href":"https:\/\/api.w.org\/{rel}","templated":true}]}}