{"id":26863,"date":"2024-11-10T15:58:51","date_gmt":"2024-11-10T14:58:51","guid":{"rendered":"https:\/\/vitalstoffversand.com\/produkt\/vit4ever-nattokinaza-rozne-ilosci\/"},"modified":"2026-03-14T18:44:12","modified_gmt":"2026-03-14T17:44:12","slug":"vit4ever-nattokinaza-rozne-ilosci","status":"publish","type":"product","link":"https:\/\/vitalstoffversand.com\/pl\/produkt-pl\/vit4ever-nattokinaza-rozne-ilosci\/","title":{"rendered":"Vit4ever <br>Nattokinaza \u2013 180 kapsu\u0142ek"},"content":{"rendered":"<p>Kapsu\u0142ki z nattokinaz\u0105 zawieraj\u0105ce 100 mg czystej nattokinazy, co odpowiada 2000 FU (jednostek fibrynolitycznych) w ka\u017cdej kapsu\u0142ce.<\/p>\n<p>Nattokinaza jest enzymem pochodz\u0105cym z tradycyjnej japo\u0144skiej \u017cywno\u015bci natto, kt\u00f3ra z kolei sk\u0142ada si\u0119 ze sfermentowanych ziaren soi.<\/p>\n<ul>\n<li>Wegan<\/li>\n<li>Bez glutenu<\/li>\n<li>Bez laktozy<\/li>\n<li>Bez GMO<\/li>\n<li>Wyprodukowane zgodnie z surowymi normami jako\u015bci UE<\/li>\n<\/ul>\n","protected":false},"excerpt":{"rendered":"<p>Kapsu\u0142ki z nattokinaz\u0105 zawieraj\u0105ce 100 mg czystej nattokinazy, co odpowiada 2000 FU (jednostek fibrynolitycznych) w ka\u017cdej kapsu\u0142ce. Nattokinaza jest enzymem pochodz\u0105cym z tradycyjnej japo\u0144skiej \u017cywno\u015bci natto, kt\u00f3ra z kolei sk\u0142ada si\u0119 ze sfermentowanych ziaren soi. Wegan Bez glutenu Bez laktozy Bez GMO Wyprodukowane zgodnie z surowymi normami jako\u015bci UE<\/p>\n","protected":false},"featured_media":51976,"template":"","meta":{"_acf_changed":false},"product_brand":[10220],"product_cat":[560,569],"product_tag":[],"class_list":{"0":"post-26863","1":"product","2":"type-product","3":"status-publish","4":"has-post-thumbnail","6":"product_brand-vit4ever-pl","7":"product_cat-skladniki-odzywcze","8":"product_cat-produkty-od-a-z","10":"first","11":"outofstock","12":"taxable","13":"shipping-taxable","14":"purchasable","15":"product-type-simple"},"acf":[],"_links":{"self":[{"href":"https:\/\/vitalstoffversand.com\/pl\/wp-json\/wp\/v2\/product\/26863","targetHints":{"allow":["GET"]}}],"collection":[{"href":"https:\/\/vitalstoffversand.com\/pl\/wp-json\/wp\/v2\/product"}],"about":[{"href":"https:\/\/vitalstoffversand.com\/pl\/wp-json\/wp\/v2\/types\/product"}],"wp:featuredmedia":[{"embeddable":true,"href":"https:\/\/vitalstoffversand.com\/pl\/wp-json\/wp\/v2\/media\/51976"}],"wp:attachment":[{"href":"https:\/\/vitalstoffversand.com\/pl\/wp-json\/wp\/v2\/media?parent=26863"}],"wp:term":[{"taxonomy":"product_brand","embeddable":true,"href":"https:\/\/vitalstoffversand.com\/pl\/wp-json\/wp\/v2\/product_brand?post=26863"},{"taxonomy":"product_cat","embeddable":true,"href":"https:\/\/vitalstoffversand.com\/pl\/wp-json\/wp\/v2\/product_cat?post=26863"},{"taxonomy":"product_tag","embeddable":true,"href":"https:\/\/vitalstoffversand.com\/pl\/wp-json\/wp\/v2\/product_tag?post=26863"}],"curies":[{"name":"wp","href":"https:\/\/api.w.org\/{rel}","templated":true}]}}