{"id":26847,"date":"2024-11-10T15:52:55","date_gmt":"2024-11-10T14:52:55","guid":{"rendered":"https:\/\/vitalstoffversand.com\/produkt\/vit4ever-cissus-quadrangularis-ekstrakt-180-kapsulek\/"},"modified":"2026-03-14T18:37:52","modified_gmt":"2026-03-14T17:37:52","slug":"vit4ever-cissus-quadrangularis-ekstrakt-180-kapsulek","status":"publish","type":"product","link":"https:\/\/vitalstoffversand.com\/pl\/produkt-pl\/vit4ever-cissus-quadrangularis-ekstrakt-180-kapsulek\/","title":{"rendered":"Vit4ever <br>Cissus quadrangularis ekstrakt &#8211; 180 kapsu\u0142ek"},"content":{"rendered":"<p>Cissus Quadrangularis jest stosowany w tradycyjnej medycynie ajurwedyjskiej w celu zapobiegania z\u0142amaniom ko\u015bci.<\/p>\n<p>Pomimo rosn\u0105cej popularno\u015bci w\u015br\u00f3d os\u00f3b starszych i sportowc\u00f3w, obecnie nie ma medycznych dowod\u00f3w na skuteczno\u015b\u0107 tej ro\u015bliny.<\/p>\n<ul>\n<li>Wegan<\/li>\n<li>Bez glutenu<\/li>\n<li>Bez laktozy<\/li>\n<li>Bez GMO<\/li>\n<li>Wyprodukowane zgodnie z surowymi normami jako\u015bci UE<\/li>\n<\/ul>\n","protected":false},"excerpt":{"rendered":"<p>Cissus Quadrangularis jest stosowany w tradycyjnej medycynie ajurwedyjskiej w celu zapobiegania z\u0142amaniom ko\u015bci. Pomimo rosn\u0105cej popularno\u015bci w\u015br\u00f3d os\u00f3b starszych i sportowc\u00f3w, obecnie nie ma medycznych dowod\u00f3w na skuteczno\u015b\u0107 tej ro\u015bliny. Wegan Bez glutenu Bez laktozy Bez GMO Wyprodukowane zgodnie z surowymi normami jako\u015bci UE<\/p>\n","protected":false},"featured_media":51912,"template":"","meta":{"_acf_changed":false},"product_brand":[10220],"product_cat":[560,569],"product_tag":[],"class_list":{"0":"post-26847","1":"product","2":"type-product","3":"status-publish","4":"has-post-thumbnail","6":"product_brand-vit4ever-pl","7":"product_cat-skladniki-odzywcze","8":"product_cat-produkty-od-a-z","10":"first","11":"outofstock","12":"taxable","13":"shipping-taxable","14":"purchasable","15":"product-type-simple"},"acf":[],"_links":{"self":[{"href":"https:\/\/vitalstoffversand.com\/pl\/wp-json\/wp\/v2\/product\/26847","targetHints":{"allow":["GET"]}}],"collection":[{"href":"https:\/\/vitalstoffversand.com\/pl\/wp-json\/wp\/v2\/product"}],"about":[{"href":"https:\/\/vitalstoffversand.com\/pl\/wp-json\/wp\/v2\/types\/product"}],"wp:featuredmedia":[{"embeddable":true,"href":"https:\/\/vitalstoffversand.com\/pl\/wp-json\/wp\/v2\/media\/51912"}],"wp:attachment":[{"href":"https:\/\/vitalstoffversand.com\/pl\/wp-json\/wp\/v2\/media?parent=26847"}],"wp:term":[{"taxonomy":"product_brand","embeddable":true,"href":"https:\/\/vitalstoffversand.com\/pl\/wp-json\/wp\/v2\/product_brand?post=26847"},{"taxonomy":"product_cat","embeddable":true,"href":"https:\/\/vitalstoffversand.com\/pl\/wp-json\/wp\/v2\/product_cat?post=26847"},{"taxonomy":"product_tag","embeddable":true,"href":"https:\/\/vitalstoffversand.com\/pl\/wp-json\/wp\/v2\/product_tag?post=26847"}],"curies":[{"name":"wp","href":"https:\/\/api.w.org\/{rel}","templated":true}]}}