{"id":26842,"date":"2024-11-10T15:48:44","date_gmt":"2024-11-10T14:48:44","guid":{"rendered":"https:\/\/vitalstoffversand.com\/produkt\/vit4ever-organiczny-ekstrakt-z-wodorostow-naturalny-jod-365-tabletek\/"},"modified":"2026-03-14T18:24:24","modified_gmt":"2026-03-14T17:24:24","slug":"vit4ever-organiczny-ekstrakt-z-wodorostow-naturalny-jod-365-tabletek","status":"publish","type":"product","link":"https:\/\/vitalstoffversand.com\/pl\/produkt-pl\/vit4ever-organiczny-ekstrakt-z-wodorostow-naturalny-jod-365-tabletek\/","title":{"rendered":"Vit4ever <br>Organiczny ekstrakt z wodorost\u00f3w (naturalny jod) &#8211; 365 tabletek"},"content":{"rendered":"<p>Organiczne wodorosty to br\u0105zowe algi, kt\u00f3re zawieraj\u0105 szczeg\u00f3lnie du\u017co naturalnego <a href=\"https:\/\/vitalstoffversand.com\/knowledge-base\/jod\/\" target=\"_blank\" rel=\"noopener\"><span style=\"color: #0000ff;\"><strong>\u2192 jodu<\/strong><\/span><\/a>, kt\u00f3ry jest r\u00f3wnie\u017c wysoce biodost\u0119pny.<\/p>\n<ul>\n<li>Wegan<\/li>\n<li>Bez glutenu<\/li>\n<li>Bez laktozy<\/li>\n<li>Bez GMO<\/li>\n<li>Wyprodukowane zgodnie z surowymi normami jako\u015bci UE<\/li>\n<\/ul>\n","protected":false},"excerpt":{"rendered":"<p>Organiczne wodorosty to br\u0105zowe algi, kt\u00f3re zawieraj\u0105 szczeg\u00f3lnie du\u017co naturalnego \u2192 jodu, kt\u00f3ry jest r\u00f3wnie\u017c wysoce biodost\u0119pny. Wegan Bez glutenu Bez laktozy Bez GMO Wyprodukowane zgodnie z surowymi normami jako\u015bci UE<\/p>\n","protected":false},"featured_media":51872,"template":"","meta":{"_acf_changed":false},"product_brand":[10220],"product_cat":[556,540,569],"product_tag":[],"class_list":{"0":"post-26842","1":"product","2":"type-product","3":"status-publish","4":"has-post-thumbnail","6":"product_brand-vit4ever-pl","7":"product_cat-mineraly-i-pierwiastki-sladowe","8":"product_cat-organiczny","9":"product_cat-produkty-od-a-z","11":"first","12":"instock","13":"taxable","14":"shipping-taxable","15":"purchasable","16":"product-type-simple"},"acf":[],"_links":{"self":[{"href":"https:\/\/vitalstoffversand.com\/pl\/wp-json\/wp\/v2\/product\/26842","targetHints":{"allow":["GET"]}}],"collection":[{"href":"https:\/\/vitalstoffversand.com\/pl\/wp-json\/wp\/v2\/product"}],"about":[{"href":"https:\/\/vitalstoffversand.com\/pl\/wp-json\/wp\/v2\/types\/product"}],"wp:featuredmedia":[{"embeddable":true,"href":"https:\/\/vitalstoffversand.com\/pl\/wp-json\/wp\/v2\/media\/51872"}],"wp:attachment":[{"href":"https:\/\/vitalstoffversand.com\/pl\/wp-json\/wp\/v2\/media?parent=26842"}],"wp:term":[{"taxonomy":"product_brand","embeddable":true,"href":"https:\/\/vitalstoffversand.com\/pl\/wp-json\/wp\/v2\/product_brand?post=26842"},{"taxonomy":"product_cat","embeddable":true,"href":"https:\/\/vitalstoffversand.com\/pl\/wp-json\/wp\/v2\/product_cat?post=26842"},{"taxonomy":"product_tag","embeddable":true,"href":"https:\/\/vitalstoffversand.com\/pl\/wp-json\/wp\/v2\/product_tag?post=26842"}],"curies":[{"name":"wp","href":"https:\/\/api.w.org\/{rel}","templated":true}]}}