{"id":26836,"date":"2024-11-10T15:47:44","date_gmt":"2024-11-10T14:47:44","guid":{"rendered":"https:\/\/vitalstoffversand.com\/produkt\/vit4ever-d-mannoza-180-kapsulek\/"},"modified":"2026-03-14T18:11:55","modified_gmt":"2026-03-14T17:11:55","slug":"vit4ever-d-mannoza-180-kapsulek","status":"publish","type":"product","link":"https:\/\/vitalstoffversand.com\/pl\/produkt-pl\/vit4ever-d-mannoza-180-kapsulek\/","title":{"rendered":"Vit4ever <br>D-Mannoza &#8211; 180 kapsu\u0142ek"},"content":{"rendered":"<p>Mannoza to naturalnie wyst\u0119puj\u0105cy cukier prosty, kt\u00f3ry jest blisko spokrewniony z glukoz\u0105 i jest wytwarzany w niewielkich ilo\u015bciach przez sam organizm.<\/p>\n<p>Ze wzgl\u0119du na jego potencja\u0142 do rozpoznawania bakterii i wi\u0105zania si\u0119 z nimi, wiele os\u00f3b stosuje go na przyk\u0142ad w leczeniu bakteryjnego zapalenia p\u0119cherza moczowego lub Escherichia coli (E. coli).<\/p>\n<ul>\n<li>Wegan<\/li>\n<li>Bez glutenu<\/li>\n<li>Bez laktozy<\/li>\n<li>Bez GMO<\/li>\n<li>Wyprodukowane zgodnie z surowymi normami jako\u015bci UE<\/li>\n<\/ul>\n","protected":false},"excerpt":{"rendered":"<p>Mannoza to naturalnie wyst\u0119puj\u0105cy cukier prosty, kt\u00f3ry jest blisko spokrewniony z glukoz\u0105 i jest wytwarzany w niewielkich ilo\u015bciach przez sam organizm. Ze wzgl\u0119du na jego potencja\u0142 do rozpoznawania bakterii i wi\u0105zania si\u0119 z nimi, wiele os\u00f3b stosuje go na przyk\u0142ad w leczeniu bakteryjnego zapalenia p\u0119cherza moczowego lub Escherichia coli (E. coli). Wegan Bez glutenu Bez [&hellip;]<\/p>\n","protected":false},"featured_media":51752,"template":"","meta":{"_acf_changed":false},"product_brand":[10220],"product_cat":[560,569],"product_tag":[],"class_list":{"0":"post-26836","1":"product","2":"type-product","3":"status-publish","4":"has-post-thumbnail","6":"product_brand-vit4ever-pl","7":"product_cat-skladniki-odzywcze","8":"product_cat-produkty-od-a-z","10":"first","11":"outofstock","12":"taxable","13":"shipping-taxable","14":"purchasable","15":"product-type-simple"},"acf":[],"_links":{"self":[{"href":"https:\/\/vitalstoffversand.com\/pl\/wp-json\/wp\/v2\/product\/26836","targetHints":{"allow":["GET"]}}],"collection":[{"href":"https:\/\/vitalstoffversand.com\/pl\/wp-json\/wp\/v2\/product"}],"about":[{"href":"https:\/\/vitalstoffversand.com\/pl\/wp-json\/wp\/v2\/types\/product"}],"wp:featuredmedia":[{"embeddable":true,"href":"https:\/\/vitalstoffversand.com\/pl\/wp-json\/wp\/v2\/media\/51752"}],"wp:attachment":[{"href":"https:\/\/vitalstoffversand.com\/pl\/wp-json\/wp\/v2\/media?parent=26836"}],"wp:term":[{"taxonomy":"product_brand","embeddable":true,"href":"https:\/\/vitalstoffversand.com\/pl\/wp-json\/wp\/v2\/product_brand?post=26836"},{"taxonomy":"product_cat","embeddable":true,"href":"https:\/\/vitalstoffversand.com\/pl\/wp-json\/wp\/v2\/product_cat?post=26836"},{"taxonomy":"product_tag","embeddable":true,"href":"https:\/\/vitalstoffversand.com\/pl\/wp-json\/wp\/v2\/product_tag?post=26836"}],"curies":[{"name":"wp","href":"https:\/\/api.w.org\/{rel}","templated":true}]}}