{"id":26829,"date":"2024-11-10T15:20:33","date_gmt":"2024-11-10T14:20:33","guid":{"rendered":"https:\/\/vitalstoffversand.com\/produkt\/vit4ever-wodorocytrynian-magnezu-600-g\/"},"modified":"2026-03-14T17:51:29","modified_gmt":"2026-03-14T16:51:29","slug":"vit4ever-wodorocytrynian-magnezu-600-g","status":"publish","type":"product","link":"https:\/\/vitalstoffversand.com\/pl\/produkt-pl\/vit4ever-wodorocytrynian-magnezu-600-g\/","title":{"rendered":"Vit4ever <br>Wodorocytrynian magnezu &#8211; 600 g"},"content":{"rendered":"<p><a href=\"https:\/\/vitalstoffversand.com\/knowledge-base\/magnesium\/\" target=\"_blank\" rel=\"noopener\"><strong><span style=\"color: #0000ff;\">\u2192 Magnez<\/span><\/strong><\/a> jest wymagany przez organizm do wielu r\u00f3\u017cnych funkcji.<\/p>\n<p>Wodorocytrynian magnezu jest sol\u0105 magnezow\u0105 kwasu cytrynowego o najwy\u017cszej jako\u015bci i czysto\u015bci.<\/p>\n<p>W por\u00f3wnaniu do \u201enormalnego\u201d cytrynianu magnezu, wodorocytrynian magnezu jest magnezem zawieraj\u0105cym wod\u0119 i charakteryzuje si\u0119 bardzo dobr\u0105 rozpuszczalno\u015bci\u0105 i tylko lekko kwa\u015bnym smakiem.<\/p>\n<ul>\n<li>Wegan<\/li>\n<li>Bez glutenu<\/li>\n<li>Bez laktozy<\/li>\n<li>Bez GMO<\/li>\n<li>Wyprodukowane zgodnie z surowymi normami jako\u015bci UE<\/li>\n<\/ul>\n","protected":false},"excerpt":{"rendered":"<p>\u2192 Magnez jest wymagany przez organizm do wielu r\u00f3\u017cnych funkcji. Wodorocytrynian magnezu jest sol\u0105 magnezow\u0105 kwasu cytrynowego o najwy\u017cszej jako\u015bci i czysto\u015bci. W por\u00f3wnaniu do \u201enormalnego\u201d cytrynianu magnezu, wodorocytrynian magnezu jest magnezem zawieraj\u0105cym wod\u0119 i charakteryzuje si\u0119 bardzo dobr\u0105 rozpuszczalno\u015bci\u0105 i tylko lekko kwa\u015bnym smakiem. Wegan Bez glutenu Bez laktozy Bez GMO Wyprodukowane zgodnie z [&hellip;]<\/p>\n","protected":false},"featured_media":51647,"template":"","meta":{"_acf_changed":false},"product_brand":[10220],"product_cat":[556,569],"product_tag":[],"class_list":{"0":"post-26829","1":"product","2":"type-product","3":"status-publish","4":"has-post-thumbnail","6":"product_brand-vit4ever-pl","7":"product_cat-mineraly-i-pierwiastki-sladowe","8":"product_cat-produkty-od-a-z","10":"first","11":"instock","12":"taxable","13":"shipping-taxable","14":"purchasable","15":"product-type-simple"},"acf":[],"_links":{"self":[{"href":"https:\/\/vitalstoffversand.com\/pl\/wp-json\/wp\/v2\/product\/26829","targetHints":{"allow":["GET"]}}],"collection":[{"href":"https:\/\/vitalstoffversand.com\/pl\/wp-json\/wp\/v2\/product"}],"about":[{"href":"https:\/\/vitalstoffversand.com\/pl\/wp-json\/wp\/v2\/types\/product"}],"wp:featuredmedia":[{"embeddable":true,"href":"https:\/\/vitalstoffversand.com\/pl\/wp-json\/wp\/v2\/media\/51647"}],"wp:attachment":[{"href":"https:\/\/vitalstoffversand.com\/pl\/wp-json\/wp\/v2\/media?parent=26829"}],"wp:term":[{"taxonomy":"product_brand","embeddable":true,"href":"https:\/\/vitalstoffversand.com\/pl\/wp-json\/wp\/v2\/product_brand?post=26829"},{"taxonomy":"product_cat","embeddable":true,"href":"https:\/\/vitalstoffversand.com\/pl\/wp-json\/wp\/v2\/product_cat?post=26829"},{"taxonomy":"product_tag","embeddable":true,"href":"https:\/\/vitalstoffversand.com\/pl\/wp-json\/wp\/v2\/product_tag?post=26829"}],"curies":[{"name":"wp","href":"https:\/\/api.w.org\/{rel}","templated":true}]}}