{"id":26823,"date":"2024-11-10T15:18:24","date_gmt":"2024-11-10T14:18:24","guid":{"rendered":"https:\/\/vitalstoffversand.com\/produkt\/vit4ever-prebio-inulin-1100-g\/"},"modified":"2026-03-14T17:37:46","modified_gmt":"2026-03-14T16:37:46","slug":"vit4ever-prebio-inulin-1100-g","status":"publish","type":"product","link":"https:\/\/vitalstoffversand.com\/pl\/produkt-pl\/vit4ever-prebio-inulin-1100-g\/","title":{"rendered":"Vit4ever <br>Prebio Inulin &#8211; 1100 g"},"content":{"rendered":"<p>Prebio inulina jest b\u0142onnikiem pokarmowym i dlatego jest niezb\u0119dna dla naszego trawienia.<\/p>\n<p>B\u0142onnik jest wa\u017cny dla naszych \u201edobrych\u201d bakterii jelitowych, kt\u00f3re s\u0105 odpowiedzialne za zdrow\u0105 flor\u0119 jelitow\u0105.<\/p>\n<p>Inulina jest fruktanem, czyli mieszanin\u0105 polisacharyd\u00f3w i fruktozy, dlatego ma przyjemny, lekko s\u0142odki smak i mo\u017ce by\u0107 stosowana na wiele sposob\u00f3w.<\/p>\n<ul>\n<li>Wegan<\/li>\n<li>Bez glutenu<\/li>\n<li>Bez laktozy<\/li>\n<li>Bez GMO<\/li>\n<li>Wyprodukowane zgodnie z surowymi normami jako\u015bci UE<\/li>\n<\/ul>\n","protected":false},"excerpt":{"rendered":"<p>Prebio inulina jest b\u0142onnikiem pokarmowym i dlatego jest niezb\u0119dna dla naszego trawienia. B\u0142onnik jest wa\u017cny dla naszych \u201edobrych\u201d bakterii jelitowych, kt\u00f3re s\u0105 odpowiedzialne za zdrow\u0105 flor\u0119 jelitow\u0105. Inulina jest fruktanem, czyli mieszanin\u0105 polisacharyd\u00f3w i fruktozy, dlatego ma przyjemny, lekko s\u0142odki smak i mo\u017ce by\u0107 stosowana na wiele sposob\u00f3w. Wegan Bez glutenu Bez laktozy Bez GMO [&hellip;]<\/p>\n","protected":false},"featured_media":61139,"template":"","meta":{"_acf_changed":false},"product_brand":[10220],"product_cat":[560,569],"product_tag":[],"class_list":{"0":"post-26823","1":"product","2":"type-product","3":"status-publish","4":"has-post-thumbnail","6":"product_brand-vit4ever-pl","7":"product_cat-skladniki-odzywcze","8":"product_cat-produkty-od-a-z","10":"first","11":"instock","12":"taxable","13":"shipping-taxable","14":"purchasable","15":"product-type-simple"},"acf":[],"_links":{"self":[{"href":"https:\/\/vitalstoffversand.com\/pl\/wp-json\/wp\/v2\/product\/26823","targetHints":{"allow":["GET"]}}],"collection":[{"href":"https:\/\/vitalstoffversand.com\/pl\/wp-json\/wp\/v2\/product"}],"about":[{"href":"https:\/\/vitalstoffversand.com\/pl\/wp-json\/wp\/v2\/types\/product"}],"wp:featuredmedia":[{"embeddable":true,"href":"https:\/\/vitalstoffversand.com\/pl\/wp-json\/wp\/v2\/media\/61139"}],"wp:attachment":[{"href":"https:\/\/vitalstoffversand.com\/pl\/wp-json\/wp\/v2\/media?parent=26823"}],"wp:term":[{"taxonomy":"product_brand","embeddable":true,"href":"https:\/\/vitalstoffversand.com\/pl\/wp-json\/wp\/v2\/product_brand?post=26823"},{"taxonomy":"product_cat","embeddable":true,"href":"https:\/\/vitalstoffversand.com\/pl\/wp-json\/wp\/v2\/product_cat?post=26823"},{"taxonomy":"product_tag","embeddable":true,"href":"https:\/\/vitalstoffversand.com\/pl\/wp-json\/wp\/v2\/product_tag?post=26823"}],"curies":[{"name":"wp","href":"https:\/\/api.w.org\/{rel}","templated":true}]}}