{"id":26818,"date":"2024-11-10T15:15:13","date_gmt":"2024-11-10T14:15:13","guid":{"rendered":"https:\/\/vitalstoffversand.com\/produkt\/vit4ever-l-karnityna-300-g\/"},"modified":"2026-03-14T17:33:46","modified_gmt":"2026-03-14T16:33:46","slug":"vit4ever-l-karnityna-300-g","status":"publish","type":"product","link":"https:\/\/vitalstoffversand.com\/pl\/produkt-pl\/vit4ever-l-karnityna-300-g\/","title":{"rendered":"Vit4ever <br>L-karnityna &#8211; 300 g"},"content":{"rendered":"<p>L-karnityna odpowiada mi\u0119dzy innymi za organizacj\u0119 transportu kwas\u00f3w t\u0142uszczowych w organizmie.<\/p>\n<p>Winian L-karnityny w proszku zawiera 68% czystej L-karnityny.<\/p>\n<p>W zwi\u0105zku z tym wyra\u017anie czu\u0107 amoniak (zapach ryb). To nie jest wada, lecz oznaka wysokiej czysto\u015bci.<\/p>\n<ul>\n<li>Wegan<\/li>\n<li>Bez glutenu<\/li>\n<li>Bez laktozy<\/li>\n<li>Bez GMO<\/li>\n<li>Wyprodukowane zgodnie z surowymi normami jako\u015bci UE<\/li>\n<\/ul>\n","protected":false},"excerpt":{"rendered":"<p>L-karnityna odpowiada mi\u0119dzy innymi za organizacj\u0119 transportu kwas\u00f3w t\u0142uszczowych w organizmie. Winian L-karnityny w proszku zawiera 68% czystej L-karnityny. W zwi\u0105zku z tym wyra\u017anie czu\u0107 amoniak (zapach ryb). To nie jest wada, lecz oznaka wysokiej czysto\u015bci. Wegan Bez glutenu Bez laktozy Bez GMO Wyprodukowane zgodnie z surowymi normami jako\u015bci UE<\/p>\n","protected":false},"featured_media":61618,"template":"","meta":{"_acf_changed":false},"product_brand":[10220],"product_cat":[560,569],"product_tag":[],"class_list":{"0":"post-26818","1":"product","2":"type-product","3":"status-publish","4":"has-post-thumbnail","6":"product_brand-vit4ever-pl","7":"product_cat-skladniki-odzywcze","8":"product_cat-produkty-od-a-z","10":"first","11":"instock","12":"taxable","13":"shipping-taxable","14":"purchasable","15":"product-type-simple"},"acf":[],"_links":{"self":[{"href":"https:\/\/vitalstoffversand.com\/pl\/wp-json\/wp\/v2\/product\/26818","targetHints":{"allow":["GET"]}}],"collection":[{"href":"https:\/\/vitalstoffversand.com\/pl\/wp-json\/wp\/v2\/product"}],"about":[{"href":"https:\/\/vitalstoffversand.com\/pl\/wp-json\/wp\/v2\/types\/product"}],"wp:featuredmedia":[{"embeddable":true,"href":"https:\/\/vitalstoffversand.com\/pl\/wp-json\/wp\/v2\/media\/61618"}],"wp:attachment":[{"href":"https:\/\/vitalstoffversand.com\/pl\/wp-json\/wp\/v2\/media?parent=26818"}],"wp:term":[{"taxonomy":"product_brand","embeddable":true,"href":"https:\/\/vitalstoffversand.com\/pl\/wp-json\/wp\/v2\/product_brand?post=26818"},{"taxonomy":"product_cat","embeddable":true,"href":"https:\/\/vitalstoffversand.com\/pl\/wp-json\/wp\/v2\/product_cat?post=26818"},{"taxonomy":"product_tag","embeddable":true,"href":"https:\/\/vitalstoffversand.com\/pl\/wp-json\/wp\/v2\/product_tag?post=26818"}],"curies":[{"name":"wp","href":"https:\/\/api.w.org\/{rel}","templated":true}]}}