{"id":26817,"date":"2024-11-10T14:04:16","date_gmt":"2024-11-10T13:04:16","guid":{"rendered":"https:\/\/vitalstoffversand.com\/produkt\/vit4ever-l-tyrozyna-500-g\/"},"modified":"2026-03-14T17:30:09","modified_gmt":"2026-03-14T16:30:09","slug":"vit4ever-l-tyrozyna-500-g","status":"publish","type":"product","link":"https:\/\/vitalstoffversand.com\/pl\/produkt-pl\/vit4ever-l-tyrozyna-500-g\/","title":{"rendered":"Vit4ever <br>L-tyrozyna &#8211; 500 g"},"content":{"rendered":"<p>L-tyrozyna nale\u017cy do neuroprzeka\u017anik\u00f3w (substancji przeka\u017anikowych uk\u0142adu nerwowego) i jest nieistotnym aminokwasem proteinogennym.<\/p>\n<p>Promuje produkcj\u0119 dopaminy, kt\u00f3ra jest r\u00f3wnie\u017c znana jako hormon szcz\u0119\u015bcia i opr\u00f3cz poczucia szcz\u0119\u015bcia mo\u017ce r\u00f3wnie\u017c zwi\u0119ksza\u0107 koncentracj\u0119, nastr\u00f3j i szybko\u015b\u0107 reakcji.<\/p>\n<ul>\n<li>Wegan<\/li>\n<li>Bez glutenu<\/li>\n<li>Bez laktozy<\/li>\n<li>Bez GMO<\/li>\n<li>Wyprodukowane zgodnie z surowymi normami jako\u015bci UE<\/li>\n<\/ul>\n","protected":false},"excerpt":{"rendered":"<p>L-tyrozyna nale\u017cy do neuroprzeka\u017anik\u00f3w (substancji przeka\u017anikowych uk\u0142adu nerwowego) i jest nieistotnym aminokwasem proteinogennym. Promuje produkcj\u0119 dopaminy, kt\u00f3ra jest r\u00f3wnie\u017c znana jako hormon szcz\u0119\u015bcia i opr\u00f3cz poczucia szcz\u0119\u015bcia mo\u017ce r\u00f3wnie\u017c zwi\u0119ksza\u0107 koncentracj\u0119, nastr\u00f3j i szybko\u015b\u0107 reakcji. Wegan Bez glutenu Bez laktozy Bez GMO Wyprodukowane zgodnie z surowymi normami jako\u015bci UE<\/p>\n","protected":false},"featured_media":51519,"template":"","meta":{"_acf_changed":false},"product_brand":[10220],"product_cat":[552,569],"product_tag":[],"class_list":{"0":"post-26817","1":"product","2":"type-product","3":"status-publish","4":"has-post-thumbnail","6":"product_brand-vit4ever-pl","7":"product_cat-aminokwasy","8":"product_cat-produkty-od-a-z","10":"first","11":"instock","12":"taxable","13":"shipping-taxable","14":"purchasable","15":"product-type-simple"},"acf":[],"_links":{"self":[{"href":"https:\/\/vitalstoffversand.com\/pl\/wp-json\/wp\/v2\/product\/26817","targetHints":{"allow":["GET"]}}],"collection":[{"href":"https:\/\/vitalstoffversand.com\/pl\/wp-json\/wp\/v2\/product"}],"about":[{"href":"https:\/\/vitalstoffversand.com\/pl\/wp-json\/wp\/v2\/types\/product"}],"wp:featuredmedia":[{"embeddable":true,"href":"https:\/\/vitalstoffversand.com\/pl\/wp-json\/wp\/v2\/media\/51519"}],"wp:attachment":[{"href":"https:\/\/vitalstoffversand.com\/pl\/wp-json\/wp\/v2\/media?parent=26817"}],"wp:term":[{"taxonomy":"product_brand","embeddable":true,"href":"https:\/\/vitalstoffversand.com\/pl\/wp-json\/wp\/v2\/product_brand?post=26817"},{"taxonomy":"product_cat","embeddable":true,"href":"https:\/\/vitalstoffversand.com\/pl\/wp-json\/wp\/v2\/product_cat?post=26817"},{"taxonomy":"product_tag","embeddable":true,"href":"https:\/\/vitalstoffversand.com\/pl\/wp-json\/wp\/v2\/product_tag?post=26817"}],"curies":[{"name":"wp","href":"https:\/\/api.w.org\/{rel}","templated":true}]}}