{"id":26803,"date":"2024-11-10T13:54:35","date_gmt":"2024-11-10T12:54:35","guid":{"rendered":"https:\/\/vitalstoffversand.com\/produkt\/vit4ever-organiczna-kozieradka-aktywowana-365-kapsulek\/"},"modified":"2026-03-14T17:12:53","modified_gmt":"2026-03-14T16:12:53","slug":"vit4ever-organiczna-kozieradka-aktywowana-365-kapsulek","status":"publish","type":"product","link":"https:\/\/vitalstoffversand.com\/pl\/produkt-pl\/vit4ever-organiczna-kozieradka-aktywowana-365-kapsulek\/","title":{"rendered":"Vit4ever <br>Organiczna kozieradka aktywowana &#8211; 365 kapsu\u0142ek"},"content":{"rendered":"<p>Nasiona kozieradki zawieraj\u0105 cenne sk\u0142adniki, takie jak kwas askorbinowy, wap\u0144, witamina C, witamina B6, \u017celazo, magnez i bia\u0142ka.<\/p>\n<p>Organiczne kapsu\u0142ki kozieradki zawieraj\u0105 naturalny, aktywowany surowiec.<\/p>\n<ul>\n<li>Wegan<\/li>\n<li>Bez glutenu<\/li>\n<li>Bez laktozy<\/li>\n<li>Bez GMO<\/li>\n<li>Wyprodukowane zgodnie z surowymi normami jako\u015bci UE<\/li>\n<\/ul>\n","protected":false},"excerpt":{"rendered":"<p>Nasiona kozieradki zawieraj\u0105 cenne sk\u0142adniki, takie jak kwas askorbinowy, wap\u0144, witamina C, witamina B6, \u017celazo, magnez i bia\u0142ka. Organiczne kapsu\u0142ki kozieradki zawieraj\u0105 naturalny, aktywowany surowiec. Wegan Bez glutenu Bez laktozy Bez GMO Wyprodukowane zgodnie z surowymi normami jako\u015bci UE<\/p>\n","protected":false},"featured_media":51343,"template":"","meta":{"_acf_changed":false},"product_brand":[10220],"product_cat":[560,540,569],"product_tag":[],"class_list":{"0":"post-26803","1":"product","2":"type-product","3":"status-publish","4":"has-post-thumbnail","6":"product_brand-vit4ever-pl","7":"product_cat-skladniki-odzywcze","8":"product_cat-organiczny","9":"product_cat-produkty-od-a-z","11":"first","12":"instock","13":"taxable","14":"shipping-taxable","15":"purchasable","16":"product-type-simple"},"acf":[],"_links":{"self":[{"href":"https:\/\/vitalstoffversand.com\/pl\/wp-json\/wp\/v2\/product\/26803","targetHints":{"allow":["GET"]}}],"collection":[{"href":"https:\/\/vitalstoffversand.com\/pl\/wp-json\/wp\/v2\/product"}],"about":[{"href":"https:\/\/vitalstoffversand.com\/pl\/wp-json\/wp\/v2\/types\/product"}],"wp:featuredmedia":[{"embeddable":true,"href":"https:\/\/vitalstoffversand.com\/pl\/wp-json\/wp\/v2\/media\/51343"}],"wp:attachment":[{"href":"https:\/\/vitalstoffversand.com\/pl\/wp-json\/wp\/v2\/media?parent=26803"}],"wp:term":[{"taxonomy":"product_brand","embeddable":true,"href":"https:\/\/vitalstoffversand.com\/pl\/wp-json\/wp\/v2\/product_brand?post=26803"},{"taxonomy":"product_cat","embeddable":true,"href":"https:\/\/vitalstoffversand.com\/pl\/wp-json\/wp\/v2\/product_cat?post=26803"},{"taxonomy":"product_tag","embeddable":true,"href":"https:\/\/vitalstoffversand.com\/pl\/wp-json\/wp\/v2\/product_tag?post=26803"}],"curies":[{"name":"wp","href":"https:\/\/api.w.org\/{rel}","templated":true}]}}