{"id":26800,"date":"2024-11-10T13:58:25","date_gmt":"2024-11-10T12:58:25","guid":{"rendered":"https:\/\/vitalstoffversand.com\/produkt\/vit4ever-kofeina-xxl-500-tabletek\/"},"modified":"2026-03-14T17:24:26","modified_gmt":"2026-03-14T16:24:26","slug":"vit4ever-kofeina-xxl-500-tabletek","status":"publish","type":"product","link":"https:\/\/vitalstoffversand.com\/pl\/produkt-pl\/vit4ever-kofeina-xxl-500-tabletek\/","title":{"rendered":"Vit4ever <br>Kofeina XXL &#8211; 500 tabletek"},"content":{"rendered":"<p>Tabletki z wysok\u0105 dawk\u0105 kofeiny zawieraj\u0105ce 200 mg kofeiny w tabletce.<\/p>\n<p>Dzia\u0142a stymuluj\u0105co na o\u015brodkowy uk\u0142ad nerwowy.<\/p>\n<p>Dawka jednej tabletki odpowiada oko\u0142o p\u00f3\u0142 litra kawy \/ napoju energetycznego lub 0,8 litra zielonej herbaty lub dw\u00f3m litrom coli.<\/p>\n<ul>\n<li>Wegan<\/li>\n<li>Bez glutenu<\/li>\n<li>Bez laktozy<\/li>\n<li>Bez GMO<\/li>\n<li>Wyprodukowane zgodnie z surowymi normami jako\u015bci UE<\/li>\n<\/ul>\n","protected":false},"excerpt":{"rendered":"<p>Tabletki z wysok\u0105 dawk\u0105 kofeiny zawieraj\u0105ce 200 mg kofeiny w tabletce. Dzia\u0142a stymuluj\u0105co na o\u015brodkowy uk\u0142ad nerwowy. Dawka jednej tabletki odpowiada oko\u0142o p\u00f3\u0142 litra kawy \/ napoju energetycznego lub 0,8 litra zielonej herbaty lub dw\u00f3m litrom coli. Wegan Bez glutenu Bez laktozy Bez GMO Wyprodukowane zgodnie z surowymi normami jako\u015bci UE<\/p>\n","protected":false},"featured_media":51447,"template":"","meta":{"_acf_changed":false},"product_brand":[10220],"product_cat":[560,569],"product_tag":[],"class_list":{"0":"post-26800","1":"product","2":"type-product","3":"status-publish","4":"has-post-thumbnail","6":"product_brand-vit4ever-pl","7":"product_cat-skladniki-odzywcze","8":"product_cat-produkty-od-a-z","10":"first","11":"instock","12":"taxable","13":"shipping-taxable","14":"purchasable","15":"product-type-simple"},"acf":[],"_links":{"self":[{"href":"https:\/\/vitalstoffversand.com\/pl\/wp-json\/wp\/v2\/product\/26800","targetHints":{"allow":["GET"]}}],"collection":[{"href":"https:\/\/vitalstoffversand.com\/pl\/wp-json\/wp\/v2\/product"}],"about":[{"href":"https:\/\/vitalstoffversand.com\/pl\/wp-json\/wp\/v2\/types\/product"}],"wp:featuredmedia":[{"embeddable":true,"href":"https:\/\/vitalstoffversand.com\/pl\/wp-json\/wp\/v2\/media\/51447"}],"wp:attachment":[{"href":"https:\/\/vitalstoffversand.com\/pl\/wp-json\/wp\/v2\/media?parent=26800"}],"wp:term":[{"taxonomy":"product_brand","embeddable":true,"href":"https:\/\/vitalstoffversand.com\/pl\/wp-json\/wp\/v2\/product_brand?post=26800"},{"taxonomy":"product_cat","embeddable":true,"href":"https:\/\/vitalstoffversand.com\/pl\/wp-json\/wp\/v2\/product_cat?post=26800"},{"taxonomy":"product_tag","embeddable":true,"href":"https:\/\/vitalstoffversand.com\/pl\/wp-json\/wp\/v2\/product_tag?post=26800"}],"curies":[{"name":"wp","href":"https:\/\/api.w.org\/{rel}","templated":true}]}}