{"id":26611,"date":"2025-04-15T14:28:14","date_gmt":"2025-04-15T12:28:14","guid":{"rendered":"https:\/\/vitalstoffversand.com\/produkt\/vit4ever-kompleks-plucny-180-kapsulek\/"},"modified":"2026-03-16T18:34:31","modified_gmt":"2026-03-16T17:34:31","slug":"vit4ever-kompleks-plucny-180-kapsulek","status":"publish","type":"product","link":"https:\/\/vitalstoffversand.com\/pl\/produkt-pl\/vit4ever-kompleks-plucny-180-kapsulek\/","title":{"rendered":"Vit4ever <br>Kompleks p\u0142ucny &#8211; 180 kapsu\u0142ek"},"content":{"rendered":"<p>Nasze p\u0142uca i drogi oddechowe s\u0105 nara\u017cone na r\u00f3\u017cne obci\u0105\u017cenia i wp\u0142ywy.<\/p>\n<p>Lungwort Complex \u0142\u0105czy w sobie 12 tradycyjnych ro\u015blin i mikroelement\u00f3w znanych ze wspierania dr\u00f3g oddechowych i oskrzeli.<\/p>\n<ul>\n<li>Wegan<\/li>\n<li>Bez glutenu<\/li>\n<li>Bez laktozy<\/li>\n<li>Bez GMO<\/li>\n<li>Wyprodukowane zgodnie z surowymi normami jako\u015bci UE<\/li>\n<\/ul>\n","protected":false},"excerpt":{"rendered":"<p>Nasze p\u0142uca i drogi oddechowe s\u0105 nara\u017cone na r\u00f3\u017cne obci\u0105\u017cenia i wp\u0142ywy. Lungwort Complex \u0142\u0105czy w sobie 12 tradycyjnych ro\u015blin i mikroelement\u00f3w znanych ze wspierania dr\u00f3g oddechowych i oskrzeli. Wegan Bez glutenu Bez laktozy Bez GMO Wyprodukowane zgodnie z surowymi normami jako\u015bci UE<\/p>\n","protected":false},"featured_media":57777,"template":"","meta":{"_acf_changed":false},"product_brand":[10220],"product_cat":[560,569],"product_tag":[],"class_list":{"0":"post-26611","1":"product","2":"type-product","3":"status-publish","4":"has-post-thumbnail","6":"product_brand-vit4ever-pl","7":"product_cat-skladniki-odzywcze","8":"product_cat-produkty-od-a-z","10":"first","11":"instock","12":"taxable","13":"shipping-taxable","14":"purchasable","15":"product-type-simple"},"acf":[],"_links":{"self":[{"href":"https:\/\/vitalstoffversand.com\/pl\/wp-json\/wp\/v2\/product\/26611","targetHints":{"allow":["GET"]}}],"collection":[{"href":"https:\/\/vitalstoffversand.com\/pl\/wp-json\/wp\/v2\/product"}],"about":[{"href":"https:\/\/vitalstoffversand.com\/pl\/wp-json\/wp\/v2\/types\/product"}],"wp:featuredmedia":[{"embeddable":true,"href":"https:\/\/vitalstoffversand.com\/pl\/wp-json\/wp\/v2\/media\/57777"}],"wp:attachment":[{"href":"https:\/\/vitalstoffversand.com\/pl\/wp-json\/wp\/v2\/media?parent=26611"}],"wp:term":[{"taxonomy":"product_brand","embeddable":true,"href":"https:\/\/vitalstoffversand.com\/pl\/wp-json\/wp\/v2\/product_brand?post=26611"},{"taxonomy":"product_cat","embeddable":true,"href":"https:\/\/vitalstoffversand.com\/pl\/wp-json\/wp\/v2\/product_cat?post=26611"},{"taxonomy":"product_tag","embeddable":true,"href":"https:\/\/vitalstoffversand.com\/pl\/wp-json\/wp\/v2\/product_tag?post=26611"}],"curies":[{"name":"wp","href":"https:\/\/api.w.org\/{rel}","templated":true}]}}