{"id":2630,"date":"2024-10-30T11:22:37","date_gmt":"2024-10-30T10:22:37","guid":{"rendered":"https:\/\/dev.vitalstoffversand.com\/?post_type=product&#038;p=2630"},"modified":"2026-03-12T14:48:21","modified_gmt":"2026-03-12T13:48:21","slug":"vit4ever-witamina-a-3000-%c2%b5g-10-000-i-u-240-tabletek-kopie-kopie-kopie","status":"publish","type":"product","link":"https:\/\/vitalstoffversand.com\/pl\/produkt-pl\/vit4ever-witamina-a-3000-%c2%b5g-10-000-i-u-240-tabletek-kopie-kopie-kopie\/","title":{"rendered":"Vit4ever <br>Betaina HCL &#8211; 240 kapsu\u0142ek"},"content":{"rendered":"<p><span style=\"color: #000000;\">Pochodna aminokwasu <\/span><a href=\"https:\/\/vitalstoffversand.com\/knowledge-base\/betain\/\" target=\"_blank\" rel=\"noopener\"><span style=\"color: #0000ff;\"><strong>\u2192 Betaina<\/strong><\/span><\/a> jest pochodn\u0105 aminokwasu i, zgodnie z rozporz\u0105dzeniem w sprawie o\u015bwiadcze\u0144 zdrowotnych, przyczynia si\u0119 do zdrowia organizmu przy dziennym spo\u017cyciu co najmniej 1500 mg przyczynia si\u0119 do prawid\u0142owego metabolizmu homocysteiny.<\/p>\n<p>Produkt jest zoptymalizowany poprzez dodanie w\u0142asnego enzymu pepsyny i ekstraktu z korzenia goryczki, kt\u00f3ry jest naturaln\u0105 substancj\u0105 gorzk\u0105.<\/p>\n<ul>\n<li>Bez glutenu<\/li>\n<li>Bez laktozy<\/li>\n<li>Bez GMO<\/li>\n<li>Wyprodukowane zgodnie z surowymi normami jako\u015bci UE<\/li>\n<\/ul>\n","protected":false},"excerpt":{"rendered":"<p>Pochodna aminokwasu \u2192 Betaina jest pochodn\u0105 aminokwasu i, zgodnie z rozporz\u0105dzeniem w sprawie o\u015bwiadcze\u0144 zdrowotnych, przyczynia si\u0119 do zdrowia organizmu przy dziennym spo\u017cyciu co najmniej 1500 mg przyczynia si\u0119 do prawid\u0142owego metabolizmu homocysteiny. Produkt jest zoptymalizowany poprzez dodanie w\u0142asnego enzymu pepsyny i ekstraktu z korzenia goryczki, kt\u00f3ry jest naturaln\u0105 substancj\u0105 gorzk\u0105. Bez glutenu Bez laktozy [&hellip;]<\/p>\n","protected":false},"featured_media":49326,"template":"","meta":{"_acf_changed":false},"product_brand":[10220],"product_cat":[560,569],"product_tag":[],"class_list":{"0":"post-2630","1":"product","2":"type-product","3":"status-publish","4":"has-post-thumbnail","6":"product_brand-vit4ever-pl","7":"product_cat-skladniki-odzywcze","8":"product_cat-produkty-od-a-z","10":"first","11":"instock","12":"taxable","13":"shipping-taxable","14":"purchasable","15":"product-type-simple"},"acf":[],"_links":{"self":[{"href":"https:\/\/vitalstoffversand.com\/pl\/wp-json\/wp\/v2\/product\/2630","targetHints":{"allow":["GET"]}}],"collection":[{"href":"https:\/\/vitalstoffversand.com\/pl\/wp-json\/wp\/v2\/product"}],"about":[{"href":"https:\/\/vitalstoffversand.com\/pl\/wp-json\/wp\/v2\/types\/product"}],"wp:featuredmedia":[{"embeddable":true,"href":"https:\/\/vitalstoffversand.com\/pl\/wp-json\/wp\/v2\/media\/49326"}],"wp:attachment":[{"href":"https:\/\/vitalstoffversand.com\/pl\/wp-json\/wp\/v2\/media?parent=2630"}],"wp:term":[{"taxonomy":"product_brand","embeddable":true,"href":"https:\/\/vitalstoffversand.com\/pl\/wp-json\/wp\/v2\/product_brand?post=2630"},{"taxonomy":"product_cat","embeddable":true,"href":"https:\/\/vitalstoffversand.com\/pl\/wp-json\/wp\/v2\/product_cat?post=2630"},{"taxonomy":"product_tag","embeddable":true,"href":"https:\/\/vitalstoffversand.com\/pl\/wp-json\/wp\/v2\/product_tag?post=2630"}],"curies":[{"name":"wp","href":"https:\/\/api.w.org\/{rel}","templated":true}]}}