{"id":25941,"date":"2025-04-10T15:20:48","date_gmt":"2025-04-10T13:20:48","guid":{"rendered":"https:\/\/vitalstoffversand.com\/produkt\/gen-clean-mass-gainer-3000-g-rozne-smaki\/"},"modified":"2026-03-12T12:52:30","modified_gmt":"2026-03-12T11:52:30","slug":"gen-clean-mass-gainer-3000-g-rozne-smaki","status":"publish","type":"product","link":"https:\/\/vitalstoffversand.com\/pl\/produkt-pl\/gen-clean-mass-gainer-3000-g-rozne-smaki\/","title":{"rendered":"GEN <br>Clean Mass Gainer &#8211; 3000 g &#8211; r\u00f3\u017cne smaki"},"content":{"rendered":"<p>Clean Mass Gainer dostarcza Ci zbilansowan\u0105 mieszank\u0119 wysokiej jako\u015bci bia\u0142ek oraz w\u0119glowodan\u00f3w z\u0142o\u017conych i jest dost\u0119pny w 6 smakach.<\/p>\n<p>W ten spos\u00f3b mo\u017cna skutecznie zwi\u0119kszy\u0107 spo\u017cycie kalorii w ramach \u015bwiadomej diety i dostarczy\u0107 organizmowi potrzebnej energii.<\/p>\n<p>Zawiera r\u00f3wnie\u017c bromelain\u0119 i laktaz\u0119, kt\u00f3re wspomagaj\u0105 wch\u0142anianie sk\u0142adnik\u00f3w od\u017cywczych.<\/p>\n<ul>\n<li>Wegan<\/li>\n<li>Wyprodukowane zgodnie z surowymi normami jako\u015bci UE<\/li>\n<\/ul>\n","protected":false},"excerpt":{"rendered":"<p>Clean Mass Gainer dostarcza Ci zbilansowan\u0105 mieszank\u0119 wysokiej jako\u015bci bia\u0142ek oraz w\u0119glowodan\u00f3w z\u0142o\u017conych i jest dost\u0119pny w 6 smakach. W ten spos\u00f3b mo\u017cna skutecznie zwi\u0119kszy\u0107 spo\u017cycie kalorii w ramach \u015bwiadomej diety i dostarczy\u0107 organizmowi potrzebnej energii. Zawiera r\u00f3wnie\u017c bromelain\u0119 i laktaz\u0119, kt\u00f3re wspomagaj\u0105 wch\u0142anianie sk\u0142adnik\u00f3w od\u017cywczych. Wegan Wyprodukowane zgodnie z surowymi normami jako\u015bci UE<\/p>\n","protected":false},"featured_media":62539,"template":"","meta":{"_acf_changed":false},"product_brand":[10199],"product_cat":[560,569],"product_tag":[],"class_list":{"0":"post-25941","1":"product","2":"type-product","3":"status-publish","4":"has-post-thumbnail","6":"product_brand-gen-german-elite-nutrition-pl","7":"product_cat-skladniki-odzywcze","8":"product_cat-produkty-od-a-z","10":"first","11":"instock","12":"taxable","13":"shipping-taxable","14":"purchasable","15":"product-type-variable"},"acf":[],"_links":{"self":[{"href":"https:\/\/vitalstoffversand.com\/pl\/wp-json\/wp\/v2\/product\/25941","targetHints":{"allow":["GET"]}}],"collection":[{"href":"https:\/\/vitalstoffversand.com\/pl\/wp-json\/wp\/v2\/product"}],"about":[{"href":"https:\/\/vitalstoffversand.com\/pl\/wp-json\/wp\/v2\/types\/product"}],"wp:featuredmedia":[{"embeddable":true,"href":"https:\/\/vitalstoffversand.com\/pl\/wp-json\/wp\/v2\/media\/62539"}],"wp:attachment":[{"href":"https:\/\/vitalstoffversand.com\/pl\/wp-json\/wp\/v2\/media?parent=25941"}],"wp:term":[{"taxonomy":"product_brand","embeddable":true,"href":"https:\/\/vitalstoffversand.com\/pl\/wp-json\/wp\/v2\/product_brand?post=25941"},{"taxonomy":"product_cat","embeddable":true,"href":"https:\/\/vitalstoffversand.com\/pl\/wp-json\/wp\/v2\/product_cat?post=25941"},{"taxonomy":"product_tag","embeddable":true,"href":"https:\/\/vitalstoffversand.com\/pl\/wp-json\/wp\/v2\/product_tag?post=25941"}],"curies":[{"name":"wp","href":"https:\/\/api.w.org\/{rel}","templated":true}]}}