{"id":25905,"date":"2025-04-10T17:25:01","date_gmt":"2025-04-10T15:25:01","guid":{"rendered":"https:\/\/vitalstoffversand.com\/?post_type=product&#038;p=25905"},"modified":"2026-03-12T15:03:59","modified_gmt":"2026-03-12T14:03:59","slug":"gen-fadogia-agrestis-180-kapsulek-kopie","status":"publish","type":"product","link":"https:\/\/vitalstoffversand.com\/pl\/produkt-pl\/gen-fadogia-agrestis-180-kapsulek-kopie\/","title":{"rendered":"GEN <br>Essentials dla serca &#8211; 120 kapsu\u0142ek"},"content":{"rendered":"<p>R\u00f3wnowaga uk\u0142adu sercowo-naczyniowego nie jest kwesti\u0105 wieku, ale codziennej piel\u0119gnacji.<\/p>\n<p>Heart Essentials, sk\u0142adaj\u0105cy si\u0119 z 8 bioaktywnych sk\u0142adnik\u00f3w, zosta\u0142 opracowany w\u0142a\u015bnie z my\u015bl\u0105 o tej piel\u0119gnacji.<\/p>\n<p>Zawiera: Arjuna, bergamotka cytrusowa, kasztanowiec zwyczajny, resweratrol, koenzym Q10, li\u015b\u0107 oliwny, piperyna i <strong><span style=\"color: #0000ff;\"><a style=\"color: #0000ff;\" href=\"https:\/\/vitalstoffversand.com\/knowledge-base\/vitamin-b1-thiamin\/\" target=\"_blank\" rel=\"noopener\">\u2192 witamina B1<\/a><\/span><\/strong>.<\/p>\n<ul>\n<li>Wegan<\/li>\n<li>Bez glutenu<\/li>\n<li>Bez laktozy<\/li>\n<li>Bez GMO<\/li>\n<li>Wyprodukowane zgodnie z surowymi normami jako\u015bci UE<\/li>\n<\/ul>\n","protected":false},"excerpt":{"rendered":"<p>R\u00f3wnowaga uk\u0142adu sercowo-naczyniowego nie jest kwesti\u0105 wieku, ale codziennej piel\u0119gnacji. Heart Essentials, sk\u0142adaj\u0105cy si\u0119 z 8 bioaktywnych sk\u0142adnik\u00f3w, zosta\u0142 opracowany w\u0142a\u015bnie z my\u015bl\u0105 o tej piel\u0119gnacji. Zawiera: Arjuna, bergamotka cytrusowa, kasztanowiec zwyczajny, resweratrol, koenzym Q10, li\u015b\u0107 oliwny, piperyna i \u2192 witamina B1. Wegan Bez glutenu Bez laktozy Bez GMO Wyprodukowane zgodnie z surowymi normami jako\u015bci [&hellip;]<\/p>\n","protected":false},"featured_media":48030,"template":"","meta":{"_acf_changed":false},"product_brand":[10199],"product_cat":[560,569],"product_tag":[],"class_list":{"0":"post-25905","1":"product","2":"type-product","3":"status-publish","4":"has-post-thumbnail","6":"product_brand-gen-german-elite-nutrition-pl","7":"product_cat-skladniki-odzywcze","8":"product_cat-produkty-od-a-z","10":"first","11":"instock","12":"taxable","13":"shipping-taxable","14":"purchasable","15":"product-type-simple"},"acf":[],"_links":{"self":[{"href":"https:\/\/vitalstoffversand.com\/pl\/wp-json\/wp\/v2\/product\/25905","targetHints":{"allow":["GET"]}}],"collection":[{"href":"https:\/\/vitalstoffversand.com\/pl\/wp-json\/wp\/v2\/product"}],"about":[{"href":"https:\/\/vitalstoffversand.com\/pl\/wp-json\/wp\/v2\/types\/product"}],"wp:featuredmedia":[{"embeddable":true,"href":"https:\/\/vitalstoffversand.com\/pl\/wp-json\/wp\/v2\/media\/48030"}],"wp:attachment":[{"href":"https:\/\/vitalstoffversand.com\/pl\/wp-json\/wp\/v2\/media?parent=25905"}],"wp:term":[{"taxonomy":"product_brand","embeddable":true,"href":"https:\/\/vitalstoffversand.com\/pl\/wp-json\/wp\/v2\/product_brand?post=25905"},{"taxonomy":"product_cat","embeddable":true,"href":"https:\/\/vitalstoffversand.com\/pl\/wp-json\/wp\/v2\/product_cat?post=25905"},{"taxonomy":"product_tag","embeddable":true,"href":"https:\/\/vitalstoffversand.com\/pl\/wp-json\/wp\/v2\/product_tag?post=25905"}],"curies":[{"name":"wp","href":"https:\/\/api.w.org\/{rel}","templated":true}]}}