{"id":2589,"date":"2024-10-30T10:55:46","date_gmt":"2024-10-30T09:55:46","guid":{"rendered":"https:\/\/dev.vitalstoffversand.com\/?post_type=product&#038;p=2589"},"modified":"2026-03-12T14:16:14","modified_gmt":"2026-03-12T13:16:14","slug":"vit4ever-witamina-a-3000-%c2%b5g-10-000-i-u-240-tabletek-kopie-kopie","status":"publish","type":"product","link":"https:\/\/vitalstoffversand.com\/pl\/produkt-pl\/vit4ever-witamina-a-3000-%c2%b5g-10-000-i-u-240-tabletek-kopie-kopie\/","title":{"rendered":"Vit4ever <br>Superfood Mix &#8211; 420 g"},"content":{"rendered":"<p>Mieszanka trawy j\u0119czmiennej, guarany, maca, moringi, spiruliny i chlorelli o naturalnym cytrynowym smaku.<\/p>\n<p>Zapewnia bogactwo naturalnych witamin, mikro- i makroelement\u00f3w, przeciwutleniaczy i substancji ro\u015blinnych i mo\u017ce by\u0107 u\u017cytecznym uzupe\u0142nieniem, ale oczywi\u015bcie nie zast\u0119puje, dziennego zapotrzebowania na owoce i warzywa.<\/p>\n<ul>\n<li>Wegan<\/li>\n<li>Bez glutenu<\/li>\n<li>Bez laktozy<\/li>\n<li>Bez GMO<\/li>\n<li>Wyprodukowane zgodnie z surowymi normami jako\u015bci UE<\/li>\n<\/ul>\n","protected":false},"excerpt":{"rendered":"<p>Mieszanka trawy j\u0119czmiennej, guarany, maca, moringi, spiruliny i chlorelli o naturalnym cytrynowym smaku. Zapewnia bogactwo naturalnych witamin, mikro- i makroelement\u00f3w, przeciwutleniaczy i substancji ro\u015blinnych i mo\u017ce by\u0107 u\u017cytecznym uzupe\u0142nieniem, ale oczywi\u015bcie nie zast\u0119puje, dziennego zapotrzebowania na owoce i warzywa. Wegan Bez glutenu Bez laktozy Bez GMO Wyprodukowane zgodnie z surowymi normami jako\u015bci UE<\/p>\n","protected":false},"featured_media":49278,"template":"","meta":{"_acf_changed":false},"product_brand":[10220],"product_cat":[560,569],"product_tag":[],"class_list":{"0":"post-2589","1":"product","2":"type-product","3":"status-publish","4":"has-post-thumbnail","6":"product_brand-vit4ever-pl","7":"product_cat-skladniki-odzywcze","8":"product_cat-produkty-od-a-z","10":"first","11":"instock","12":"taxable","13":"shipping-taxable","14":"purchasable","15":"product-type-simple"},"acf":[],"_links":{"self":[{"href":"https:\/\/vitalstoffversand.com\/pl\/wp-json\/wp\/v2\/product\/2589","targetHints":{"allow":["GET"]}}],"collection":[{"href":"https:\/\/vitalstoffversand.com\/pl\/wp-json\/wp\/v2\/product"}],"about":[{"href":"https:\/\/vitalstoffversand.com\/pl\/wp-json\/wp\/v2\/types\/product"}],"wp:featuredmedia":[{"embeddable":true,"href":"https:\/\/vitalstoffversand.com\/pl\/wp-json\/wp\/v2\/media\/49278"}],"wp:attachment":[{"href":"https:\/\/vitalstoffversand.com\/pl\/wp-json\/wp\/v2\/media?parent=2589"}],"wp:term":[{"taxonomy":"product_brand","embeddable":true,"href":"https:\/\/vitalstoffversand.com\/pl\/wp-json\/wp\/v2\/product_brand?post=2589"},{"taxonomy":"product_cat","embeddable":true,"href":"https:\/\/vitalstoffversand.com\/pl\/wp-json\/wp\/v2\/product_cat?post=2589"},{"taxonomy":"product_tag","embeddable":true,"href":"https:\/\/vitalstoffversand.com\/pl\/wp-json\/wp\/v2\/product_tag?post=2589"}],"curies":[{"name":"wp","href":"https:\/\/api.w.org\/{rel}","templated":true}]}}