{"id":2430,"date":"2024-10-27T13:13:29","date_gmt":"2024-10-27T12:13:29","guid":{"rendered":"https:\/\/dev.vitalstoffversand.com\/?post_type=product&#038;p=2430"},"modified":"2026-03-11T13:23:31","modified_gmt":"2026-03-11T12:23:31","slug":"organiczne-mielone-luski-psyllium-kopie","status":"publish","type":"product","link":"https:\/\/vitalstoffversand.com\/pl\/produkt-pl\/organiczne-mielone-luski-psyllium-kopie\/","title":{"rendered":"Natura Med <br>Organiczne \u0142upiny psyllium mielone \u2013 250 g"},"content":{"rendered":"<p>Mielona ekologiczna m\u0105ka z \u0142uski psyllium lub proszek z \u0142uski psyllium ma wyj\u0105tkowo silne w\u0142a\u015bciwo\u015bci p\u0119czniej\u0105ce.<\/p>\n<p>To sprawia, \u017ce produkt ten jest idealnym wsparciem podczas diety lub oczyszczania jelit, a tak\u017ce w przypadku ostrego zaparcia.<\/p>\n<ul>\n<li>W 100% naturalny \u2013 bez dodatk\u00f3w<\/li>\n<li>Wegan<\/li>\n<li>Bez glutenu<\/li>\n<li>Bez laktozy<\/li>\n<li>Bez GMO<\/li>\n<li>Wyprodukowane zgodnie z surowymi normami jako\u015bci UE<\/li>\n<\/ul>\n","protected":false},"excerpt":{"rendered":"<p>Mielona ekologiczna m\u0105ka z \u0142uski psyllium lub proszek z \u0142uski psyllium ma wyj\u0105tkowo silne w\u0142a\u015bciwo\u015bci p\u0119czniej\u0105ce. To sprawia, \u017ce produkt ten jest idealnym wsparciem podczas diety lub oczyszczania jelit, a tak\u017ce w przypadku ostrego zaparcia. W 100% naturalny \u2013 bez dodatk\u00f3w Wegan Bez glutenu Bez laktozy Bez GMO Wyprodukowane zgodnie z surowymi normami jako\u015bci UE<\/p>\n","protected":false},"featured_media":40496,"template":"","meta":{"_acf_changed":false},"product_brand":[10207],"product_cat":[560,540,569],"product_tag":[],"class_list":{"0":"post-2430","1":"product","2":"type-product","3":"status-publish","4":"has-post-thumbnail","6":"product_brand-natura-med-pl","7":"product_cat-skladniki-odzywcze","8":"product_cat-organiczny","9":"product_cat-produkty-od-a-z","11":"first","12":"instock","13":"taxable","14":"shipping-taxable","15":"purchasable","16":"product-type-simple"},"acf":[],"_links":{"self":[{"href":"https:\/\/vitalstoffversand.com\/pl\/wp-json\/wp\/v2\/product\/2430","targetHints":{"allow":["GET"]}}],"collection":[{"href":"https:\/\/vitalstoffversand.com\/pl\/wp-json\/wp\/v2\/product"}],"about":[{"href":"https:\/\/vitalstoffversand.com\/pl\/wp-json\/wp\/v2\/types\/product"}],"wp:featuredmedia":[{"embeddable":true,"href":"https:\/\/vitalstoffversand.com\/pl\/wp-json\/wp\/v2\/media\/40496"}],"wp:attachment":[{"href":"https:\/\/vitalstoffversand.com\/pl\/wp-json\/wp\/v2\/media?parent=2430"}],"wp:term":[{"taxonomy":"product_brand","embeddable":true,"href":"https:\/\/vitalstoffversand.com\/pl\/wp-json\/wp\/v2\/product_brand?post=2430"},{"taxonomy":"product_cat","embeddable":true,"href":"https:\/\/vitalstoffversand.com\/pl\/wp-json\/wp\/v2\/product_cat?post=2430"},{"taxonomy":"product_tag","embeddable":true,"href":"https:\/\/vitalstoffversand.com\/pl\/wp-json\/wp\/v2\/product_tag?post=2430"}],"curies":[{"name":"wp","href":"https:\/\/api.w.org\/{rel}","templated":true}]}}