{"id":23865,"date":"2024-11-10T16:34:57","date_gmt":"2024-11-10T15:34:57","guid":{"rendered":"https:\/\/vitalstoffversand.com\/produkt\/vit4ever-d-mannoza-250-g\/"},"modified":"2026-03-14T19:00:33","modified_gmt":"2026-03-14T18:00:33","slug":"vit4ever-d-mannoza-250-g","status":"publish","type":"product","link":"https:\/\/vitalstoffversand.com\/pl\/produkt-pl\/vit4ever-d-mannoza-250-g\/","title":{"rendered":"Vit4ever <br>Proszek D-mannozy \u2013 250 g"},"content":{"rendered":"<p>D-mannoza jest budulcem polisacharyd\u00f3w ro\u015blinnych, kt\u00f3ry ma potencja\u0142 wi\u0105zania si\u0119 z bakteriami.<\/p>\n<p>D-mannoza jest cz\u0119sto stosowana w medycynie ludowej jako alternatywa dla antybiotyk\u00f3w, szczeg\u00f3lnie w leczeniu bakteryjnego zapalenia p\u0119cherza moczowego.<\/p>\n<ul>\n<li>Wegan<\/li>\n<li>Bez glutenu<\/li>\n<li>Bez laktozy<\/li>\n<li>Bez GMO<\/li>\n<li>Wyprodukowane zgodnie z surowymi normami jako\u015bci UE<\/li>\n<\/ul>\n","protected":false},"excerpt":{"rendered":"<p>D-mannoza jest budulcem polisacharyd\u00f3w ro\u015blinnych, kt\u00f3ry ma potencja\u0142 wi\u0105zania si\u0119 z bakteriami. D-mannoza jest cz\u0119sto stosowana w medycynie ludowej jako alternatywa dla antybiotyk\u00f3w, szczeg\u00f3lnie w leczeniu bakteryjnego zapalenia p\u0119cherza moczowego. Wegan Bez glutenu Bez laktozy Bez GMO Wyprodukowane zgodnie z surowymi normami jako\u015bci UE<\/p>\n","protected":false},"featured_media":52240,"template":"","meta":{"_acf_changed":false},"product_brand":[10220],"product_cat":[560,569],"product_tag":[],"class_list":{"0":"post-23865","1":"product","2":"type-product","3":"status-publish","4":"has-post-thumbnail","6":"product_brand-vit4ever-pl","7":"product_cat-skladniki-odzywcze","8":"product_cat-produkty-od-a-z","10":"first","11":"instock","12":"taxable","13":"shipping-taxable","14":"purchasable","15":"product-type-simple"},"acf":[],"_links":{"self":[{"href":"https:\/\/vitalstoffversand.com\/pl\/wp-json\/wp\/v2\/product\/23865","targetHints":{"allow":["GET"]}}],"collection":[{"href":"https:\/\/vitalstoffversand.com\/pl\/wp-json\/wp\/v2\/product"}],"about":[{"href":"https:\/\/vitalstoffversand.com\/pl\/wp-json\/wp\/v2\/types\/product"}],"wp:featuredmedia":[{"embeddable":true,"href":"https:\/\/vitalstoffversand.com\/pl\/wp-json\/wp\/v2\/media\/52240"}],"wp:attachment":[{"href":"https:\/\/vitalstoffversand.com\/pl\/wp-json\/wp\/v2\/media?parent=23865"}],"wp:term":[{"taxonomy":"product_brand","embeddable":true,"href":"https:\/\/vitalstoffversand.com\/pl\/wp-json\/wp\/v2\/product_brand?post=23865"},{"taxonomy":"product_cat","embeddable":true,"href":"https:\/\/vitalstoffversand.com\/pl\/wp-json\/wp\/v2\/product_cat?post=23865"},{"taxonomy":"product_tag","embeddable":true,"href":"https:\/\/vitalstoffversand.com\/pl\/wp-json\/wp\/v2\/product_tag?post=23865"}],"curies":[{"name":"wp","href":"https:\/\/api.w.org\/{rel}","templated":true}]}}