{"id":23661,"date":"2024-11-12T11:02:44","date_gmt":"2024-11-12T10:02:44","guid":{"rendered":"https:\/\/vitalstoffversand.com\/produkt\/gen-rip-burner-180-kapsulek\/"},"modified":"2026-03-11T14:03:42","modified_gmt":"2026-03-11T13:03:42","slug":"gen-rip-burner-180-kapsulek","status":"publish","type":"product","link":"https:\/\/vitalstoffversand.com\/pl\/produkt-pl\/gen-rip-burner-180-kapsulek\/","title":{"rendered":"GEN <br>Rip Burner &#8211; 180 kapsu\u0142ek"},"content":{"rendered":"<p>Wysoce dozowany i naturalny suplement diety zar\u00f3wno dla diet o obni\u017conej kaloryczno\u015bci, jak i jako \u201eprzedtrening\u00f3wka\u201d wspomagaj\u0105ca fazy definiowania.<\/p>\n<p>Z\u0142o\u017cona kombinacja r\u00f3\u017cnych ekstrakt\u00f3w ro\u015blinnych jest odpowiednia zar\u00f3wno dla kobiet, jak i m\u0119\u017cczyzn.<\/p>\n<ul>\n<li>Bez glutenu<\/li>\n<li>Bez laktozy<\/li>\n<li>Bez GMO<\/li>\n<li>Wyprodukowane zgodnie z surowymi normami jako\u015bci UE<\/li>\n<\/ul>\n","protected":false},"excerpt":{"rendered":"<p>Wysoce dozowany i naturalny suplement diety zar\u00f3wno dla diet o obni\u017conej kaloryczno\u015bci, jak i jako \u201eprzedtrening\u00f3wka\u201d wspomagaj\u0105ca fazy definiowania. Z\u0142o\u017cona kombinacja r\u00f3\u017cnych ekstrakt\u00f3w ro\u015blinnych jest odpowiednia zar\u00f3wno dla kobiet, jak i m\u0119\u017cczyzn. Bez glutenu Bez laktozy Bez GMO Wyprodukowane zgodnie z surowymi normami jako\u015bci UE<\/p>\n","protected":false},"featured_media":44020,"template":"","meta":{"_acf_changed":false},"product_brand":[10199],"product_cat":[560,569],"product_tag":[],"class_list":{"0":"post-23661","1":"product","2":"type-product","3":"status-publish","4":"has-post-thumbnail","6":"product_brand-gen-german-elite-nutrition-pl","7":"product_cat-skladniki-odzywcze","8":"product_cat-produkty-od-a-z","10":"first","11":"instock","12":"taxable","13":"shipping-taxable","14":"purchasable","15":"product-type-simple"},"acf":[],"_links":{"self":[{"href":"https:\/\/vitalstoffversand.com\/pl\/wp-json\/wp\/v2\/product\/23661","targetHints":{"allow":["GET"]}}],"collection":[{"href":"https:\/\/vitalstoffversand.com\/pl\/wp-json\/wp\/v2\/product"}],"about":[{"href":"https:\/\/vitalstoffversand.com\/pl\/wp-json\/wp\/v2\/types\/product"}],"wp:featuredmedia":[{"embeddable":true,"href":"https:\/\/vitalstoffversand.com\/pl\/wp-json\/wp\/v2\/media\/44020"}],"wp:attachment":[{"href":"https:\/\/vitalstoffversand.com\/pl\/wp-json\/wp\/v2\/media?parent=23661"}],"wp:term":[{"taxonomy":"product_brand","embeddable":true,"href":"https:\/\/vitalstoffversand.com\/pl\/wp-json\/wp\/v2\/product_brand?post=23661"},{"taxonomy":"product_cat","embeddable":true,"href":"https:\/\/vitalstoffversand.com\/pl\/wp-json\/wp\/v2\/product_cat?post=23661"},{"taxonomy":"product_tag","embeddable":true,"href":"https:\/\/vitalstoffversand.com\/pl\/wp-json\/wp\/v2\/product_tag?post=23661"}],"curies":[{"name":"wp","href":"https:\/\/api.w.org\/{rel}","templated":true}]}}